{"id":90691,"date":"2019-09-06T09:47:10","date_gmt":"2019-09-06T09:47:10","guid":{"rendered":"https:\/\/www.czechdoor.cz\/modern-f-und-fr\/"},"modified":"2022-01-27T15:15:41","modified_gmt":"2022-01-27T15:15:41","slug":"modern-f","status":"publish","type":"page","link":"https:\/\/www.czechdoor.cz\/de\/modern-f\/","title":{"rendered":"Modern (F)"},"content":{"rendered":"\t\t<div data-elementor-type=\"wp-post\" data-elementor-id=\"90691\" class=\"elementor elementor-90691 elementor-90030\" data-elementor-post-type=\"page\">\n\t\t\t\t\t\t<section class=\"elementor-section elementor-top-section elementor-element elementor-element-4140dfc2 elementor-section-boxed elementor-section-height-default elementor-section-height-default\" data-id=\"4140dfc2\" data-element_type=\"section\">\n\t\t\t\t\t\t<div class=\"elementor-container elementor-column-gap-default\">\n\t\t\t\t\t<div class=\"elementor-column elementor-col-100 elementor-top-column elementor-element elementor-element-4bc0ee04\" data-id=\"4bc0ee04\" data-element_type=\"column\">\n\t\t\t<div class=\"elementor-widget-wrap elementor-element-populated\">\n\t\t\t\t\t\t<div class=\"elementor-element elementor-element-636bf50c elementor-widget elementor-widget-woocommerce-breadcrumb\" data-id=\"636bf50c\" data-element_type=\"widget\" data-widget_type=\"woocommerce-breadcrumb.default\">\n\t\t\t\t<div class=\"elementor-widget-container\">\n\t\t\t<nav class=\"woocommerce-breadcrumb\" aria-label=\"Breadcrumb\">Startseite<\/nav>\t\t<\/div>\n\t\t\t\t<\/div>\n\t\t\t\t\t<\/div>\n\t\t<\/div>\n\t\t\t\t\t<\/div>\n\t\t<\/section>\n\t\t\t\t<section class=\"elementor-section elementor-top-section elementor-element elementor-element-3c8dae6d elementor-section-boxed elementor-section-height-default elementor-section-height-default\" data-id=\"3c8dae6d\" data-element_type=\"section\" data-settings=\"{&quot;background_background&quot;:&quot;classic&quot;}\">\n\t\t\t\t\t\t<div class=\"elementor-container elementor-column-gap-default\">\n\t\t\t\t\t<div class=\"elementor-column elementor-col-100 elementor-top-column elementor-element elementor-element-3098186a\" data-id=\"3098186a\" data-element_type=\"column\">\n\t\t\t<div class=\"elementor-widget-wrap elementor-element-populated\">\n\t\t\t\t\t\t<div class=\"elementor-element elementor-element-62232687 elementor-widget elementor-widget-heading\" data-id=\"62232687\" data-element_type=\"widget\" data-widget_type=\"heading.default\">\n\t\t\t\t<div class=\"elementor-widget-container\">\n\t\t\t<h2 class=\"elementor-heading-title elementor-size-default\">Modern (F)<\/h2>\t\t<\/div>\n\t\t\t\t<\/div>\n\t\t\t\t\t<\/div>\n\t\t<\/div>\n\t\t\t\t\t<\/div>\n\t\t<\/section>\n\t\t\t\t<section class=\"elementor-section elementor-top-section elementor-element elementor-element-1c8db5dd elementor-section-boxed elementor-section-height-default elementor-section-height-default\" data-id=\"1c8db5dd\" data-element_type=\"section\">\n\t\t\t\t\t\t<div class=\"elementor-container elementor-column-gap-default\">\n\t\t\t\t\t<div class=\"elementor-column elementor-col-33 elementor-top-column elementor-element elementor-element-2fb60b42 elementor-invisible\" data-id=\"2fb60b42\" data-element_type=\"column\" data-settings=\"{&quot;animation&quot;:&quot;fadeIn&quot;}\">\n\t\t\t<div class=\"elementor-widget-wrap elementor-element-populated\">\n\t\t\t\t\t\t<div class=\"elementor-element elementor-element-71416788 elementor-widget elementor-widget-image\" data-id=\"71416788\" data-element_type=\"widget\" data-widget_type=\"image.default\">\n\t\t\t\t<div class=\"elementor-widget-container\">\n\t\t\t\t\t\t\t\t\t\t\t\t\t<img fetchpriority=\"high\" decoding=\"async\" width=\"613\" height=\"500\" src=\"https:\/\/www.czechdoor.cz\/wp-content\/uploads\/2019\/05\/2FH_m.jpg\" class=\"attachment-full size-full wp-image-89404\" alt=\"\" \/>\t\t\t\t\t\t\t\t\t\t\t\t\t<\/div>\n\t\t\t\t<\/div>\n\t\t\t\t<div class=\"elementor-element elementor-element-66edc8c9 elementor-widget elementor-widget-heading\" data-id=\"66edc8c9\" data-element_type=\"widget\" data-widget_type=\"heading.default\">\n\t\t\t\t<div class=\"elementor-widget-container\">\n\t\t\t<h2 class=\"elementor-heading-title elementor-size-default\">Modern (F) ohne Glas<\/h2>\t\t<\/div>\n\t\t\t\t<\/div>\n\t\t\t\t\t<\/div>\n\t\t<\/div>\n\t\t\t\t<div class=\"elementor-column elementor-col-33 elementor-top-column elementor-element elementor-element-447d3abb elementor-invisible\" data-id=\"447d3abb\" data-element_type=\"column\" data-settings=\"{&quot;animation&quot;:&quot;fadeIn&quot;}\">\n\t\t\t<div class=\"elementor-widget-wrap elementor-element-populated\">\n\t\t\t\t\t\t<div class=\"elementor-element elementor-element-932ab5e elementor-widget elementor-widget-image\" data-id=\"932ab5e\" data-element_type=\"widget\" data-widget_type=\"image.default\">\n\t\t\t\t<div class=\"elementor-widget-container\">\n\t\t\t\t\t\t\t\t\t\t\t\t\t<img decoding=\"async\" width=\"613\" height=\"500\" src=\"https:\/\/www.czechdoor.cz\/wp-content\/uploads\/2019\/05\/2FH-LA2_m-e1558006504843.jpg\" class=\"attachment-full size-full wp-image-89824\" alt=\"\" \/>\t\t\t\t\t\t\t\t\t\t\t\t\t<\/div>\n\t\t\t\t<\/div>\n\t\t\t\t<div class=\"elementor-element elementor-element-54bec504 elementor-widget elementor-widget-heading\" data-id=\"54bec504\" data-element_type=\"widget\" data-widget_type=\"heading.default\">\n\t\t\t\t<div class=\"elementor-widget-container\">\n\t\t\t<h2 class=\"elementor-heading-title elementor-size-default\">Modern (F) mit Glas<\/h2>\t\t<\/div>\n\t\t\t\t<\/div>\n\t\t\t\t\t<\/div>\n\t\t<\/div>\n\t\t\t\t<div class=\"elementor-column elementor-col-33 elementor-top-column elementor-element elementor-element-70284241 elementor-invisible\" data-id=\"70284241\" data-element_type=\"column\" data-settings=\"{&quot;animation&quot;:&quot;fadeIn&quot;}\">\n\t\t\t<div class=\"elementor-widget-wrap elementor-element-populated\">\n\t\t\t\t\t\t<div class=\"elementor-element elementor-element-74fb18c9 elementor-widget elementor-widget-image\" data-id=\"74fb18c9\" data-element_type=\"widget\" data-widget_type=\"image.default\">\n\t\t\t\t<div class=\"elementor-widget-container\">\n\t\t\t\t\t\t\t\t\t\t\t\t\t<img decoding=\"async\" width=\"613\" height=\"500\" src=\"https:\/\/www.czechdoor.cz\/wp-content\/uploads\/2019\/05\/F4-LA4-m.jpg\" class=\"attachment-full size-full wp-image-89834\" alt=\"\" \/>\t\t\t\t\t\t\t\t\t\t\t\t\t<\/div>\n\t\t\t\t<\/div>\n\t\t\t\t<div class=\"elementor-element elementor-element-6362afe9 elementor-widget elementor-widget-heading\" data-id=\"6362afe9\" data-element_type=\"widget\" data-widget_type=\"heading.default\">\n\t\t\t\t<div class=\"elementor-widget-container\">\n\t\t\t<h2 class=\"elementor-heading-title elementor-size-default\">Modern (F) mit bodenlangem Glaseinsatz<\/h2>\t\t<\/div>\n\t\t\t\t<\/div>\n\t\t\t\t\t<\/div>\n\t\t<\/div>\n\t\t\t\t\t<\/div>\n\t\t<\/section>\n\t\t\t\t<section class=\"elementor-section elementor-top-section elementor-element elementor-element-3054a08e elementor-section-boxed elementor-section-height-default elementor-section-height-default\" data-id=\"3054a08e\" data-element_type=\"section\">\n\t\t\t\t\t\t<div class=\"elementor-container elementor-column-gap-default\">\n\t\t\t\t\t<div class=\"elementor-column elementor-col-100 elementor-top-column elementor-element elementor-element-77195060\" data-id=\"77195060\" data-element_type=\"column\">\n\t\t\t<div class=\"elementor-widget-wrap elementor-element-populated\">\n\t\t\t\t\t\t<div class=\"elementor-element elementor-element-4a27f438 elementor-widget elementor-widget-text-editor\" data-id=\"4a27f438\" data-element_type=\"widget\" data-widget_type=\"text-editor.default\">\n\t\t\t\t<div class=\"elementor-widget-container\">\n\t\t\t\t\t\t\t<p><strong>Die T\u00fcren der Serie \u201eF\u201c<\/strong><strong> verfeinern jede moderne Inneneinrichtung. Flache Fronten, schlicht gehaltene T\u00fcrprofile und Holzsprossen tragen zum Wiedererkennungswert dieser Serie bei. Die T\u00fcren stehen in einer breiten Auswahl zur Verf\u00fcgung.<\/strong><\/p>\t\t\t\t\t\t<\/div>\n\t\t\t\t<\/div>\n\t\t\t\t<div class=\"elementor-element elementor-element-25bd8fd0 elementor-widget-divider--view-line elementor-invisible elementor-widget elementor-widget-divider\" data-id=\"25bd8fd0\" data-element_type=\"widget\" data-settings=\"{&quot;_animation&quot;:&quot;zoomIn&quot;}\" data-widget_type=\"divider.default\">\n\t\t\t\t<div class=\"elementor-widget-container\">\n\t\t\t\t\t<div class=\"elementor-divider\">\n\t\t\t<span class=\"elementor-divider-separator\">\n\t\t\t\t\t\t<\/span>\n\t\t<\/div>\n\t\t\t\t<\/div>\n\t\t\t\t<\/div>\n\t\t\t\t\t<\/div>\n\t\t<\/div>\n\t\t\t\t\t<\/div>\n\t\t<\/section>\n\t\t\t\t<section class=\"elementor-section elementor-top-section elementor-element elementor-element-14605edb elementor-section-boxed elementor-section-height-default elementor-section-height-default\" data-id=\"14605edb\" data-element_type=\"section\">\n\t\t\t\t\t\t<div class=\"elementor-container elementor-column-gap-default\">\n\t\t\t\t\t<div class=\"elementor-column elementor-col-50 elementor-top-column elementor-element elementor-element-364a774e\" data-id=\"364a774e\" data-element_type=\"column\">\n\t\t\t<div class=\"elementor-widget-wrap elementor-element-populated\">\n\t\t\t\t\t\t<div class=\"elementor-element elementor-element-5788c0fd elementor-widget elementor-widget-heading\" data-id=\"5788c0fd\" data-element_type=\"widget\" data-widget_type=\"heading.default\">\n\t\t\t\t<div class=\"elementor-widget-container\">\n\t\t\t<h2 class=\"elementor-heading-title elementor-size-default\">MATERIAL<\/h2>\t\t<\/div>\n\t\t\t\t<\/div>\n\t\t\t\t<div class=\"elementor-element elementor-element-27ef3a8e elementor-widget elementor-widget-text-editor\" data-id=\"27ef3a8e\" data-element_type=\"widget\" data-widget_type=\"text-editor.default\">\n\t\t\t\t<div class=\"elementor-widget-container\">\n\t\t\t\t\t\t\t<p>Eiche astfrei, Eiche astig, Fichte astfrei, Fichte astig, L\u00e4rche, Kiefer astig, Kiefer astfrei, Erle, Buche, Ahorn.<\/p>\n\t\t\t\t\t\t<\/div>\n\t\t\t\t<\/div>\n\t\t\t\t<div class=\"elementor-element elementor-element-5734d40c elementor-widget elementor-widget-heading\" data-id=\"5734d40c\" data-element_type=\"widget\" data-widget_type=\"heading.default\">\n\t\t\t\t<div class=\"elementor-widget-container\">\n\t\t\t<h2 class=\"elementor-heading-title elementor-size-default\">Oberfl\u00e4chenbearbeitung<\/h2>\t\t<\/div>\n\t\t\t\t<\/div>\n\t\t\t\t<div class=\"elementor-element elementor-element-2da5b729 elementor-widget elementor-widget-text-editor\" data-id=\"2da5b729\" data-element_type=\"widget\" data-widget_type=\"text-editor.default\">\n\t\t\t\t<div class=\"elementor-widget-container\">\n\t\t\t\t\t\t\t<p><span lang=\"de\">Die Oberfl\u00e4che unserer Produkte kann glatt oder geb\u00fcrstet sein\u00a0<\/span><span lang=\"de\">Grundarten der Oberfl\u00e4chenbehandlung: Lack Transparent, Lack Exklusiv, Wei\u00dfpigmentlack 1,25%, Wei\u00dfpigmentlack Extra, farbloses Wachs, Paraffin\u00f6l, Wei\u00dflack RAL 9010 und RAL 9016, verschiedene Beizen nach Kundenwunsch.<\/span><\/p>\t\t\t\t\t\t<\/div>\n\t\t\t\t<\/div>\n\t\t\t\t\t<\/div>\n\t\t<\/div>\n\t\t\t\t<div class=\"elementor-column elementor-col-50 elementor-top-column elementor-element elementor-element-60fbbd68\" data-id=\"60fbbd68\" data-element_type=\"column\">\n\t\t\t<div class=\"elementor-widget-wrap elementor-element-populated\">\n\t\t\t\t\t\t<div class=\"elementor-element elementor-element-1875753a elementor-widget elementor-widget-image\" data-id=\"1875753a\" data-element_type=\"widget\" data-widget_type=\"image.default\">\n\t\t\t\t<div class=\"elementor-widget-container\">\n\t\t\t\t\t\t\t\t\t\t\t\t\t<img loading=\"lazy\" decoding=\"async\" width=\"700\" height=\"971\" src=\"https:\/\/www.czechdoor.cz\/wp-content\/uploads\/2019\/08\/F-a-FR.png\" class=\"attachment-full size-full wp-image-90031\" alt=\"\" \/>\t\t\t\t\t\t\t\t\t\t\t\t\t<\/div>\n\t\t\t\t<\/div>\n\t\t\t\t\t<\/div>\n\t\t<\/div>\n\t\t\t\t\t<\/div>\n\t\t<\/section>\n\t\t\t\t<\/div>\n\t\t","protected":false},"excerpt":{"rendered":"<p>Modern (F) Modern (F) ohne Glas Modern (F) mit Glas Modern (F) mit bodenlangem Glaseinsatz Die T\u00fcren der Serie \u201eF\u201c verfeinern jede moderne Inneneinrichtung. Flache Fronten, schlicht gehaltene T\u00fcrprofile und Holzsprossen tragen zum Wiedererkennungswert dieser Serie bei. Die T\u00fcren stehen in einer breiten Auswahl zur Verf\u00fcgung. MATERIAL Eiche astfrei, Eiche astig, Fichte astfrei, Fichte astig, [&hellip;]<\/p>\n","protected":false},"author":1,"featured_media":0,"parent":0,"menu_order":0,"comment_status":"closed","ping_status":"closed","template":"","meta":{"footnotes":""},"class_list":["post-90691","page","type-page","status-publish","hentry"],"yoast_head":"<!-- This site is optimized with the Yoast SEO plugin v23.4 - https:\/\/yoast.com\/wordpress\/plugins\/seo\/ -->\n<title>Modern (F) - Innent\u00fcren aus Massivholz<\/title>\n<meta name=\"robots\" content=\"index, follow, max-snippet:-1, max-image-preview:large, max-video-preview:-1\" \/>\n<link rel=\"canonical\" href=\"http:\/\/www.czechdoor.cz\/de\/modern-f\/\" \/>\n<meta property=\"og:locale\" content=\"de_DE\" \/>\n<meta property=\"og:type\" content=\"article\" \/>\n<meta property=\"og:title\" content=\"Modern (F) - Innent\u00fcren aus Massivholz\" \/>\n<meta property=\"og:description\" content=\"Modern (F) Modern (F) ohne Glas Modern (F) mit Glas Modern (F) mit bodenlangem Glaseinsatz Die T\u00fcren der Serie \u201eF\u201c verfeinern jede moderne Inneneinrichtung. Flache Fronten, schlicht gehaltene T\u00fcrprofile und Holzsprossen tragen zum Wiedererkennungswert dieser Serie bei. Die T\u00fcren stehen in einer breiten Auswahl zur Verf\u00fcgung. MATERIAL Eiche astfrei, Eiche astig, Fichte astfrei, Fichte astig, [&hellip;]\" \/>\n<meta property=\"og:url\" content=\"http:\/\/www.czechdoor.cz\/de\/modern-f\/\" \/>\n<meta property=\"og:site_name\" content=\"Innent\u00fcren aus Massivholz\" \/>\n<meta property=\"article:modified_time\" content=\"2022-01-27T15:15:41+00:00\" \/>\n<meta property=\"og:image\" content=\"https:\/\/www.czechdoor.cz\/wp-content\/uploads\/2019\/05\/2FH_m.jpg\" \/>\n<meta name=\"twitter:card\" content=\"summary_large_image\" \/>\n<meta name=\"twitter:label1\" content=\"Gesch\u00e4tzte Lesezeit\" \/>\n\t<meta name=\"twitter:data1\" content=\"1\u00a0Minute\" \/>\n<script type=\"application\/ld+json\" class=\"yoast-schema-graph\">{\"@context\":\"https:\/\/schema.org\",\"@graph\":[{\"@type\":\"WebPage\",\"@id\":\"http:\/\/www.czechdoor.cz\/de\/modern-f\/\",\"url\":\"http:\/\/www.czechdoor.cz\/de\/modern-f\/\",\"name\":\"Modern (F) - Innent\u00fcren aus Massivholz\",\"isPartOf\":{\"@id\":\"https:\/\/www.czechdoor.cz\/cs\/#website\"},\"primaryImageOfPage\":{\"@id\":\"http:\/\/www.czechdoor.cz\/de\/modern-f\/#primaryimage\"},\"image\":{\"@id\":\"http:\/\/www.czechdoor.cz\/de\/modern-f\/#primaryimage\"},\"thumbnailUrl\":\"https:\/\/www.czechdoor.cz\/wp-content\/uploads\/2019\/05\/2FH_m.jpg\",\"datePublished\":\"2019-09-06T09:47:10+00:00\",\"dateModified\":\"2022-01-27T15:15:41+00:00\",\"breadcrumb\":{\"@id\":\"http:\/\/www.czechdoor.cz\/de\/modern-f\/#breadcrumb\"},\"inLanguage\":\"de\",\"potentialAction\":[{\"@type\":\"ReadAction\",\"target\":[\"http:\/\/www.czechdoor.cz\/de\/modern-f\/\"]}]},{\"@type\":\"ImageObject\",\"inLanguage\":\"de\",\"@id\":\"http:\/\/www.czechdoor.cz\/de\/modern-f\/#primaryimage\",\"url\":\"https:\/\/www.czechdoor.cz\/wp-content\/uploads\/2019\/05\/2FH_m.jpg\",\"contentUrl\":\"https:\/\/www.czechdoor.cz\/wp-content\/uploads\/2019\/05\/2FH_m.jpg\"},{\"@type\":\"BreadcrumbList\",\"@id\":\"http:\/\/www.czechdoor.cz\/de\/modern-f\/#breadcrumb\",\"itemListElement\":[{\"@type\":\"ListItem\",\"position\":1,\"name\":\"\u0413\u043b\u0430\u0432\u043d\u0430\u044f \u0441\u0442\u0440\u0430\u043d\u0438\u0446\u0430\",\"item\":\"https:\/\/www.czechdoor.cz\/de\/\"},{\"@type\":\"ListItem\",\"position\":2,\"name\":\"Modern (F)\"}]},{\"@type\":\"WebSite\",\"@id\":\"https:\/\/www.czechdoor.cz\/cs\/#website\",\"url\":\"https:\/\/www.czechdoor.cz\/cs\/\",\"name\":\"Innent\u00fcren aus Massivholz\",\"description\":\"Seit 28 Jahren stellt unser Betrieb T\u00fcren und Zargen aus Massivholz her.\",\"publisher\":{\"@id\":\"https:\/\/www.czechdoor.cz\/cs\/#organization\"},\"potentialAction\":[{\"@type\":\"SearchAction\",\"target\":{\"@type\":\"EntryPoint\",\"urlTemplate\":\"https:\/\/www.czechdoor.cz\/cs\/?s={search_term_string}\"},\"query-input\":{\"@type\":\"PropertyValueSpecification\",\"valueRequired\":true,\"valueName\":\"search_term_string\"}}],\"inLanguage\":\"de\"},{\"@type\":\"Organization\",\"@id\":\"https:\/\/www.czechdoor.cz\/cs\/#organization\",\"name\":\"CzechDoor. Interi\u00e9rov\u00e9 dve\u0159e z masivu\",\"url\":\"https:\/\/www.czechdoor.cz\/cs\/\",\"logo\":{\"@type\":\"ImageObject\",\"inLanguage\":\"de\",\"@id\":\"https:\/\/www.czechdoor.cz\/cs\/#\/schema\/logo\/image\/\",\"url\":\"https:\/\/www.czechdoor.cz\/wp-content\/uploads\/logo-czechdoor-ru.png\",\"contentUrl\":\"https:\/\/www.czechdoor.cz\/wp-content\/uploads\/logo-czechdoor-ru.png\",\"width\":550,\"height\":162,\"caption\":\"CzechDoor. Interi\u00e9rov\u00e9 dve\u0159e z masivu\"},\"image\":{\"@id\":\"https:\/\/www.czechdoor.cz\/cs\/#\/schema\/logo\/image\/\"}}]}<\/script>\n<!-- \/ Yoast SEO plugin. -->","yoast_head_json":{"title":"Modern (F) - Innent\u00fcren aus Massivholz","robots":{"index":"index","follow":"follow","max-snippet":"max-snippet:-1","max-image-preview":"max-image-preview:large","max-video-preview":"max-video-preview:-1"},"canonical":"http:\/\/www.czechdoor.cz\/de\/modern-f\/","og_locale":"de_DE","og_type":"article","og_title":"Modern (F) - Innent\u00fcren aus Massivholz","og_description":"Modern (F) Modern (F) ohne Glas Modern (F) mit Glas Modern (F) mit bodenlangem Glaseinsatz Die T\u00fcren der Serie \u201eF\u201c verfeinern jede moderne Inneneinrichtung. Flache Fronten, schlicht gehaltene T\u00fcrprofile und Holzsprossen tragen zum Wiedererkennungswert dieser Serie bei. Die T\u00fcren stehen in einer breiten Auswahl zur Verf\u00fcgung. MATERIAL Eiche astfrei, Eiche astig, Fichte astfrei, Fichte astig, [&hellip;]","og_url":"http:\/\/www.czechdoor.cz\/de\/modern-f\/","og_site_name":"Innent\u00fcren aus Massivholz","article_modified_time":"2022-01-27T15:15:41+00:00","og_image":[{"url":"https:\/\/www.czechdoor.cz\/wp-content\/uploads\/2019\/05\/2FH_m.jpg"}],"twitter_card":"summary_large_image","twitter_misc":{"Gesch\u00e4tzte Lesezeit":"1\u00a0Minute"},"schema":{"@context":"https:\/\/schema.org","@graph":[{"@type":"WebPage","@id":"http:\/\/www.czechdoor.cz\/de\/modern-f\/","url":"http:\/\/www.czechdoor.cz\/de\/modern-f\/","name":"Modern (F) - Innent\u00fcren aus Massivholz","isPartOf":{"@id":"https:\/\/www.czechdoor.cz\/cs\/#website"},"primaryImageOfPage":{"@id":"http:\/\/www.czechdoor.cz\/de\/modern-f\/#primaryimage"},"image":{"@id":"http:\/\/www.czechdoor.cz\/de\/modern-f\/#primaryimage"},"thumbnailUrl":"https:\/\/www.czechdoor.cz\/wp-content\/uploads\/2019\/05\/2FH_m.jpg","datePublished":"2019-09-06T09:47:10+00:00","dateModified":"2022-01-27T15:15:41+00:00","breadcrumb":{"@id":"http:\/\/www.czechdoor.cz\/de\/modern-f\/#breadcrumb"},"inLanguage":"de","potentialAction":[{"@type":"ReadAction","target":["http:\/\/www.czechdoor.cz\/de\/modern-f\/"]}]},{"@type":"ImageObject","inLanguage":"de","@id":"http:\/\/www.czechdoor.cz\/de\/modern-f\/#primaryimage","url":"https:\/\/www.czechdoor.cz\/wp-content\/uploads\/2019\/05\/2FH_m.jpg","contentUrl":"https:\/\/www.czechdoor.cz\/wp-content\/uploads\/2019\/05\/2FH_m.jpg"},{"@type":"BreadcrumbList","@id":"http:\/\/www.czechdoor.cz\/de\/modern-f\/#breadcrumb","itemListElement":[{"@type":"ListItem","position":1,"name":"\u0413\u043b\u0430\u0432\u043d\u0430\u044f \u0441\u0442\u0440\u0430\u043d\u0438\u0446\u0430","item":"https:\/\/www.czechdoor.cz\/de\/"},{"@type":"ListItem","position":2,"name":"Modern (F)"}]},{"@type":"WebSite","@id":"https:\/\/www.czechdoor.cz\/cs\/#website","url":"https:\/\/www.czechdoor.cz\/cs\/","name":"Innent\u00fcren aus Massivholz","description":"Seit 28 Jahren stellt unser Betrieb T\u00fcren und Zargen aus Massivholz her.","publisher":{"@id":"https:\/\/www.czechdoor.cz\/cs\/#organization"},"potentialAction":[{"@type":"SearchAction","target":{"@type":"EntryPoint","urlTemplate":"https:\/\/www.czechdoor.cz\/cs\/?s={search_term_string}"},"query-input":{"@type":"PropertyValueSpecification","valueRequired":true,"valueName":"search_term_string"}}],"inLanguage":"de"},{"@type":"Organization","@id":"https:\/\/www.czechdoor.cz\/cs\/#organization","name":"CzechDoor. Interi\u00e9rov\u00e9 dve\u0159e z masivu","url":"https:\/\/www.czechdoor.cz\/cs\/","logo":{"@type":"ImageObject","inLanguage":"de","@id":"https:\/\/www.czechdoor.cz\/cs\/#\/schema\/logo\/image\/","url":"https:\/\/www.czechdoor.cz\/wp-content\/uploads\/logo-czechdoor-ru.png","contentUrl":"https:\/\/www.czechdoor.cz\/wp-content\/uploads\/logo-czechdoor-ru.png","width":550,"height":162,"caption":"CzechDoor. Interi\u00e9rov\u00e9 dve\u0159e z masivu"},"image":{"@id":"https:\/\/www.czechdoor.cz\/cs\/#\/schema\/logo\/image\/"}}]}},"_links":{"self":[{"href":"https:\/\/www.czechdoor.cz\/de\/wp-json\/wp\/v2\/pages\/90691","targetHints":{"allow":["GET"]}}],"collection":[{"href":"https:\/\/www.czechdoor.cz\/de\/wp-json\/wp\/v2\/pages"}],"about":[{"href":"https:\/\/www.czechdoor.cz\/de\/wp-json\/wp\/v2\/types\/page"}],"author":[{"embeddable":true,"href":"https:\/\/www.czechdoor.cz\/de\/wp-json\/wp\/v2\/users\/1"}],"replies":[{"embeddable":true,"href":"https:\/\/www.czechdoor.cz\/de\/wp-json\/wp\/v2\/comments?post=90691"}],"version-history":[{"count":13,"href":"https:\/\/www.czechdoor.cz\/de\/wp-json\/wp\/v2\/pages\/90691\/revisions"}],"predecessor-version":[{"id":123388,"href":"https:\/\/www.czechdoor.cz\/de\/wp-json\/wp\/v2\/pages\/90691\/revisions\/123388"}],"wp:attachment":[{"href":"https:\/\/www.czechdoor.cz\/de\/wp-json\/wp\/v2\/media?parent=90691"}],"curies":[{"name":"wp","href":"https:\/\/api.w.org\/{rel}","templated":true}]}}