{"id":90688,"date":"2019-09-06T09:46:41","date_gmt":"2019-09-06T09:46:41","guid":{"rendered":"https:\/\/www.czechdoor.cz\/luxus-g-und-gfg\/"},"modified":"2022-01-27T15:16:09","modified_gmt":"2022-01-27T15:16:09","slug":"luxus-g-und-gfg","status":"publish","type":"page","link":"https:\/\/www.czechdoor.cz\/de\/luxus-g-und-gfg\/","title":{"rendered":"Luxus (G und GFG)"},"content":{"rendered":"\t\t<div data-elementor-type=\"wp-post\" data-elementor-id=\"90688\" class=\"elementor elementor-90688 elementor-89897\" data-elementor-post-type=\"page\">\n\t\t\t\t\t\t<section class=\"elementor-section elementor-top-section elementor-element elementor-element-4ae4566b elementor-section-boxed elementor-section-height-default elementor-section-height-default\" data-id=\"4ae4566b\" data-element_type=\"section\">\n\t\t\t\t\t\t<div class=\"elementor-container elementor-column-gap-default\">\n\t\t\t\t\t<div class=\"elementor-column elementor-col-100 elementor-top-column elementor-element elementor-element-57b7f607\" data-id=\"57b7f607\" data-element_type=\"column\">\n\t\t\t<div class=\"elementor-widget-wrap elementor-element-populated\">\n\t\t\t\t\t\t<div class=\"elementor-element elementor-element-336db2f5 elementor-widget elementor-widget-woocommerce-breadcrumb\" data-id=\"336db2f5\" data-element_type=\"widget\" data-widget_type=\"woocommerce-breadcrumb.default\">\n\t\t\t\t<div class=\"elementor-widget-container\">\n\t\t\t<nav class=\"woocommerce-breadcrumb\" aria-label=\"Breadcrumb\">Startseite<\/nav>\t\t<\/div>\n\t\t\t\t<\/div>\n\t\t\t\t\t<\/div>\n\t\t<\/div>\n\t\t\t\t\t<\/div>\n\t\t<\/section>\n\t\t\t\t<section class=\"elementor-section elementor-top-section elementor-element elementor-element-79e43880 elementor-section-boxed elementor-section-height-default elementor-section-height-default\" data-id=\"79e43880\" data-element_type=\"section\" data-settings=\"{&quot;background_background&quot;:&quot;classic&quot;}\">\n\t\t\t\t\t\t<div class=\"elementor-container elementor-column-gap-default\">\n\t\t\t\t\t<div class=\"elementor-column elementor-col-100 elementor-top-column elementor-element elementor-element-3e4dbb8c\" data-id=\"3e4dbb8c\" data-element_type=\"column\">\n\t\t\t<div class=\"elementor-widget-wrap elementor-element-populated\">\n\t\t\t\t\t\t<div class=\"elementor-element elementor-element-2c8d5d7d elementor-widget elementor-widget-heading\" data-id=\"2c8d5d7d\" data-element_type=\"widget\" data-widget_type=\"heading.default\">\n\t\t\t\t<div class=\"elementor-widget-container\">\n\t\t\t<h2 class=\"elementor-heading-title elementor-size-default\">Luxus (G und GFG)<\/h2>\t\t<\/div>\n\t\t\t\t<\/div>\n\t\t\t\t\t<\/div>\n\t\t<\/div>\n\t\t\t\t\t<\/div>\n\t\t<\/section>\n\t\t\t\t<section class=\"elementor-section elementor-top-section elementor-element elementor-element-1f60d1e elementor-section-boxed elementor-section-height-default elementor-section-height-default\" data-id=\"1f60d1e\" data-element_type=\"section\">\n\t\t\t\t\t\t<div class=\"elementor-container elementor-column-gap-default\">\n\t\t\t\t\t<div class=\"elementor-column elementor-col-33 elementor-top-column elementor-element elementor-element-f70e3b0 elementor-invisible\" data-id=\"f70e3b0\" data-element_type=\"column\" data-settings=\"{&quot;animation&quot;:&quot;fadeIn&quot;}\">\n\t\t\t<div class=\"elementor-widget-wrap elementor-element-populated\">\n\t\t\t\t\t\t<div class=\"elementor-element elementor-element-bc0be8a elementor-widget elementor-widget-image\" data-id=\"bc0be8a\" data-element_type=\"widget\" data-widget_type=\"image.default\">\n\t\t\t\t<div class=\"elementor-widget-container\">\n\t\t\t\t\t\t\t\t\t\t\t\t\t<img fetchpriority=\"high\" decoding=\"async\" width=\"613\" height=\"500\" src=\"https:\/\/www.czechdoor.cz\/wp-content\/uploads\/2019\/06\/GFw__m.jpg\" class=\"attachment-full size-full wp-image-89820\" alt=\"\" \/>\t\t\t\t\t\t\t\t\t\t\t\t\t<\/div>\n\t\t\t\t<\/div>\n\t\t\t\t<div class=\"elementor-element elementor-element-5c68962 elementor-widget elementor-widget-heading\" data-id=\"5c68962\" data-element_type=\"widget\" data-widget_type=\"heading.default\">\n\t\t\t\t<div class=\"elementor-widget-container\">\n\t\t\t<h2 class=\"elementor-heading-title elementor-size-default\">Luxus (G und GFG) ohne Glas<\/h2>\t\t<\/div>\n\t\t\t\t<\/div>\n\t\t\t\t\t<\/div>\n\t\t<\/div>\n\t\t\t\t<div class=\"elementor-column elementor-col-33 elementor-top-column elementor-element elementor-element-bf4f15d elementor-invisible\" data-id=\"bf4f15d\" data-element_type=\"column\" data-settings=\"{&quot;animation&quot;:&quot;fadeIn&quot;}\">\n\t\t\t<div class=\"elementor-widget-wrap elementor-element-populated\">\n\t\t\t\t\t\t<div class=\"elementor-element elementor-element-3c4ff44 elementor-widget elementor-widget-image\" data-id=\"3c4ff44\" data-element_type=\"widget\" data-widget_type=\"image.default\">\n\t\t\t\t<div class=\"elementor-widget-container\">\n\t\t\t\t\t\t\t\t\t\t\t\t\t<img decoding=\"async\" width=\"613\" height=\"500\" src=\"https:\/\/www.czechdoor.cz\/wp-content\/uploads\/2019\/06\/GFw-D-LA5-m-b.jpg\" class=\"attachment-full size-full wp-image-89809\" alt=\"\" \/>\t\t\t\t\t\t\t\t\t\t\t\t\t<\/div>\n\t\t\t\t<\/div>\n\t\t\t\t<div class=\"elementor-element elementor-element-d0752aa elementor-widget elementor-widget-heading\" data-id=\"d0752aa\" data-element_type=\"widget\" data-widget_type=\"heading.default\">\n\t\t\t\t<div class=\"elementor-widget-container\">\n\t\t\t<h2 class=\"elementor-heading-title elementor-size-default\">Luxus (G und GFG) mit Glas<\/h2>\t\t<\/div>\n\t\t\t\t<\/div>\n\t\t\t\t\t<\/div>\n\t\t<\/div>\n\t\t\t\t<div class=\"elementor-column elementor-col-33 elementor-top-column elementor-element elementor-element-e6cd0af elementor-invisible\" data-id=\"e6cd0af\" data-element_type=\"column\" data-settings=\"{&quot;animation&quot;:&quot;fadeIn&quot;}\">\n\t\t\t<div class=\"elementor-widget-wrap elementor-element-populated\">\n\t\t\t\t\t\t<div class=\"elementor-element elementor-element-82e9856 elementor-widget elementor-widget-image\" data-id=\"82e9856\" data-element_type=\"widget\" data-widget_type=\"image.default\">\n\t\t\t\t<div class=\"elementor-widget-container\">\n\t\t\t\t\t\t\t\t\t\t\t\t\t<img decoding=\"async\" width=\"613\" height=\"500\" src=\"https:\/\/www.czechdoor.cz\/wp-content\/uploads\/2019\/05\/GFw-LA7-m.jpg\" class=\"attachment-full size-full wp-image-89810\" alt=\"\" \/>\t\t\t\t\t\t\t\t\t\t\t\t\t<\/div>\n\t\t\t\t<\/div>\n\t\t\t\t<div class=\"elementor-element elementor-element-6ddead0 elementor-widget elementor-widget-heading\" data-id=\"6ddead0\" data-element_type=\"widget\" data-widget_type=\"heading.default\">\n\t\t\t\t<div class=\"elementor-widget-container\">\n\t\t\t<h2 class=\"elementor-heading-title elementor-size-default\">Luxus (G und GFG) mit bodenlangem Glaseinsatz<\/h2>\t\t<\/div>\n\t\t\t\t<\/div>\n\t\t\t\t\t<\/div>\n\t\t<\/div>\n\t\t\t\t\t<\/div>\n\t\t<\/section>\n\t\t\t\t<section class=\"elementor-section elementor-top-section elementor-element elementor-element-6ac1161 elementor-section-boxed elementor-section-height-default elementor-section-height-default\" data-id=\"6ac1161\" data-element_type=\"section\">\n\t\t\t\t\t\t<div class=\"elementor-container elementor-column-gap-default\">\n\t\t\t\t\t<div class=\"elementor-column elementor-col-100 elementor-top-column elementor-element elementor-element-5f87663\" data-id=\"5f87663\" data-element_type=\"column\">\n\t\t\t<div class=\"elementor-widget-wrap elementor-element-populated\">\n\t\t\t\t\t\t<div class=\"elementor-element elementor-element-76639475 elementor-widget elementor-widget-text-editor\" data-id=\"76639475\" data-element_type=\"widget\" data-widget_type=\"text-editor.default\">\n\t\t\t\t<div class=\"elementor-widget-container\">\n\t\t\t\t\t\t\t<p>Schlicht und dennoch luxuri\u00f6s sind die <strong>T\u00fcren der Serie \u201eG\u201c<\/strong>. Diese T\u00fcren passen in jedes Interiordesign. Sie unterscheiden sich durch puristische Oberfl\u00e4chen ohne Latten und Eins\u00e4tze \u2013 die T\u00fcr erscheint dabei als ein ebenm\u00e4\u00dfiges Brett, auf Wunsch mit Lichtausschnitt. Die Ausrichtung der Holzfasern kann sowohl waagerecht als auch senkrecht sein. Wir fertigen T\u00fcren mit abgeschr\u00e4gten Kanten (GF) oder T\u00fcrkante profiliert (GFG). Auch die Anfertigung von T\u00fcren mit Fr\u00e4srillen ist m\u00f6glich (D).<\/p>\n\t\t\t\t\t\t<\/div>\n\t\t\t\t<\/div>\n\t\t\t\t<div class=\"elementor-element elementor-element-5702a0b elementor-widget-divider--view-line elementor-invisible elementor-widget elementor-widget-divider\" data-id=\"5702a0b\" data-element_type=\"widget\" data-settings=\"{&quot;_animation&quot;:&quot;zoomIn&quot;}\" data-widget_type=\"divider.default\">\n\t\t\t\t<div class=\"elementor-widget-container\">\n\t\t\t\t\t<div class=\"elementor-divider\">\n\t\t\t<span class=\"elementor-divider-separator\">\n\t\t\t\t\t\t<\/span>\n\t\t<\/div>\n\t\t\t\t<\/div>\n\t\t\t\t<\/div>\n\t\t\t\t\t<\/div>\n\t\t<\/div>\n\t\t\t\t\t<\/div>\n\t\t<\/section>\n\t\t\t\t<section class=\"elementor-section elementor-top-section elementor-element elementor-element-6934bb1 elementor-section-boxed elementor-section-height-default elementor-section-height-default\" data-id=\"6934bb1\" data-element_type=\"section\">\n\t\t\t\t\t\t<div class=\"elementor-container elementor-column-gap-default\">\n\t\t\t\t\t<div class=\"elementor-column elementor-col-50 elementor-top-column elementor-element elementor-element-0092877\" data-id=\"0092877\" data-element_type=\"column\">\n\t\t\t<div class=\"elementor-widget-wrap elementor-element-populated\">\n\t\t\t\t\t\t<div class=\"elementor-element elementor-element-c9da836 elementor-widget elementor-widget-heading\" data-id=\"c9da836\" data-element_type=\"widget\" data-widget_type=\"heading.default\">\n\t\t\t\t<div class=\"elementor-widget-container\">\n\t\t\t<h2 class=\"elementor-heading-title elementor-size-default\">MATERIAL<\/h2>\t\t<\/div>\n\t\t\t\t<\/div>\n\t\t\t\t<div class=\"elementor-element elementor-element-9f055ea elementor-widget elementor-widget-text-editor\" data-id=\"9f055ea\" data-element_type=\"widget\" data-widget_type=\"text-editor.default\">\n\t\t\t\t<div class=\"elementor-widget-container\">\n\t\t\t\t\t\t\t<p>Eiche astfrei, Eiche astig, Fichte astfrei, Fichte astig, L\u00e4rche, Kiefer astig, Kiefer astfrei, Erle, Buche, Ahorn.<\/p>\n\t\t\t\t\t\t<\/div>\n\t\t\t\t<\/div>\n\t\t\t\t<div class=\"elementor-element elementor-element-25af96e elementor-widget elementor-widget-heading\" data-id=\"25af96e\" data-element_type=\"widget\" data-widget_type=\"heading.default\">\n\t\t\t\t<div class=\"elementor-widget-container\">\n\t\t\t<h2 class=\"elementor-heading-title elementor-size-default\">Oberfl\u00e4chenbearbeitung<\/h2>\t\t<\/div>\n\t\t\t\t<\/div>\n\t\t\t\t<div class=\"elementor-element elementor-element-b27b7c1 elementor-widget elementor-widget-text-editor\" data-id=\"b27b7c1\" data-element_type=\"widget\" data-widget_type=\"text-editor.default\">\n\t\t\t\t<div class=\"elementor-widget-container\">\n\t\t\t\t\t\t\t<p><span lang=\"de\">Die Oberfl\u00e4che unserer Produkte kann glatt oder geb\u00fcrstet sein\u00a0<\/span><span lang=\"de\">Grundarten der Oberfl\u00e4chenbehandlung: Lack Transparent, Lack Exklusiv, Wei\u00dfpigmentlack 1,25%, Wei\u00dfpigmentlack Extra, farbloses Wachs, Paraffin\u00f6l, Wei\u00dflack RAL 9010 und RAL 9016, verschiedene Beizen nach Kundenwunsch.<\/span><\/p>\t\t\t\t\t\t<\/div>\n\t\t\t\t<\/div>\n\t\t\t\t\t<\/div>\n\t\t<\/div>\n\t\t\t\t<div class=\"elementor-column elementor-col-50 elementor-top-column elementor-element elementor-element-0ca2351\" data-id=\"0ca2351\" data-element_type=\"column\">\n\t\t\t<div class=\"elementor-widget-wrap elementor-element-populated\">\n\t\t\t\t\t\t<div class=\"elementor-element elementor-element-6039800 elementor-widget elementor-widget-image\" data-id=\"6039800\" data-element_type=\"widget\" data-widget_type=\"image.default\">\n\t\t\t\t<div class=\"elementor-widget-container\">\n\t\t\t\t\t\t\t\t\t\t\t\t\t<img loading=\"lazy\" decoding=\"async\" width=\"700\" height=\"728\" src=\"https:\/\/www.czechdoor.cz\/wp-content\/uploads\/2019\/08\/GF.png\" class=\"attachment-full size-full wp-image-89898\" alt=\"\" \/>\t\t\t\t\t\t\t\t\t\t\t\t\t<\/div>\n\t\t\t\t<\/div>\n\t\t\t\t\t<\/div>\n\t\t<\/div>\n\t\t\t\t\t<\/div>\n\t\t<\/section>\n\t\t\t\t<\/div>\n\t\t","protected":false},"excerpt":{"rendered":"<p>Luxus (G und GFG) Luxus (G und GFG) ohne Glas Luxus (G und GFG) mit Glas Luxus (G und GFG) mit bodenlangem Glaseinsatz Schlicht und dennoch luxuri\u00f6s sind die T\u00fcren der Serie \u201eG\u201c. Diese T\u00fcren passen in jedes Interiordesign. Sie unterscheiden sich durch puristische Oberfl\u00e4chen ohne Latten und Eins\u00e4tze \u2013 die T\u00fcr erscheint dabei als [&hellip;]<\/p>\n","protected":false},"author":1,"featured_media":0,"parent":0,"menu_order":0,"comment_status":"closed","ping_status":"closed","template":"","meta":{"footnotes":""},"class_list":["post-90688","page","type-page","status-publish","hentry"],"yoast_head":"<!-- This site is optimized with the Yoast SEO plugin v23.4 - https:\/\/yoast.com\/wordpress\/plugins\/seo\/ -->\n<title>Luxus (G und GFG) - Innent\u00fcren aus Massivholz<\/title>\n<meta name=\"robots\" content=\"index, follow, max-snippet:-1, max-image-preview:large, max-video-preview:-1\" \/>\n<link rel=\"canonical\" href=\"https:\/\/www.czechdoor.cz\/de\/luxus-g-und-gfg\/\" \/>\n<meta property=\"og:locale\" content=\"de_DE\" \/>\n<meta property=\"og:type\" content=\"article\" \/>\n<meta property=\"og:title\" content=\"Luxus (G und GFG) - Innent\u00fcren aus Massivholz\" \/>\n<meta property=\"og:description\" content=\"Luxus (G und GFG) Luxus (G und GFG) ohne Glas Luxus (G und GFG) mit Glas Luxus (G und GFG) mit bodenlangem Glaseinsatz Schlicht und dennoch luxuri\u00f6s sind die T\u00fcren der Serie \u201eG\u201c. Diese T\u00fcren passen in jedes Interiordesign. Sie unterscheiden sich durch puristische Oberfl\u00e4chen ohne Latten und Eins\u00e4tze \u2013 die T\u00fcr erscheint dabei als [&hellip;]\" \/>\n<meta property=\"og:url\" content=\"https:\/\/www.czechdoor.cz\/de\/luxus-g-und-gfg\/\" \/>\n<meta property=\"og:site_name\" content=\"Innent\u00fcren aus Massivholz\" \/>\n<meta property=\"article:modified_time\" content=\"2022-01-27T15:16:09+00:00\" \/>\n<meta property=\"og:image\" content=\"https:\/\/www.czechdoor.cz\/wp-content\/uploads\/2019\/06\/GFw__m.jpg\" \/>\n<meta name=\"twitter:card\" content=\"summary_large_image\" \/>\n<meta name=\"twitter:label1\" content=\"Gesch\u00e4tzte Lesezeit\" \/>\n\t<meta name=\"twitter:data1\" content=\"1\u00a0Minute\" \/>\n<script type=\"application\/ld+json\" class=\"yoast-schema-graph\">{\"@context\":\"https:\/\/schema.org\",\"@graph\":[{\"@type\":\"WebPage\",\"@id\":\"https:\/\/www.czechdoor.cz\/de\/luxus-g-und-gfg\/\",\"url\":\"https:\/\/www.czechdoor.cz\/de\/luxus-g-und-gfg\/\",\"name\":\"Luxus (G und GFG) - Innent\u00fcren aus Massivholz\",\"isPartOf\":{\"@id\":\"https:\/\/www.czechdoor.cz\/cs\/#website\"},\"primaryImageOfPage\":{\"@id\":\"https:\/\/www.czechdoor.cz\/de\/luxus-g-und-gfg\/#primaryimage\"},\"image\":{\"@id\":\"https:\/\/www.czechdoor.cz\/de\/luxus-g-und-gfg\/#primaryimage\"},\"thumbnailUrl\":\"https:\/\/www.czechdoor.cz\/wp-content\/uploads\/2019\/06\/GFw__m.jpg\",\"datePublished\":\"2019-09-06T09:46:41+00:00\",\"dateModified\":\"2022-01-27T15:16:09+00:00\",\"breadcrumb\":{\"@id\":\"https:\/\/www.czechdoor.cz\/de\/luxus-g-und-gfg\/#breadcrumb\"},\"inLanguage\":\"de\",\"potentialAction\":[{\"@type\":\"ReadAction\",\"target\":[\"https:\/\/www.czechdoor.cz\/de\/luxus-g-und-gfg\/\"]}]},{\"@type\":\"ImageObject\",\"inLanguage\":\"de\",\"@id\":\"https:\/\/www.czechdoor.cz\/de\/luxus-g-und-gfg\/#primaryimage\",\"url\":\"https:\/\/www.czechdoor.cz\/wp-content\/uploads\/2019\/06\/GFw__m.jpg\",\"contentUrl\":\"https:\/\/www.czechdoor.cz\/wp-content\/uploads\/2019\/06\/GFw__m.jpg\"},{\"@type\":\"BreadcrumbList\",\"@id\":\"https:\/\/www.czechdoor.cz\/de\/luxus-g-und-gfg\/#breadcrumb\",\"itemListElement\":[{\"@type\":\"ListItem\",\"position\":1,\"name\":\"\u0413\u043b\u0430\u0432\u043d\u0430\u044f \u0441\u0442\u0440\u0430\u043d\u0438\u0446\u0430\",\"item\":\"https:\/\/www.czechdoor.cz\/de\/\"},{\"@type\":\"ListItem\",\"position\":2,\"name\":\"Luxus (G und GFG)\"}]},{\"@type\":\"WebSite\",\"@id\":\"https:\/\/www.czechdoor.cz\/cs\/#website\",\"url\":\"https:\/\/www.czechdoor.cz\/cs\/\",\"name\":\"Innent\u00fcren aus Massivholz\",\"description\":\"Seit 28 Jahren stellt unser Betrieb T\u00fcren und Zargen aus Massivholz her.\",\"publisher\":{\"@id\":\"https:\/\/www.czechdoor.cz\/cs\/#organization\"},\"potentialAction\":[{\"@type\":\"SearchAction\",\"target\":{\"@type\":\"EntryPoint\",\"urlTemplate\":\"https:\/\/www.czechdoor.cz\/cs\/?s={search_term_string}\"},\"query-input\":{\"@type\":\"PropertyValueSpecification\",\"valueRequired\":true,\"valueName\":\"search_term_string\"}}],\"inLanguage\":\"de\"},{\"@type\":\"Organization\",\"@id\":\"https:\/\/www.czechdoor.cz\/cs\/#organization\",\"name\":\"CzechDoor. Interi\u00e9rov\u00e9 dve\u0159e z masivu\",\"url\":\"https:\/\/www.czechdoor.cz\/cs\/\",\"logo\":{\"@type\":\"ImageObject\",\"inLanguage\":\"de\",\"@id\":\"https:\/\/www.czechdoor.cz\/cs\/#\/schema\/logo\/image\/\",\"url\":\"https:\/\/www.czechdoor.cz\/wp-content\/uploads\/logo-czechdoor-ru.png\",\"contentUrl\":\"https:\/\/www.czechdoor.cz\/wp-content\/uploads\/logo-czechdoor-ru.png\",\"width\":550,\"height\":162,\"caption\":\"CzechDoor. Interi\u00e9rov\u00e9 dve\u0159e z masivu\"},\"image\":{\"@id\":\"https:\/\/www.czechdoor.cz\/cs\/#\/schema\/logo\/image\/\"}}]}<\/script>\n<!-- \/ Yoast SEO plugin. -->","yoast_head_json":{"title":"Luxus (G und GFG) - Innent\u00fcren aus Massivholz","robots":{"index":"index","follow":"follow","max-snippet":"max-snippet:-1","max-image-preview":"max-image-preview:large","max-video-preview":"max-video-preview:-1"},"canonical":"https:\/\/www.czechdoor.cz\/de\/luxus-g-und-gfg\/","og_locale":"de_DE","og_type":"article","og_title":"Luxus (G und GFG) - Innent\u00fcren aus Massivholz","og_description":"Luxus (G und GFG) Luxus (G und GFG) ohne Glas Luxus (G und GFG) mit Glas Luxus (G und GFG) mit bodenlangem Glaseinsatz Schlicht und dennoch luxuri\u00f6s sind die T\u00fcren der Serie \u201eG\u201c. Diese T\u00fcren passen in jedes Interiordesign. Sie unterscheiden sich durch puristische Oberfl\u00e4chen ohne Latten und Eins\u00e4tze \u2013 die T\u00fcr erscheint dabei als [&hellip;]","og_url":"https:\/\/www.czechdoor.cz\/de\/luxus-g-und-gfg\/","og_site_name":"Innent\u00fcren aus Massivholz","article_modified_time":"2022-01-27T15:16:09+00:00","og_image":[{"url":"https:\/\/www.czechdoor.cz\/wp-content\/uploads\/2019\/06\/GFw__m.jpg"}],"twitter_card":"summary_large_image","twitter_misc":{"Gesch\u00e4tzte Lesezeit":"1\u00a0Minute"},"schema":{"@context":"https:\/\/schema.org","@graph":[{"@type":"WebPage","@id":"https:\/\/www.czechdoor.cz\/de\/luxus-g-und-gfg\/","url":"https:\/\/www.czechdoor.cz\/de\/luxus-g-und-gfg\/","name":"Luxus (G und GFG) - Innent\u00fcren aus Massivholz","isPartOf":{"@id":"https:\/\/www.czechdoor.cz\/cs\/#website"},"primaryImageOfPage":{"@id":"https:\/\/www.czechdoor.cz\/de\/luxus-g-und-gfg\/#primaryimage"},"image":{"@id":"https:\/\/www.czechdoor.cz\/de\/luxus-g-und-gfg\/#primaryimage"},"thumbnailUrl":"https:\/\/www.czechdoor.cz\/wp-content\/uploads\/2019\/06\/GFw__m.jpg","datePublished":"2019-09-06T09:46:41+00:00","dateModified":"2022-01-27T15:16:09+00:00","breadcrumb":{"@id":"https:\/\/www.czechdoor.cz\/de\/luxus-g-und-gfg\/#breadcrumb"},"inLanguage":"de","potentialAction":[{"@type":"ReadAction","target":["https:\/\/www.czechdoor.cz\/de\/luxus-g-und-gfg\/"]}]},{"@type":"ImageObject","inLanguage":"de","@id":"https:\/\/www.czechdoor.cz\/de\/luxus-g-und-gfg\/#primaryimage","url":"https:\/\/www.czechdoor.cz\/wp-content\/uploads\/2019\/06\/GFw__m.jpg","contentUrl":"https:\/\/www.czechdoor.cz\/wp-content\/uploads\/2019\/06\/GFw__m.jpg"},{"@type":"BreadcrumbList","@id":"https:\/\/www.czechdoor.cz\/de\/luxus-g-und-gfg\/#breadcrumb","itemListElement":[{"@type":"ListItem","position":1,"name":"\u0413\u043b\u0430\u0432\u043d\u0430\u044f \u0441\u0442\u0440\u0430\u043d\u0438\u0446\u0430","item":"https:\/\/www.czechdoor.cz\/de\/"},{"@type":"ListItem","position":2,"name":"Luxus (G und GFG)"}]},{"@type":"WebSite","@id":"https:\/\/www.czechdoor.cz\/cs\/#website","url":"https:\/\/www.czechdoor.cz\/cs\/","name":"Innent\u00fcren aus Massivholz","description":"Seit 28 Jahren stellt unser Betrieb T\u00fcren und Zargen aus Massivholz her.","publisher":{"@id":"https:\/\/www.czechdoor.cz\/cs\/#organization"},"potentialAction":[{"@type":"SearchAction","target":{"@type":"EntryPoint","urlTemplate":"https:\/\/www.czechdoor.cz\/cs\/?s={search_term_string}"},"query-input":{"@type":"PropertyValueSpecification","valueRequired":true,"valueName":"search_term_string"}}],"inLanguage":"de"},{"@type":"Organization","@id":"https:\/\/www.czechdoor.cz\/cs\/#organization","name":"CzechDoor. Interi\u00e9rov\u00e9 dve\u0159e z masivu","url":"https:\/\/www.czechdoor.cz\/cs\/","logo":{"@type":"ImageObject","inLanguage":"de","@id":"https:\/\/www.czechdoor.cz\/cs\/#\/schema\/logo\/image\/","url":"https:\/\/www.czechdoor.cz\/wp-content\/uploads\/logo-czechdoor-ru.png","contentUrl":"https:\/\/www.czechdoor.cz\/wp-content\/uploads\/logo-czechdoor-ru.png","width":550,"height":162,"caption":"CzechDoor. Interi\u00e9rov\u00e9 dve\u0159e z masivu"},"image":{"@id":"https:\/\/www.czechdoor.cz\/cs\/#\/schema\/logo\/image\/"}}]}},"_links":{"self":[{"href":"https:\/\/www.czechdoor.cz\/de\/wp-json\/wp\/v2\/pages\/90688","targetHints":{"allow":["GET"]}}],"collection":[{"href":"https:\/\/www.czechdoor.cz\/de\/wp-json\/wp\/v2\/pages"}],"about":[{"href":"https:\/\/www.czechdoor.cz\/de\/wp-json\/wp\/v2\/types\/page"}],"author":[{"embeddable":true,"href":"https:\/\/www.czechdoor.cz\/de\/wp-json\/wp\/v2\/users\/1"}],"replies":[{"embeddable":true,"href":"https:\/\/www.czechdoor.cz\/de\/wp-json\/wp\/v2\/comments?post=90688"}],"version-history":[{"count":6,"href":"https:\/\/www.czechdoor.cz\/de\/wp-json\/wp\/v2\/pages\/90688\/revisions"}],"predecessor-version":[{"id":123394,"href":"https:\/\/www.czechdoor.cz\/de\/wp-json\/wp\/v2\/pages\/90688\/revisions\/123394"}],"wp:attachment":[{"href":"https:\/\/www.czechdoor.cz\/de\/wp-json\/wp\/v2\/media?parent=90688"}],"curies":[{"name":"wp","href":"https:\/\/api.w.org\/{rel}","templated":true}]}}