{"id":90591,"date":"2019-09-06T04:34:12","date_gmt":"2019-09-06T04:34:12","guid":{"rendered":"https:\/\/www.czechdoor.cz\/zargen\/"},"modified":"2022-01-27T15:26:13","modified_gmt":"2022-01-27T15:26:13","slug":"zargen","status":"publish","type":"page","link":"https:\/\/www.czechdoor.cz\/de\/zargen\/","title":{"rendered":"Zargen"},"content":{"rendered":"\t\t<div data-elementor-type=\"wp-post\" data-elementor-id=\"90591\" class=\"elementor elementor-90591 elementor-43984\" data-elementor-post-type=\"page\">\n\t\t\t\t\t\t<section class=\"elementor-section elementor-top-section elementor-element elementor-element-22d07076 elementor-section-boxed elementor-section-height-default elementor-section-height-default\" data-id=\"22d07076\" data-element_type=\"section\">\n\t\t\t\t\t\t<div class=\"elementor-container elementor-column-gap-default\">\n\t\t\t\t\t<div class=\"elementor-column elementor-col-100 elementor-top-column elementor-element elementor-element-490ebeaa\" data-id=\"490ebeaa\" data-element_type=\"column\">\n\t\t\t<div class=\"elementor-widget-wrap elementor-element-populated\">\n\t\t\t\t\t\t<div class=\"elementor-element elementor-element-49bc8420 elementor-widget elementor-widget-woocommerce-breadcrumb\" data-id=\"49bc8420\" data-element_type=\"widget\" data-widget_type=\"woocommerce-breadcrumb.default\">\n\t\t\t\t<div class=\"elementor-widget-container\">\n\t\t\t<nav class=\"woocommerce-breadcrumb\" aria-label=\"Breadcrumb\">Startseite<\/nav>\t\t<\/div>\n\t\t\t\t<\/div>\n\t\t\t\t\t<\/div>\n\t\t<\/div>\n\t\t\t\t\t<\/div>\n\t\t<\/section>\n\t\t\t\t<section class=\"elementor-section elementor-top-section elementor-element elementor-element-4c1dab0d elementor-section-boxed elementor-section-height-default elementor-section-height-default\" data-id=\"4c1dab0d\" data-element_type=\"section\" data-settings=\"{&quot;background_background&quot;:&quot;classic&quot;}\">\n\t\t\t\t\t\t<div class=\"elementor-container elementor-column-gap-default\">\n\t\t\t\t\t<div class=\"elementor-column elementor-col-100 elementor-top-column elementor-element elementor-element-f716405\" data-id=\"f716405\" data-element_type=\"column\">\n\t\t\t<div class=\"elementor-widget-wrap elementor-element-populated\">\n\t\t\t\t\t\t<div class=\"elementor-element elementor-element-204d2084 elementor-widget elementor-widget-heading\" data-id=\"204d2084\" data-element_type=\"widget\" data-widget_type=\"heading.default\">\n\t\t\t\t<div class=\"elementor-widget-container\">\n\t\t\t<h2 class=\"elementor-heading-title elementor-size-default\">Zargen<\/h2>\t\t<\/div>\n\t\t\t\t<\/div>\n\t\t\t\t\t<\/div>\n\t\t<\/div>\n\t\t\t\t\t<\/div>\n\t\t<\/section>\n\t\t\t\t<section class=\"elementor-section elementor-top-section elementor-element elementor-element-3f92106 elementor-section-boxed elementor-section-height-default elementor-section-height-default\" data-id=\"3f92106\" data-element_type=\"section\">\n\t\t\t\t\t\t<div class=\"elementor-container elementor-column-gap-default\">\n\t\t\t\t\t<div class=\"elementor-column elementor-col-50 elementor-top-column elementor-element elementor-element-5f3d4f6\" data-id=\"5f3d4f6\" data-element_type=\"column\">\n\t\t\t<div class=\"elementor-widget-wrap elementor-element-populated\">\n\t\t\t\t\t\t<div class=\"elementor-element elementor-element-1de3e943 elementor-widget elementor-widget-text-editor\" data-id=\"1de3e943\" data-element_type=\"widget\" data-widget_type=\"text-editor.default\">\n\t\t\t\t<div class=\"elementor-widget-container\">\n\t\t\t\t\t\t\t<p>Bekleidungsleisten-Zargen aus Holz mit Lattenmitte. Standardbreite der Bekleidungsleiste 65 mm, Standardverbindung der Bekleidungsleisten auf Gehrung. Die Zargen werden standardm\u00e4\u00dfig mit Dichtungen versehen.<\/p><p><span lang=\"de\">Die Oberfl\u00e4che unserer Produkte kann glatt oder geb\u00fcrstet sein\u00a0<\/span><span lang=\"de\">Grundarten der Oberfl\u00e4chenbehandlung: Lack Transparent, Lack Exklusiv, Wei\u00dfpigmentlack 1,25%, Wei\u00dfpigmentlack Extra, farbloses Wachs, Paraffin\u00f6l, Wei\u00dflack RAL 9010 und RAL 9016, verschiedene Beizen nach Kundenwunsch.<\/span><\/p>\t\t\t\t\t\t<\/div>\n\t\t\t\t<\/div>\n\t\t\t\t<div class=\"elementor-element elementor-element-9077d9f elementor-widget elementor-widget-heading\" data-id=\"9077d9f\" data-element_type=\"widget\" data-widget_type=\"heading.default\">\n\t\t\t\t<div class=\"elementor-widget-container\">\n\t\t\t<h2 class=\"elementor-heading-title elementor-size-default\">PRODUZIERTE ZARGEN<\/h2>\t\t<\/div>\n\t\t\t\t<\/div>\n\t\t\t\t<div class=\"elementor-element elementor-element-7448720 elementor-icon-list--layout-traditional elementor-list-item-link-full_width elementor-widget elementor-widget-icon-list\" data-id=\"7448720\" data-element_type=\"widget\" data-widget_type=\"icon-list.default\">\n\t\t\t\t<div class=\"elementor-widget-container\">\n\t\t\t\t\t<ul class=\"elementor-icon-list-items\">\n\t\t\t\t\t\t\t<li class=\"elementor-icon-list-item\">\n\t\t\t\t\t\t\t\t\t\t\t<span class=\"elementor-icon-list-icon\">\n\t\t\t\t\t\t\t\t\t\t\t\t\t\t\t\t<i class=\"fa fa-stop\" aria-hidden=\"true\"><\/i>\n\t\t\t\t\t\t\t\t\t\t\t\t\t<\/span>\n\t\t\t\t\t\t\t\t\t\t<span class=\"elementor-icon-list-text\">Bekleidungs-Leistenzargen f\u00fcr standardm\u00e4\u00dfige T\u00fcren<\/span>\n\t\t\t\t\t\t\t\t\t<\/li>\n\t\t\t\t\t\t\t\t<li class=\"elementor-icon-list-item\">\n\t\t\t\t\t\t\t\t\t\t\t<span class=\"elementor-icon-list-icon\">\n\t\t\t\t\t\t\t\t\t\t\t\t\t\t\t\t<i class=\"fa fa-stop\" aria-hidden=\"true\"><\/i>\n\t\t\t\t\t\t\t\t\t\t\t\t\t<\/span>\n\t\t\t\t\t\t\t\t\t\t<span class=\"elementor-icon-list-text\">Bekleidungs-Leisten-Zargen f\u00fcr falzlose T\u00fcren<\/span>\n\t\t\t\t\t\t\t\t\t<\/li>\n\t\t\t\t\t\t\t\t<li class=\"elementor-icon-list-item\">\n\t\t\t\t\t\t\t\t\t\t\t<span class=\"elementor-icon-list-icon\">\n\t\t\t\t\t\t\t\t\t\t\t\t\t\t\t\t<i class=\"fa fa-stop\" aria-hidden=\"true\"><\/i>\n\t\t\t\t\t\t\t\t\t\t\t\t\t<\/span>\n\t\t\t\t\t\t\t\t\t\t<span class=\"elementor-icon-list-text\">Durchgangs-Bekleidungsleisten-Zargen<\/span>\n\t\t\t\t\t\t\t\t\t<\/li>\n\t\t\t\t\t\t\t\t<li class=\"elementor-icon-list-item\">\n\t\t\t\t\t\t\t\t\t\t\t<span class=\"elementor-icon-list-icon\">\n\t\t\t\t\t\t\t\t\t\t\t\t\t\t\t\t<i class=\"fa fa-stop\" aria-hidden=\"true\"><\/i>\n\t\t\t\t\t\t\t\t\t\t\t\t\t<\/span>\n\t\t\t\t\t\t\t\t\t\t<span class=\"elementor-icon-list-text\">Rahmenzargen f\u00fcr Standardt\u00fcren<\/span>\n\t\t\t\t\t\t\t\t\t<\/li>\n\t\t\t\t\t\t<\/ul>\n\t\t\t\t<\/div>\n\t\t\t\t<\/div>\n\t\t\t\t<div class=\"elementor-element elementor-element-fc99a2b elementor-widget elementor-widget-heading\" data-id=\"fc99a2b\" data-element_type=\"widget\" data-widget_type=\"heading.default\">\n\t\t\t\t<div class=\"elementor-widget-container\">\n\t\t\t<h2 class=\"elementor-heading-title elementor-size-default\">M\u00d6GLICHE ZARGENMODIFIKATIONEN GEGEN AUFPREIS<\/h2>\t\t<\/div>\n\t\t\t\t<\/div>\n\t\t\t\t<div class=\"elementor-element elementor-element-1b01ada elementor-icon-list--layout-traditional elementor-list-item-link-full_width elementor-widget elementor-widget-icon-list\" data-id=\"1b01ada\" data-element_type=\"widget\" data-widget_type=\"icon-list.default\">\n\t\t\t\t<div class=\"elementor-widget-container\">\n\t\t\t\t\t<ul class=\"elementor-icon-list-items\">\n\t\t\t\t\t\t\t<li class=\"elementor-icon-list-item\">\n\t\t\t\t\t\t\t\t\t\t\t<span class=\"elementor-icon-list-icon\">\n\t\t\t\t\t\t\t\t\t\t\t\t\t\t\t\t<i class=\"fa fa-stop\" aria-hidden=\"true\"><\/i>\n\t\t\t\t\t\t\t\t\t\t\t\t\t<\/span>\n\t\t\t\t\t\t\t\t\t\t<span class=\"elementor-icon-list-text\">Zargen f\u00fcr doppelfl\u00fcgelige T\u00fcren<\/span>\n\t\t\t\t\t\t\t\t\t<\/li>\n\t\t\t\t\t\t\t\t<li class=\"elementor-icon-list-item\">\n\t\t\t\t\t\t\t\t\t\t\t<span class=\"elementor-icon-list-icon\">\n\t\t\t\t\t\t\t\t\t\t\t\t\t\t\t\t<i class=\"fa fa-stop\" aria-hidden=\"true\"><\/i>\n\t\t\t\t\t\t\t\t\t\t\t\t\t<\/span>\n\t\t\t\t\t\t\t\t\t\t<span class=\"elementor-icon-list-text\">Zargen f\u00fcr Schiebet\u00fcren in Geh\u00e4use<\/span>\n\t\t\t\t\t\t\t\t\t<\/li>\n\t\t\t\t\t\t\t\t<li class=\"elementor-icon-list-item\">\n\t\t\t\t\t\t\t\t\t\t\t<span class=\"elementor-icon-list-icon\">\n\t\t\t\t\t\t\t\t\t\t\t\t\t\t\t\t<i class=\"fa fa-stop\" aria-hidden=\"true\"><\/i>\n\t\t\t\t\t\t\t\t\t\t\t\t\t<\/span>\n\t\t\t\t\t\t\t\t\t\t<span class=\"elementor-icon-list-text\">Zargenbreite oder -h\u00f6he \u00fcber dem Standard<\/span>\n\t\t\t\t\t\t\t\t\t<\/li>\n\t\t\t\t\t\t\t\t<li class=\"elementor-icon-list-item\">\n\t\t\t\t\t\t\t\t\t\t\t<span class=\"elementor-icon-list-icon\">\n\t\t\t\t\t\t\t\t\t\t\t\t\t\t\t\t<i class=\"fa fa-stop\" aria-hidden=\"true\"><\/i>\n\t\t\t\t\t\t\t\t\t\t\t\t\t<\/span>\n\t\t\t\t\t\t\t\t\t\t<span class=\"elementor-icon-list-text\">Abgeschr\u00e4gte Zargenecke<\/span>\n\t\t\t\t\t\t\t\t\t<\/li>\n\t\t\t\t\t\t<\/ul>\n\t\t\t\t<\/div>\n\t\t\t\t<\/div>\n\t\t\t\t\t<\/div>\n\t\t<\/div>\n\t\t\t\t<div class=\"elementor-column elementor-col-50 elementor-top-column elementor-element elementor-element-5352cae\" data-id=\"5352cae\" data-element_type=\"column\">\n\t\t\t<div class=\"elementor-widget-wrap elementor-element-populated\">\n\t\t\t\t\t\t<div class=\"elementor-element elementor-element-83b9126 elementor-widget elementor-widget-image\" data-id=\"83b9126\" data-element_type=\"widget\" data-widget_type=\"image.default\">\n\t\t\t\t<div class=\"elementor-widget-container\">\n\t\t\t\t\t\t\t\t\t\t\t\t\t<img fetchpriority=\"high\" decoding=\"async\" width=\"400\" height=\"479\" src=\"https:\/\/www.czechdoor.cz\/wp-content\/uploads\/2019\/07\/oblozka1.jpg\" class=\"attachment-full size-full wp-image-90000\" alt=\"\" \/>\t\t\t\t\t\t\t\t\t\t\t\t\t<\/div>\n\t\t\t\t<\/div>\n\t\t\t\t\t<\/div>\n\t\t<\/div>\n\t\t\t\t\t<\/div>\n\t\t<\/section>\n\t\t\t\t<section class=\"elementor-section elementor-top-section elementor-element elementor-element-3cd608c elementor-section-boxed elementor-section-height-default elementor-section-height-default\" data-id=\"3cd608c\" data-element_type=\"section\">\n\t\t\t\t\t\t<div class=\"elementor-container elementor-column-gap-default\">\n\t\t\t\t\t<div class=\"elementor-column elementor-col-25 elementor-top-column elementor-element elementor-element-44c2b83\" data-id=\"44c2b83\" data-element_type=\"column\">\n\t\t\t<div class=\"elementor-widget-wrap elementor-element-populated\">\n\t\t\t\t\t\t<div class=\"elementor-element elementor-element-ee35bc7 elementor-widget elementor-widget-image\" data-id=\"ee35bc7\" data-element_type=\"widget\" data-widget_type=\"image.default\">\n\t\t\t\t<div class=\"elementor-widget-container\">\n\t\t\t\t\t\t\t\t\t\t\t\t\t\t<a href=\"https:\/\/www.czechdoor.cz\/wp-content\/uploads\/2019\/07\/zarubne-b.jpg\" data-elementor-open-lightbox=\"yes\" data-elementor-lightbox-title=\"zarubne b\" data-e-action-hash=\"#elementor-action%3Aaction%3Dlightbox%26settings%3DeyJpZCI6OTAwMDEsInVybCI6Imh0dHBzOlwvXC93d3cuY3plY2hkb29yLmN6XC93cC1jb250ZW50XC91cGxvYWRzXC8yMDE5XC8wN1wvemFydWJuZS1iLmpwZyJ9\">\n\t\t\t\t\t\t\t<img decoding=\"async\" width=\"250\" height=\"522\" src=\"https:\/\/www.czechdoor.cz\/wp-content\/uploads\/2019\/07\/zarubne-b.jpg\" class=\"attachment-full size-full wp-image-90001\" alt=\"\" \/>\t\t\t\t\t\t\t\t<\/a>\n\t\t\t\t\t\t\t\t\t\t\t\t\t<\/div>\n\t\t\t\t<\/div>\n\t\t\t\t\t<\/div>\n\t\t<\/div>\n\t\t\t\t<div class=\"elementor-column elementor-col-25 elementor-top-column elementor-element elementor-element-7483897\" data-id=\"7483897\" data-element_type=\"column\">\n\t\t\t<div class=\"elementor-widget-wrap elementor-element-populated\">\n\t\t\t\t\t\t<div class=\"elementor-element elementor-element-fc19932 elementor-widget elementor-widget-image\" data-id=\"fc19932\" data-element_type=\"widget\" data-widget_type=\"image.default\">\n\t\t\t\t<div class=\"elementor-widget-container\">\n\t\t\t\t\t\t\t\t\t\t\t\t\t\t<a href=\"https:\/\/www.czechdoor.cz\/wp-content\/uploads\/2019\/07\/zarubne.gif\" data-elementor-open-lightbox=\"yes\" data-elementor-lightbox-title=\"zarubne\" data-e-action-hash=\"#elementor-action%3Aaction%3Dlightbox%26settings%3DeyJpZCI6OTAwMDIsInVybCI6Imh0dHBzOlwvXC93d3cuY3plY2hkb29yLmN6XC93cC1jb250ZW50XC91cGxvYWRzXC8yMDE5XC8wN1wvemFydWJuZS5naWYifQ%3D%3D\">\n\t\t\t\t\t\t\t<img decoding=\"async\" width=\"598\" height=\"600\" src=\"https:\/\/www.czechdoor.cz\/wp-content\/uploads\/2019\/07\/zarubne.gif\" class=\"attachment-full size-full wp-image-90002\" alt=\"\" \/>\t\t\t\t\t\t\t\t<\/a>\n\t\t\t\t\t\t\t\t\t\t\t\t\t<\/div>\n\t\t\t\t<\/div>\n\t\t\t\t\t<\/div>\n\t\t<\/div>\n\t\t\t\t<div class=\"elementor-column elementor-col-25 elementor-top-column elementor-element elementor-element-2d29ba3\" data-id=\"2d29ba3\" data-element_type=\"column\">\n\t\t\t<div class=\"elementor-widget-wrap elementor-element-populated\">\n\t\t\t\t\t\t<div class=\"elementor-element elementor-element-82a0e48 elementor-widget elementor-widget-heading\" data-id=\"82a0e48\" data-element_type=\"widget\" data-widget_type=\"heading.default\">\n\t\t\t\t<div class=\"elementor-widget-container\">\n\t\t\t<h2 class=\"elementor-heading-title elementor-size-default\">AUF GEHRUNG<\/h2>\t\t<\/div>\n\t\t\t\t<\/div>\n\t\t\t\t<div class=\"elementor-element elementor-element-a7cdd4d elementor-widget elementor-widget-image\" data-id=\"a7cdd4d\" data-element_type=\"widget\" data-widget_type=\"image.default\">\n\t\t\t\t<div class=\"elementor-widget-container\">\n\t\t\t\t\t\t\t\t\t\t\t\t\t<img loading=\"lazy\" decoding=\"async\" width=\"166\" height=\"351\" src=\"https:\/\/www.czechdoor.cz\/wp-content\/uploads\/2019\/07\/varianta-na-pokos.png\" class=\"attachment-full size-full wp-image-90003\" alt=\"\" \/>\t\t\t\t\t\t\t\t\t\t\t\t\t<\/div>\n\t\t\t\t<\/div>\n\t\t\t\t\t<\/div>\n\t\t<\/div>\n\t\t\t\t<div class=\"elementor-column elementor-col-25 elementor-top-column elementor-element elementor-element-68f7973\" data-id=\"68f7973\" data-element_type=\"column\">\n\t\t\t<div class=\"elementor-widget-wrap elementor-element-populated\">\n\t\t\t\t\t\t<div class=\"elementor-element elementor-element-90b7efd elementor-widget elementor-widget-heading\" data-id=\"90b7efd\" data-element_type=\"widget\" data-widget_type=\"heading.default\">\n\t\t\t\t<div class=\"elementor-widget-container\">\n\t\t\t<h2 class=\"elementor-heading-title elementor-size-default\">STUMPF<\/h2>\t\t<\/div>\n\t\t\t\t<\/div>\n\t\t\t\t<div class=\"elementor-element elementor-element-14915dd elementor-widget elementor-widget-image\" data-id=\"14915dd\" data-element_type=\"widget\" data-widget_type=\"image.default\">\n\t\t\t\t<div class=\"elementor-widget-container\">\n\t\t\t\t\t\t\t\t\t\t\t\t\t<img loading=\"lazy\" decoding=\"async\" width=\"164\" height=\"349\" src=\"https:\/\/www.czechdoor.cz\/wp-content\/uploads\/2019\/07\/varianta-na-tupo.png\" class=\"attachment-full size-full wp-image-90004\" alt=\"\" \/>\t\t\t\t\t\t\t\t\t\t\t\t\t<\/div>\n\t\t\t\t<\/div>\n\t\t\t\t\t<\/div>\n\t\t<\/div>\n\t\t\t\t\t<\/div>\n\t\t<\/section>\n\t\t\t\t<\/div>\n\t\t","protected":false},"excerpt":{"rendered":"<p>Zargen Bekleidungsleisten-Zargen aus Holz mit Lattenmitte. Standardbreite der Bekleidungsleiste 65 mm, Standardverbindung der Bekleidungsleisten auf Gehrung. Die Zargen werden standardm\u00e4\u00dfig mit Dichtungen versehen. Die Oberfl\u00e4che unserer Produkte kann glatt oder geb\u00fcrstet sein\u00a0Grundarten der Oberfl\u00e4chenbehandlung: Lack Transparent, Lack Exklusiv, Wei\u00dfpigmentlack 1,25%, Wei\u00dfpigmentlack Extra, farbloses Wachs, Paraffin\u00f6l, Wei\u00dflack RAL 9010 und RAL 9016, verschiedene Beizen nach Kundenwunsch. [&hellip;]<\/p>\n","protected":false},"author":1,"featured_media":0,"parent":0,"menu_order":0,"comment_status":"closed","ping_status":"closed","template":"","meta":{"footnotes":""},"class_list":["post-90591","page","type-page","status-publish","hentry"],"yoast_head":"<!-- This site is optimized with the Yoast SEO plugin v23.4 - https:\/\/yoast.com\/wordpress\/plugins\/seo\/ -->\n<title>Zargen - Innent\u00fcren aus Massivholz<\/title>\n<meta name=\"robots\" content=\"index, follow, max-snippet:-1, max-image-preview:large, max-video-preview:-1\" \/>\n<link rel=\"canonical\" href=\"http:\/\/www.czechdoor.cz\/de\/zargen\/\" \/>\n<meta property=\"og:locale\" content=\"de_DE\" \/>\n<meta property=\"og:type\" content=\"article\" \/>\n<meta property=\"og:title\" content=\"Zargen - Innent\u00fcren aus Massivholz\" \/>\n<meta property=\"og:description\" content=\"Zargen Bekleidungsleisten-Zargen aus Holz mit Lattenmitte. Standardbreite der Bekleidungsleiste 65 mm, Standardverbindung der Bekleidungsleisten auf Gehrung. Die Zargen werden standardm\u00e4\u00dfig mit Dichtungen versehen. Die Oberfl\u00e4che unserer Produkte kann glatt oder geb\u00fcrstet sein\u00a0Grundarten der Oberfl\u00e4chenbehandlung: Lack Transparent, Lack Exklusiv, Wei\u00dfpigmentlack 1,25%, Wei\u00dfpigmentlack Extra, farbloses Wachs, Paraffin\u00f6l, Wei\u00dflack RAL 9010 und RAL 9016, verschiedene Beizen nach Kundenwunsch. [&hellip;]\" \/>\n<meta property=\"og:url\" content=\"http:\/\/www.czechdoor.cz\/de\/zargen\/\" \/>\n<meta property=\"og:site_name\" content=\"Innent\u00fcren aus Massivholz\" \/>\n<meta property=\"article:modified_time\" content=\"2022-01-27T15:26:13+00:00\" \/>\n<meta property=\"og:image\" content=\"https:\/\/www.czechdoor.cz\/wp-content\/uploads\/2019\/07\/oblozka1.jpg\" \/>\n<meta name=\"twitter:card\" content=\"summary_large_image\" \/>\n<meta name=\"twitter:label1\" content=\"Gesch\u00e4tzte Lesezeit\" \/>\n\t<meta name=\"twitter:data1\" content=\"1\u00a0Minute\" \/>\n<script type=\"application\/ld+json\" class=\"yoast-schema-graph\">{\"@context\":\"https:\/\/schema.org\",\"@graph\":[{\"@type\":\"WebPage\",\"@id\":\"http:\/\/www.czechdoor.cz\/de\/zargen\/\",\"url\":\"http:\/\/www.czechdoor.cz\/de\/zargen\/\",\"name\":\"Zargen - Innent\u00fcren aus Massivholz\",\"isPartOf\":{\"@id\":\"https:\/\/www.czechdoor.cz\/cs\/#website\"},\"primaryImageOfPage\":{\"@id\":\"http:\/\/www.czechdoor.cz\/de\/zargen\/#primaryimage\"},\"image\":{\"@id\":\"http:\/\/www.czechdoor.cz\/de\/zargen\/#primaryimage\"},\"thumbnailUrl\":\"https:\/\/www.czechdoor.cz\/wp-content\/uploads\/2019\/07\/oblozka1.jpg\",\"datePublished\":\"2019-09-06T04:34:12+00:00\",\"dateModified\":\"2022-01-27T15:26:13+00:00\",\"breadcrumb\":{\"@id\":\"http:\/\/www.czechdoor.cz\/de\/zargen\/#breadcrumb\"},\"inLanguage\":\"de\",\"potentialAction\":[{\"@type\":\"ReadAction\",\"target\":[\"http:\/\/www.czechdoor.cz\/de\/zargen\/\"]}]},{\"@type\":\"ImageObject\",\"inLanguage\":\"de\",\"@id\":\"http:\/\/www.czechdoor.cz\/de\/zargen\/#primaryimage\",\"url\":\"https:\/\/www.czechdoor.cz\/wp-content\/uploads\/2019\/07\/oblozka1.jpg\",\"contentUrl\":\"https:\/\/www.czechdoor.cz\/wp-content\/uploads\/2019\/07\/oblozka1.jpg\"},{\"@type\":\"BreadcrumbList\",\"@id\":\"http:\/\/www.czechdoor.cz\/de\/zargen\/#breadcrumb\",\"itemListElement\":[{\"@type\":\"ListItem\",\"position\":1,\"name\":\"\u0413\u043b\u0430\u0432\u043d\u0430\u044f \u0441\u0442\u0440\u0430\u043d\u0438\u0446\u0430\",\"item\":\"https:\/\/www.czechdoor.cz\/de\/\"},{\"@type\":\"ListItem\",\"position\":2,\"name\":\"Zargen\"}]},{\"@type\":\"WebSite\",\"@id\":\"https:\/\/www.czechdoor.cz\/cs\/#website\",\"url\":\"https:\/\/www.czechdoor.cz\/cs\/\",\"name\":\"Innent\u00fcren aus Massivholz\",\"description\":\"Seit 28 Jahren stellt unser Betrieb T\u00fcren und Zargen aus Massivholz her.\",\"publisher\":{\"@id\":\"https:\/\/www.czechdoor.cz\/cs\/#organization\"},\"potentialAction\":[{\"@type\":\"SearchAction\",\"target\":{\"@type\":\"EntryPoint\",\"urlTemplate\":\"https:\/\/www.czechdoor.cz\/cs\/?s={search_term_string}\"},\"query-input\":{\"@type\":\"PropertyValueSpecification\",\"valueRequired\":true,\"valueName\":\"search_term_string\"}}],\"inLanguage\":\"de\"},{\"@type\":\"Organization\",\"@id\":\"https:\/\/www.czechdoor.cz\/cs\/#organization\",\"name\":\"CzechDoor. Interi\u00e9rov\u00e9 dve\u0159e z masivu\",\"url\":\"https:\/\/www.czechdoor.cz\/cs\/\",\"logo\":{\"@type\":\"ImageObject\",\"inLanguage\":\"de\",\"@id\":\"https:\/\/www.czechdoor.cz\/cs\/#\/schema\/logo\/image\/\",\"url\":\"https:\/\/www.czechdoor.cz\/wp-content\/uploads\/logo-czechdoor-ru.png\",\"contentUrl\":\"https:\/\/www.czechdoor.cz\/wp-content\/uploads\/logo-czechdoor-ru.png\",\"width\":550,\"height\":162,\"caption\":\"CzechDoor. Interi\u00e9rov\u00e9 dve\u0159e z masivu\"},\"image\":{\"@id\":\"https:\/\/www.czechdoor.cz\/cs\/#\/schema\/logo\/image\/\"}}]}<\/script>\n<!-- \/ Yoast SEO plugin. -->","yoast_head_json":{"title":"Zargen - Innent\u00fcren aus Massivholz","robots":{"index":"index","follow":"follow","max-snippet":"max-snippet:-1","max-image-preview":"max-image-preview:large","max-video-preview":"max-video-preview:-1"},"canonical":"http:\/\/www.czechdoor.cz\/de\/zargen\/","og_locale":"de_DE","og_type":"article","og_title":"Zargen - Innent\u00fcren aus Massivholz","og_description":"Zargen Bekleidungsleisten-Zargen aus Holz mit Lattenmitte. Standardbreite der Bekleidungsleiste 65 mm, Standardverbindung der Bekleidungsleisten auf Gehrung. Die Zargen werden standardm\u00e4\u00dfig mit Dichtungen versehen. Die Oberfl\u00e4che unserer Produkte kann glatt oder geb\u00fcrstet sein\u00a0Grundarten der Oberfl\u00e4chenbehandlung: Lack Transparent, Lack Exklusiv, Wei\u00dfpigmentlack 1,25%, Wei\u00dfpigmentlack Extra, farbloses Wachs, Paraffin\u00f6l, Wei\u00dflack RAL 9010 und RAL 9016, verschiedene Beizen nach Kundenwunsch. [&hellip;]","og_url":"http:\/\/www.czechdoor.cz\/de\/zargen\/","og_site_name":"Innent\u00fcren aus Massivholz","article_modified_time":"2022-01-27T15:26:13+00:00","og_image":[{"url":"https:\/\/www.czechdoor.cz\/wp-content\/uploads\/2019\/07\/oblozka1.jpg"}],"twitter_card":"summary_large_image","twitter_misc":{"Gesch\u00e4tzte Lesezeit":"1\u00a0Minute"},"schema":{"@context":"https:\/\/schema.org","@graph":[{"@type":"WebPage","@id":"http:\/\/www.czechdoor.cz\/de\/zargen\/","url":"http:\/\/www.czechdoor.cz\/de\/zargen\/","name":"Zargen - Innent\u00fcren aus Massivholz","isPartOf":{"@id":"https:\/\/www.czechdoor.cz\/cs\/#website"},"primaryImageOfPage":{"@id":"http:\/\/www.czechdoor.cz\/de\/zargen\/#primaryimage"},"image":{"@id":"http:\/\/www.czechdoor.cz\/de\/zargen\/#primaryimage"},"thumbnailUrl":"https:\/\/www.czechdoor.cz\/wp-content\/uploads\/2019\/07\/oblozka1.jpg","datePublished":"2019-09-06T04:34:12+00:00","dateModified":"2022-01-27T15:26:13+00:00","breadcrumb":{"@id":"http:\/\/www.czechdoor.cz\/de\/zargen\/#breadcrumb"},"inLanguage":"de","potentialAction":[{"@type":"ReadAction","target":["http:\/\/www.czechdoor.cz\/de\/zargen\/"]}]},{"@type":"ImageObject","inLanguage":"de","@id":"http:\/\/www.czechdoor.cz\/de\/zargen\/#primaryimage","url":"https:\/\/www.czechdoor.cz\/wp-content\/uploads\/2019\/07\/oblozka1.jpg","contentUrl":"https:\/\/www.czechdoor.cz\/wp-content\/uploads\/2019\/07\/oblozka1.jpg"},{"@type":"BreadcrumbList","@id":"http:\/\/www.czechdoor.cz\/de\/zargen\/#breadcrumb","itemListElement":[{"@type":"ListItem","position":1,"name":"\u0413\u043b\u0430\u0432\u043d\u0430\u044f \u0441\u0442\u0440\u0430\u043d\u0438\u0446\u0430","item":"https:\/\/www.czechdoor.cz\/de\/"},{"@type":"ListItem","position":2,"name":"Zargen"}]},{"@type":"WebSite","@id":"https:\/\/www.czechdoor.cz\/cs\/#website","url":"https:\/\/www.czechdoor.cz\/cs\/","name":"Innent\u00fcren aus Massivholz","description":"Seit 28 Jahren stellt unser Betrieb T\u00fcren und Zargen aus Massivholz her.","publisher":{"@id":"https:\/\/www.czechdoor.cz\/cs\/#organization"},"potentialAction":[{"@type":"SearchAction","target":{"@type":"EntryPoint","urlTemplate":"https:\/\/www.czechdoor.cz\/cs\/?s={search_term_string}"},"query-input":{"@type":"PropertyValueSpecification","valueRequired":true,"valueName":"search_term_string"}}],"inLanguage":"de"},{"@type":"Organization","@id":"https:\/\/www.czechdoor.cz\/cs\/#organization","name":"CzechDoor. Interi\u00e9rov\u00e9 dve\u0159e z masivu","url":"https:\/\/www.czechdoor.cz\/cs\/","logo":{"@type":"ImageObject","inLanguage":"de","@id":"https:\/\/www.czechdoor.cz\/cs\/#\/schema\/logo\/image\/","url":"https:\/\/www.czechdoor.cz\/wp-content\/uploads\/logo-czechdoor-ru.png","contentUrl":"https:\/\/www.czechdoor.cz\/wp-content\/uploads\/logo-czechdoor-ru.png","width":550,"height":162,"caption":"CzechDoor. Interi\u00e9rov\u00e9 dve\u0159e z masivu"},"image":{"@id":"https:\/\/www.czechdoor.cz\/cs\/#\/schema\/logo\/image\/"}}]}},"_links":{"self":[{"href":"https:\/\/www.czechdoor.cz\/de\/wp-json\/wp\/v2\/pages\/90591","targetHints":{"allow":["GET"]}}],"collection":[{"href":"https:\/\/www.czechdoor.cz\/de\/wp-json\/wp\/v2\/pages"}],"about":[{"href":"https:\/\/www.czechdoor.cz\/de\/wp-json\/wp\/v2\/types\/page"}],"author":[{"embeddable":true,"href":"https:\/\/www.czechdoor.cz\/de\/wp-json\/wp\/v2\/users\/1"}],"replies":[{"embeddable":true,"href":"https:\/\/www.czechdoor.cz\/de\/wp-json\/wp\/v2\/comments?post=90591"}],"version-history":[{"count":3,"href":"https:\/\/www.czechdoor.cz\/de\/wp-json\/wp\/v2\/pages\/90591\/revisions"}],"predecessor-version":[{"id":123413,"href":"https:\/\/www.czechdoor.cz\/de\/wp-json\/wp\/v2\/pages\/90591\/revisions\/123413"}],"wp:attachment":[{"href":"https:\/\/www.czechdoor.cz\/de\/wp-json\/wp\/v2\/media?parent=90591"}],"curies":[{"name":"wp","href":"https:\/\/api.w.org\/{rel}","templated":true}]}}