{"id":90473,"date":"2019-09-05T12:30:35","date_gmt":"2019-09-05T12:30:35","guid":{"rendered":"https:\/\/www.czechdoor.cz\/kaminbriketts\/"},"modified":"2021-11-05T11:32:31","modified_gmt":"2021-11-05T11:32:31","slug":"kaminbriketts","status":"publish","type":"page","link":"https:\/\/www.czechdoor.cz\/de\/kaminbriketts\/","title":{"rendered":"Kaminbriketts"},"content":{"rendered":"\t\t<div data-elementor-type=\"wp-post\" data-elementor-id=\"90473\" class=\"elementor elementor-90473 elementor-43866\" data-elementor-post-type=\"page\">\n\t\t\t\t\t\t<section class=\"elementor-section elementor-top-section elementor-element elementor-element-4b4ed064 elementor-section-boxed elementor-section-height-default elementor-section-height-default\" data-id=\"4b4ed064\" data-element_type=\"section\">\n\t\t\t\t\t\t<div class=\"elementor-container elementor-column-gap-default\">\n\t\t\t\t\t<div class=\"elementor-column elementor-col-100 elementor-top-column elementor-element elementor-element-237dd6a1\" data-id=\"237dd6a1\" data-element_type=\"column\">\n\t\t\t<div class=\"elementor-widget-wrap elementor-element-populated\">\n\t\t\t\t\t\t<div class=\"elementor-element elementor-element-5dbd1f91 elementor-widget elementor-widget-woocommerce-breadcrumb\" data-id=\"5dbd1f91\" data-element_type=\"widget\" data-widget_type=\"woocommerce-breadcrumb.default\">\n\t\t\t\t<div class=\"elementor-widget-container\">\n\t\t\t<nav class=\"woocommerce-breadcrumb\" aria-label=\"Breadcrumb\">Startseite<\/nav>\t\t<\/div>\n\t\t\t\t<\/div>\n\t\t\t\t\t<\/div>\n\t\t<\/div>\n\t\t\t\t\t<\/div>\n\t\t<\/section>\n\t\t\t\t<section class=\"elementor-section elementor-top-section elementor-element elementor-element-75347426 elementor-section-boxed elementor-section-height-default elementor-section-height-default\" data-id=\"75347426\" data-element_type=\"section\">\n\t\t\t\t\t\t<div class=\"elementor-container elementor-column-gap-default\">\n\t\t\t\t\t<div class=\"elementor-column elementor-col-100 elementor-top-column elementor-element elementor-element-2f03f0b4\" data-id=\"2f03f0b4\" data-element_type=\"column\">\n\t\t\t<div class=\"elementor-widget-wrap elementor-element-populated\">\n\t\t\t\t\t\t<div class=\"elementor-element elementor-element-62532097 elementor-widget elementor-widget-heading\" data-id=\"62532097\" data-element_type=\"widget\" data-widget_type=\"heading.default\">\n\t\t\t\t<div class=\"elementor-widget-container\">\n\t\t\t<h2 class=\"elementor-heading-title elementor-size-default\">Kaminbriketts<\/h2>\t\t<\/div>\n\t\t\t\t<\/div>\n\t\t\t\t\t<\/div>\n\t\t<\/div>\n\t\t\t\t\t<\/div>\n\t\t<\/section>\n\t\t\t\t<section class=\"elementor-section elementor-top-section elementor-element elementor-element-42749ac5 elementor-section-boxed elementor-section-height-default elementor-section-height-default\" data-id=\"42749ac5\" data-element_type=\"section\">\n\t\t\t\t\t\t<div class=\"elementor-container elementor-column-gap-default\">\n\t\t\t\t\t<div class=\"elementor-column elementor-col-100 elementor-top-column elementor-element elementor-element-3d0cd98c\" data-id=\"3d0cd98c\" data-element_type=\"column\">\n\t\t\t<div class=\"elementor-widget-wrap elementor-element-populated\">\n\t\t\t\t\t\t<section class=\"elementor-section elementor-inner-section elementor-element elementor-element-26d9ddc elementor-section-boxed elementor-section-height-default elementor-section-height-default\" data-id=\"26d9ddc\" data-element_type=\"section\">\n\t\t\t\t\t\t<div class=\"elementor-container elementor-column-gap-default\">\n\t\t\t\t\t<div class=\"elementor-column elementor-col-50 elementor-inner-column elementor-element elementor-element-7fbcc8f\" data-id=\"7fbcc8f\" data-element_type=\"column\">\n\t\t\t<div class=\"elementor-widget-wrap elementor-element-populated\">\n\t\t\t\t\t\t<div class=\"elementor-element elementor-element-8defa51 elementor-widget elementor-widget-text-editor\" data-id=\"8defa51\" data-element_type=\"widget\" data-widget_type=\"text-editor.default\">\n\t\t\t\t<div class=\"elementor-widget-container\">\n\t\t\t\t\t\t\t<p>Ungef\u00e4hre Ma\u00dfe eines Briketts:<\/p>\n<p><strong>64 \u00d7 154 \u00d7 75 mm.<\/strong><\/p>\n\t\t\t\t\t\t<\/div>\n\t\t\t\t<\/div>\n\t\t\t\t\t<\/div>\n\t\t<\/div>\n\t\t\t\t<div class=\"elementor-column elementor-col-50 elementor-inner-column elementor-element elementor-element-4f10582\" data-id=\"4f10582\" data-element_type=\"column\">\n\t\t\t<div class=\"elementor-widget-wrap elementor-element-populated\">\n\t\t\t\t\t\t<div class=\"elementor-element elementor-element-49282ca4 elementor-widget elementor-widget-text-editor\" data-id=\"49282ca4\" data-element_type=\"widget\" data-widget_type=\"text-editor.default\">\n\t\t\t\t<div class=\"elementor-widget-container\">\n\t\t\t\t\t\t\t<p>Information zum aktuellen Preis:<\/p><p><span style=\"color: #2d6148; font-size: 18pt;\">\u00a0<\/span><span style=\"font-size: 18pt;\"><strong><span style=\"color: #2d6148;\"><b>00420 606 617 056<\/b><\/span><\/strong><\/span><\/p>\t\t\t\t\t\t<\/div>\n\t\t\t\t<\/div>\n\t\t\t\t\t<\/div>\n\t\t<\/div>\n\t\t\t\t\t<\/div>\n\t\t<\/section>\n\t\t\t\t<section class=\"elementor-section elementor-inner-section elementor-element elementor-element-a8da712 elementor-section-boxed elementor-section-height-default elementor-section-height-default\" data-id=\"a8da712\" data-element_type=\"section\">\n\t\t\t\t\t\t<div class=\"elementor-container elementor-column-gap-default\">\n\t\t\t\t\t<div class=\"elementor-column elementor-col-50 elementor-inner-column elementor-element elementor-element-b890017\" data-id=\"b890017\" data-element_type=\"column\">\n\t\t\t<div class=\"elementor-widget-wrap elementor-element-populated\">\n\t\t\t\t\t\t<div class=\"elementor-element elementor-element-aa1497e elementor-widget elementor-widget-image\" data-id=\"aa1497e\" data-element_type=\"widget\" data-widget_type=\"image.default\">\n\t\t\t\t<div class=\"elementor-widget-container\">\n\t\t\t\t\t\t\t\t\t\t\t\t\t\t<a href=\"https:\/\/www.czechdoor.cz\/wp-content\/uploads\/brikety2.gif\" data-elementor-open-lightbox=\"yes\" data-elementor-lightbox-title=\"brikety2\" data-e-action-hash=\"#elementor-action%3Aaction%3Dlightbox%26settings%3DeyJpZCI6MTIyMjE5LCJ1cmwiOiJodHRwczpcL1wvd3d3LmN6ZWNoZG9vci5jelwvd3AtY29udGVudFwvdXBsb2Fkc1wvYnJpa2V0eTIuZ2lmIn0%3D\">\n\t\t\t\t\t\t\t<img fetchpriority=\"high\" decoding=\"async\" width=\"300\" height=\"300\" src=\"https:\/\/www.czechdoor.cz\/wp-content\/uploads\/brikety2.gif\" class=\"attachment-full size-full wp-image-122219\" alt=\"\" \/>\t\t\t\t\t\t\t\t<\/a>\n\t\t\t\t\t\t\t\t\t\t\t\t\t<\/div>\n\t\t\t\t<\/div>\n\t\t\t\t\t<\/div>\n\t\t<\/div>\n\t\t\t\t<div class=\"elementor-column elementor-col-50 elementor-inner-column elementor-element elementor-element-38b93c5\" data-id=\"38b93c5\" data-element_type=\"column\">\n\t\t\t<div class=\"elementor-widget-wrap elementor-element-populated\">\n\t\t\t\t\t\t<div class=\"elementor-element elementor-element-c8a71da elementor-widget elementor-widget-image\" data-id=\"c8a71da\" data-element_type=\"widget\" data-widget_type=\"image.default\">\n\t\t\t\t<div class=\"elementor-widget-container\">\n\t\t\t\t\t\t\t\t\t\t\t\t\t\t<a href=\"https:\/\/www.czechdoor.cz\/wp-content\/uploads\/brikety.jpg\" data-elementor-open-lightbox=\"yes\" data-elementor-lightbox-title=\"brikety\" data-e-action-hash=\"#elementor-action%3Aaction%3Dlightbox%26settings%3DeyJpZCI6MTIyMjE2LCJ1cmwiOiJodHRwczpcL1wvd3d3LmN6ZWNoZG9vci5jelwvd3AtY29udGVudFwvdXBsb2Fkc1wvYnJpa2V0eS5qcGcifQ%3D%3D\">\n\t\t\t\t\t\t\t<img decoding=\"async\" width=\"300\" height=\"300\" src=\"https:\/\/www.czechdoor.cz\/wp-content\/uploads\/brikety.jpg\" class=\"attachment-full size-full wp-image-122216\" alt=\"\" \/>\t\t\t\t\t\t\t\t<\/a>\n\t\t\t\t\t\t\t\t\t\t\t\t\t<\/div>\n\t\t\t\t<\/div>\n\t\t\t\t\t<\/div>\n\t\t<\/div>\n\t\t\t\t\t<\/div>\n\t\t<\/section>\n\t\t\t\t\t<\/div>\n\t\t<\/div>\n\t\t\t\t\t<\/div>\n\t\t<\/section>\n\t\t\t\t<\/div>\n\t\t","protected":false},"excerpt":{"rendered":"<p>Kaminbriketts Ungef\u00e4hre Ma\u00dfe eines Briketts: 64 \u00d7 154 \u00d7 75 mm. Information zum aktuellen Preis: \u00a000420 606 617 056<\/p>\n","protected":false},"author":1,"featured_media":0,"parent":0,"menu_order":0,"comment_status":"closed","ping_status":"closed","template":"","meta":{"footnotes":""},"class_list":["post-90473","page","type-page","status-publish","hentry"],"yoast_head":"<!-- This site is optimized with the Yoast SEO plugin v23.4 - https:\/\/yoast.com\/wordpress\/plugins\/seo\/ -->\n<title>Kaminbriketts - Innent\u00fcren aus Massivholz<\/title>\n<meta name=\"robots\" content=\"index, follow, max-snippet:-1, max-image-preview:large, max-video-preview:-1\" \/>\n<link rel=\"canonical\" href=\"http:\/\/www.czechdoor.cz\/de\/kaminbriketts\/\" \/>\n<meta property=\"og:locale\" content=\"de_DE\" \/>\n<meta property=\"og:type\" content=\"article\" \/>\n<meta property=\"og:title\" content=\"Kaminbriketts - Innent\u00fcren aus Massivholz\" \/>\n<meta property=\"og:description\" content=\"Kaminbriketts Ungef\u00e4hre Ma\u00dfe eines Briketts: 64 \u00d7 154 \u00d7 75 mm. Information zum aktuellen Preis: \u00a000420 606 617 056\" \/>\n<meta property=\"og:url\" content=\"http:\/\/www.czechdoor.cz\/de\/kaminbriketts\/\" \/>\n<meta property=\"og:site_name\" content=\"Innent\u00fcren aus Massivholz\" \/>\n<meta property=\"article:modified_time\" content=\"2021-11-05T11:32:31+00:00\" \/>\n<meta property=\"og:image\" content=\"https:\/\/www.czechdoor.cz\/wp-content\/uploads\/brikety2.gif\" \/>\n<meta name=\"twitter:card\" content=\"summary_large_image\" \/>\n<script type=\"application\/ld+json\" class=\"yoast-schema-graph\">{\"@context\":\"https:\/\/schema.org\",\"@graph\":[{\"@type\":\"WebPage\",\"@id\":\"http:\/\/www.czechdoor.cz\/de\/kaminbriketts\/\",\"url\":\"http:\/\/www.czechdoor.cz\/de\/kaminbriketts\/\",\"name\":\"Kaminbriketts - Innent\u00fcren aus Massivholz\",\"isPartOf\":{\"@id\":\"https:\/\/www.czechdoor.cz\/cs\/#website\"},\"primaryImageOfPage\":{\"@id\":\"http:\/\/www.czechdoor.cz\/de\/kaminbriketts\/#primaryimage\"},\"image\":{\"@id\":\"http:\/\/www.czechdoor.cz\/de\/kaminbriketts\/#primaryimage\"},\"thumbnailUrl\":\"https:\/\/www.czechdoor.cz\/wp-content\/uploads\/brikety2.gif\",\"datePublished\":\"2019-09-05T12:30:35+00:00\",\"dateModified\":\"2021-11-05T11:32:31+00:00\",\"breadcrumb\":{\"@id\":\"http:\/\/www.czechdoor.cz\/de\/kaminbriketts\/#breadcrumb\"},\"inLanguage\":\"de\",\"potentialAction\":[{\"@type\":\"ReadAction\",\"target\":[\"http:\/\/www.czechdoor.cz\/de\/kaminbriketts\/\"]}]},{\"@type\":\"ImageObject\",\"inLanguage\":\"de\",\"@id\":\"http:\/\/www.czechdoor.cz\/de\/kaminbriketts\/#primaryimage\",\"url\":\"https:\/\/www.czechdoor.cz\/wp-content\/uploads\/brikety2.gif\",\"contentUrl\":\"https:\/\/www.czechdoor.cz\/wp-content\/uploads\/brikety2.gif\"},{\"@type\":\"BreadcrumbList\",\"@id\":\"http:\/\/www.czechdoor.cz\/de\/kaminbriketts\/#breadcrumb\",\"itemListElement\":[{\"@type\":\"ListItem\",\"position\":1,\"name\":\"\u0413\u043b\u0430\u0432\u043d\u0430\u044f \u0441\u0442\u0440\u0430\u043d\u0438\u0446\u0430\",\"item\":\"https:\/\/www.czechdoor.cz\/de\/\"},{\"@type\":\"ListItem\",\"position\":2,\"name\":\"Kaminbriketts\"}]},{\"@type\":\"WebSite\",\"@id\":\"https:\/\/www.czechdoor.cz\/cs\/#website\",\"url\":\"https:\/\/www.czechdoor.cz\/cs\/\",\"name\":\"Innent\u00fcren aus Massivholz\",\"description\":\"Seit 28 Jahren stellt unser Betrieb T\u00fcren und Zargen aus Massivholz her.\",\"publisher\":{\"@id\":\"https:\/\/www.czechdoor.cz\/cs\/#organization\"},\"potentialAction\":[{\"@type\":\"SearchAction\",\"target\":{\"@type\":\"EntryPoint\",\"urlTemplate\":\"https:\/\/www.czechdoor.cz\/cs\/?s={search_term_string}\"},\"query-input\":{\"@type\":\"PropertyValueSpecification\",\"valueRequired\":true,\"valueName\":\"search_term_string\"}}],\"inLanguage\":\"de\"},{\"@type\":\"Organization\",\"@id\":\"https:\/\/www.czechdoor.cz\/cs\/#organization\",\"name\":\"CzechDoor. Interi\u00e9rov\u00e9 dve\u0159e z masivu\",\"url\":\"https:\/\/www.czechdoor.cz\/cs\/\",\"logo\":{\"@type\":\"ImageObject\",\"inLanguage\":\"de\",\"@id\":\"https:\/\/www.czechdoor.cz\/cs\/#\/schema\/logo\/image\/\",\"url\":\"https:\/\/www.czechdoor.cz\/wp-content\/uploads\/logo-czechdoor-ru.png\",\"contentUrl\":\"https:\/\/www.czechdoor.cz\/wp-content\/uploads\/logo-czechdoor-ru.png\",\"width\":550,\"height\":162,\"caption\":\"CzechDoor. Interi\u00e9rov\u00e9 dve\u0159e z masivu\"},\"image\":{\"@id\":\"https:\/\/www.czechdoor.cz\/cs\/#\/schema\/logo\/image\/\"}}]}<\/script>\n<!-- \/ Yoast SEO plugin. -->","yoast_head_json":{"title":"Kaminbriketts - Innent\u00fcren aus Massivholz","robots":{"index":"index","follow":"follow","max-snippet":"max-snippet:-1","max-image-preview":"max-image-preview:large","max-video-preview":"max-video-preview:-1"},"canonical":"http:\/\/www.czechdoor.cz\/de\/kaminbriketts\/","og_locale":"de_DE","og_type":"article","og_title":"Kaminbriketts - Innent\u00fcren aus Massivholz","og_description":"Kaminbriketts Ungef\u00e4hre Ma\u00dfe eines Briketts: 64 \u00d7 154 \u00d7 75 mm. Information zum aktuellen Preis: \u00a000420 606 617 056","og_url":"http:\/\/www.czechdoor.cz\/de\/kaminbriketts\/","og_site_name":"Innent\u00fcren aus Massivholz","article_modified_time":"2021-11-05T11:32:31+00:00","og_image":[{"url":"https:\/\/www.czechdoor.cz\/wp-content\/uploads\/brikety2.gif"}],"twitter_card":"summary_large_image","schema":{"@context":"https:\/\/schema.org","@graph":[{"@type":"WebPage","@id":"http:\/\/www.czechdoor.cz\/de\/kaminbriketts\/","url":"http:\/\/www.czechdoor.cz\/de\/kaminbriketts\/","name":"Kaminbriketts - Innent\u00fcren aus Massivholz","isPartOf":{"@id":"https:\/\/www.czechdoor.cz\/cs\/#website"},"primaryImageOfPage":{"@id":"http:\/\/www.czechdoor.cz\/de\/kaminbriketts\/#primaryimage"},"image":{"@id":"http:\/\/www.czechdoor.cz\/de\/kaminbriketts\/#primaryimage"},"thumbnailUrl":"https:\/\/www.czechdoor.cz\/wp-content\/uploads\/brikety2.gif","datePublished":"2019-09-05T12:30:35+00:00","dateModified":"2021-11-05T11:32:31+00:00","breadcrumb":{"@id":"http:\/\/www.czechdoor.cz\/de\/kaminbriketts\/#breadcrumb"},"inLanguage":"de","potentialAction":[{"@type":"ReadAction","target":["http:\/\/www.czechdoor.cz\/de\/kaminbriketts\/"]}]},{"@type":"ImageObject","inLanguage":"de","@id":"http:\/\/www.czechdoor.cz\/de\/kaminbriketts\/#primaryimage","url":"https:\/\/www.czechdoor.cz\/wp-content\/uploads\/brikety2.gif","contentUrl":"https:\/\/www.czechdoor.cz\/wp-content\/uploads\/brikety2.gif"},{"@type":"BreadcrumbList","@id":"http:\/\/www.czechdoor.cz\/de\/kaminbriketts\/#breadcrumb","itemListElement":[{"@type":"ListItem","position":1,"name":"\u0413\u043b\u0430\u0432\u043d\u0430\u044f \u0441\u0442\u0440\u0430\u043d\u0438\u0446\u0430","item":"https:\/\/www.czechdoor.cz\/de\/"},{"@type":"ListItem","position":2,"name":"Kaminbriketts"}]},{"@type":"WebSite","@id":"https:\/\/www.czechdoor.cz\/cs\/#website","url":"https:\/\/www.czechdoor.cz\/cs\/","name":"Innent\u00fcren aus Massivholz","description":"Seit 28 Jahren stellt unser Betrieb T\u00fcren und Zargen aus Massivholz her.","publisher":{"@id":"https:\/\/www.czechdoor.cz\/cs\/#organization"},"potentialAction":[{"@type":"SearchAction","target":{"@type":"EntryPoint","urlTemplate":"https:\/\/www.czechdoor.cz\/cs\/?s={search_term_string}"},"query-input":{"@type":"PropertyValueSpecification","valueRequired":true,"valueName":"search_term_string"}}],"inLanguage":"de"},{"@type":"Organization","@id":"https:\/\/www.czechdoor.cz\/cs\/#organization","name":"CzechDoor. Interi\u00e9rov\u00e9 dve\u0159e z masivu","url":"https:\/\/www.czechdoor.cz\/cs\/","logo":{"@type":"ImageObject","inLanguage":"de","@id":"https:\/\/www.czechdoor.cz\/cs\/#\/schema\/logo\/image\/","url":"https:\/\/www.czechdoor.cz\/wp-content\/uploads\/logo-czechdoor-ru.png","contentUrl":"https:\/\/www.czechdoor.cz\/wp-content\/uploads\/logo-czechdoor-ru.png","width":550,"height":162,"caption":"CzechDoor. Interi\u00e9rov\u00e9 dve\u0159e z masivu"},"image":{"@id":"https:\/\/www.czechdoor.cz\/cs\/#\/schema\/logo\/image\/"}}]}},"_links":{"self":[{"href":"https:\/\/www.czechdoor.cz\/de\/wp-json\/wp\/v2\/pages\/90473","targetHints":{"allow":["GET"]}}],"collection":[{"href":"https:\/\/www.czechdoor.cz\/de\/wp-json\/wp\/v2\/pages"}],"about":[{"href":"https:\/\/www.czechdoor.cz\/de\/wp-json\/wp\/v2\/types\/page"}],"author":[{"embeddable":true,"href":"https:\/\/www.czechdoor.cz\/de\/wp-json\/wp\/v2\/users\/1"}],"replies":[{"embeddable":true,"href":"https:\/\/www.czechdoor.cz\/de\/wp-json\/wp\/v2\/comments?post=90473"}],"version-history":[{"count":3,"href":"https:\/\/www.czechdoor.cz\/de\/wp-json\/wp\/v2\/pages\/90473\/revisions"}],"predecessor-version":[{"id":123323,"href":"https:\/\/www.czechdoor.cz\/de\/wp-json\/wp\/v2\/pages\/90473\/revisions\/123323"}],"wp:attachment":[{"href":"https:\/\/www.czechdoor.cz\/de\/wp-json\/wp\/v2\/media?parent=90473"}],"curies":[{"name":"wp","href":"https:\/\/api.w.org\/{rel}","templated":true}]}}