{"id":90034,"date":"2019-09-04T08:20:17","date_gmt":"2019-09-04T08:20:17","guid":{"rendered":"https:\/\/www.czechdoor.cz\/provence-fg\/"},"modified":"2022-01-21T16:39:59","modified_gmt":"2022-01-21T16:39:59","slug":"provence-fg","status":"publish","type":"page","link":"https:\/\/www.czechdoor.cz\/cs\/provence-fg\/","title":{"rendered":"Provence (FG)"},"content":{"rendered":"\t\t<div data-elementor-type=\"wp-post\" data-elementor-id=\"90034\" class=\"elementor elementor-90034 elementor-25\" data-elementor-post-type=\"page\">\n\t\t\t\t\t\t<section class=\"elementor-section elementor-top-section elementor-element elementor-element-6bec6bfa elementor-section-boxed elementor-section-height-default elementor-section-height-default\" data-id=\"6bec6bfa\" data-element_type=\"section\">\n\t\t\t\t\t\t<div class=\"elementor-container elementor-column-gap-default\">\n\t\t\t\t\t<div class=\"elementor-column elementor-col-100 elementor-top-column elementor-element elementor-element-75078859\" data-id=\"75078859\" data-element_type=\"column\">\n\t\t\t<div class=\"elementor-widget-wrap elementor-element-populated\">\n\t\t\t\t\t\t<div class=\"elementor-element elementor-element-60bf087c elementor-widget elementor-widget-woocommerce-breadcrumb\" data-id=\"60bf087c\" data-element_type=\"widget\" data-widget_type=\"woocommerce-breadcrumb.default\">\n\t\t\t\t<div class=\"elementor-widget-container\">\n\t\t\t<nav class=\"woocommerce-breadcrumb\" aria-label=\"Breadcrumb\">Dom\u016f<\/nav>\t\t<\/div>\n\t\t\t\t<\/div>\n\t\t\t\t\t<\/div>\n\t\t<\/div>\n\t\t\t\t\t<\/div>\n\t\t<\/section>\n\t\t\t\t<section class=\"elementor-section elementor-top-section elementor-element elementor-element-13cb317b elementor-section-boxed elementor-section-height-default elementor-section-height-default\" data-id=\"13cb317b\" data-element_type=\"section\" data-settings=\"{&quot;background_background&quot;:&quot;classic&quot;}\">\n\t\t\t\t\t\t<div class=\"elementor-container elementor-column-gap-default\">\n\t\t\t\t\t<div class=\"elementor-column elementor-col-100 elementor-top-column elementor-element elementor-element-46d4b430\" data-id=\"46d4b430\" data-element_type=\"column\">\n\t\t\t<div class=\"elementor-widget-wrap elementor-element-populated\">\n\t\t\t\t\t\t<div class=\"elementor-element elementor-element-2b819e11 elementor-widget elementor-widget-heading\" data-id=\"2b819e11\" data-element_type=\"widget\" data-widget_type=\"heading.default\">\n\t\t\t\t<div class=\"elementor-widget-container\">\n\t\t\t<h2 class=\"elementor-heading-title elementor-size-default\"> Provence (FG)<\/h2>\t\t<\/div>\n\t\t\t\t<\/div>\n\t\t\t\t\t<\/div>\n\t\t<\/div>\n\t\t\t\t\t<\/div>\n\t\t<\/section>\n\t\t\t\t<section class=\"elementor-section elementor-top-section elementor-element elementor-element-b68b22b elementor-section-boxed elementor-section-height-default elementor-section-height-default\" data-id=\"b68b22b\" data-element_type=\"section\">\n\t\t\t\t\t\t<div class=\"elementor-container elementor-column-gap-default\">\n\t\t\t\t\t<div class=\"elementor-column elementor-col-33 elementor-top-column elementor-element elementor-element-4e615575 elementor-invisible\" data-id=\"4e615575\" data-element_type=\"column\" data-settings=\"{&quot;animation&quot;:&quot;fadeIn&quot;}\">\n\t\t\t<div class=\"elementor-widget-wrap elementor-element-populated\">\n\t\t\t\t\t\t<div class=\"elementor-element elementor-element-677cda77 elementor-widget elementor-widget-image\" data-id=\"677cda77\" data-element_type=\"widget\" data-widget_type=\"image.default\">\n\t\t\t\t<div class=\"elementor-widget-container\">\n\t\t\t\t\t\t\t\t\t\t\t\t\t<img fetchpriority=\"high\" decoding=\"async\" width=\"613\" height=\"500\" src=\"https:\/\/www.czechdoor.cz\/wp-content\/uploads\/2019\/05\/2FGS_m.jpg\" class=\"attachment-full size-full wp-image-89838\" alt=\"\" \/>\t\t\t\t\t\t\t\t\t\t\t\t\t<\/div>\n\t\t\t\t<\/div>\n\t\t\t\t<div class=\"elementor-element elementor-element-4b237cc9 elementor-widget elementor-widget-heading\" data-id=\"4b237cc9\" data-element_type=\"widget\" data-widget_type=\"heading.default\">\n\t\t\t\t<div class=\"elementor-widget-container\">\n\t\t\t<h2 class=\"elementor-heading-title elementor-size-default\">Provence (FG) bez skla<\/h2>\t\t<\/div>\n\t\t\t\t<\/div>\n\t\t\t\t\t<\/div>\n\t\t<\/div>\n\t\t\t\t<div class=\"elementor-column elementor-col-33 elementor-top-column elementor-element elementor-element-15aafb7f elementor-invisible\" data-id=\"15aafb7f\" data-element_type=\"column\" data-settings=\"{&quot;animation&quot;:&quot;fadeIn&quot;}\">\n\t\t\t<div class=\"elementor-widget-wrap elementor-element-populated\">\n\t\t\t\t\t\t<div class=\"elementor-element elementor-element-349eb01e elementor-widget elementor-widget-image\" data-id=\"349eb01e\" data-element_type=\"widget\" data-widget_type=\"image.default\">\n\t\t\t\t<div class=\"elementor-widget-container\">\n\t\t\t\t\t\t\t\t\t\t\t\t\t<img decoding=\"async\" width=\"613\" height=\"500\" src=\"https:\/\/www.czechdoor.cz\/wp-content\/uploads\/2019\/05\/2FGS-LA-1-4_m.jpg\" class=\"attachment-full size-full wp-image-89841\" alt=\"\" \/>\t\t\t\t\t\t\t\t\t\t\t\t\t<\/div>\n\t\t\t\t<\/div>\n\t\t\t\t<div class=\"elementor-element elementor-element-3214dd08 elementor-widget elementor-widget-heading\" data-id=\"3214dd08\" data-element_type=\"widget\" data-widget_type=\"heading.default\">\n\t\t\t\t<div class=\"elementor-widget-container\">\n\t\t\t<h2 class=\"elementor-heading-title elementor-size-default\">Provence (FG) se sklem<\/h2>\t\t<\/div>\n\t\t\t\t<\/div>\n\t\t\t\t\t<\/div>\n\t\t<\/div>\n\t\t\t\t<div class=\"elementor-column elementor-col-33 elementor-top-column elementor-element elementor-element-7b07e0e elementor-invisible\" data-id=\"7b07e0e\" data-element_type=\"column\" data-settings=\"{&quot;animation&quot;:&quot;fadeIn&quot;}\">\n\t\t\t<div class=\"elementor-widget-wrap elementor-element-populated\">\n\t\t\t\t\t\t<div class=\"elementor-element elementor-element-28ecbdd1 elementor-widget elementor-widget-image\" data-id=\"28ecbdd1\" data-element_type=\"widget\" data-widget_type=\"image.default\">\n\t\t\t\t<div class=\"elementor-widget-container\">\n\t\t\t\t\t\t\t\t\t\t\t\t\t<img decoding=\"async\" width=\"613\" height=\"500\" src=\"https:\/\/www.czechdoor.cz\/wp-content\/uploads\/2019\/05\/2FGS-LA1-8_m.jpg\" class=\"attachment-full size-full wp-image-89848\" alt=\"\" \/>\t\t\t\t\t\t\t\t\t\t\t\t\t<\/div>\n\t\t\t\t<\/div>\n\t\t\t\t<div class=\"elementor-element elementor-element-5120f1c8 elementor-widget elementor-widget-heading\" data-id=\"5120f1c8\" data-element_type=\"widget\" data-widget_type=\"heading.default\">\n\t\t\t\t<div class=\"elementor-widget-container\">\n\t\t\t<h2 class=\"elementor-heading-title elementor-size-default\">Provence (FG) prosklen\u00e9 dve\u0159e<\/h2>\t\t<\/div>\n\t\t\t\t<\/div>\n\t\t\t\t\t<\/div>\n\t\t<\/div>\n\t\t\t\t\t<\/div>\n\t\t<\/section>\n\t\t\t\t<section class=\"elementor-section elementor-top-section elementor-element elementor-element-5776e02c elementor-section-boxed elementor-section-height-default elementor-section-height-default\" data-id=\"5776e02c\" data-element_type=\"section\">\n\t\t\t\t\t\t<div class=\"elementor-container elementor-column-gap-default\">\n\t\t\t\t\t<div class=\"elementor-column elementor-col-100 elementor-top-column elementor-element elementor-element-1b931fee\" data-id=\"1b931fee\" data-element_type=\"column\">\n\t\t\t<div class=\"elementor-widget-wrap elementor-element-populated\">\n\t\t\t\t\t\t<div class=\"elementor-element elementor-element-2ba42199 elementor-widget elementor-widget-text-editor\" data-id=\"2ba42199\" data-element_type=\"widget\" data-widget_type=\"text-editor.default\">\n\t\t\t\t<div class=\"elementor-widget-container\">\n\t\t\t\t\t\t\t<p>Profilovan\u00e9 v\u00fdpln\u011b a bohat\u011b zdobn\u00e9 profily dve\u0159n\u00edch vlys\u016f a zaskl\u00edvac\u00edch li\u0161t najdete pr\u00e1v\u011b u t\u00e9to \u0159ady. Bohat\u0161\u00ed zdoben\u00ed napln\u00ed interi\u00e9r atmosf\u00e9rou d\u00e1vn\u00fdch dob. Klasick\u00fd styl, u kter\u00e9ho vynikne kr\u00e1sa d\u0159eva.<\/p><p><strong>Na rozd\u00edl od jin\u00fdch v\u00fdrobc\u016f, kte\u0159\u00ed v\u011bt\u0161inou vyr\u00e1b\u00ed v\u00fdpln\u011b ze sp\u00e1rovky, my u v\u0161ech na\u0161ich dve\u0159\u00ed pou\u017e\u00edv\u00e1me u v\u00fdpln\u00ed vysoce kvalitn\u00ed t\u0159\u00edvrstvou biodesku a proto na\u0161e dve\u0159e pat\u0159\u00ed ke skupin\u011b premium ( lep\u0161\u00ed kvalita zpracov\u00e1n\u00ed).<\/strong><\/p>\t\t\t\t\t\t<\/div>\n\t\t\t\t<\/div>\n\t\t\t\t<div class=\"elementor-element elementor-element-6bfe033e elementor-widget-divider--view-line elementor-invisible elementor-widget elementor-widget-divider\" data-id=\"6bfe033e\" data-element_type=\"widget\" data-settings=\"{&quot;_animation&quot;:&quot;zoomIn&quot;}\" data-widget_type=\"divider.default\">\n\t\t\t\t<div class=\"elementor-widget-container\">\n\t\t\t\t\t<div class=\"elementor-divider\">\n\t\t\t<span class=\"elementor-divider-separator\">\n\t\t\t\t\t\t<\/span>\n\t\t<\/div>\n\t\t\t\t<\/div>\n\t\t\t\t<\/div>\n\t\t\t\t\t<\/div>\n\t\t<\/div>\n\t\t\t\t\t<\/div>\n\t\t<\/section>\n\t\t\t\t<section class=\"elementor-section elementor-top-section elementor-element elementor-element-1f3c2dd5 elementor-section-boxed elementor-section-height-default elementor-section-height-default\" data-id=\"1f3c2dd5\" data-element_type=\"section\">\n\t\t\t\t\t\t<div class=\"elementor-container elementor-column-gap-default\">\n\t\t\t\t\t<div class=\"elementor-column elementor-col-50 elementor-top-column elementor-element elementor-element-1786d132\" data-id=\"1786d132\" data-element_type=\"column\">\n\t\t\t<div class=\"elementor-widget-wrap elementor-element-populated\">\n\t\t\t\t\t\t<div class=\"elementor-element elementor-element-1567dd6c elementor-widget elementor-widget-heading\" data-id=\"1567dd6c\" data-element_type=\"widget\" data-widget_type=\"heading.default\">\n\t\t\t\t<div class=\"elementor-widget-container\">\n\t\t\t<h2 class=\"elementor-heading-title elementor-size-default\">D\u0158EVINY<\/h2>\t\t<\/div>\n\t\t\t\t<\/div>\n\t\t\t\t<div class=\"elementor-element elementor-element-2b2bed57 elementor-widget elementor-widget-text-editor\" data-id=\"2b2bed57\" data-element_type=\"widget\" data-widget_type=\"text-editor.default\">\n\t\t\t\t<div class=\"elementor-widget-container\">\n\t\t\t\t\t\t\t<p>Smrk sukat\u00fd, smrk bezsuk\u00fd, borovice sukat\u00e1, borovice bezsuk\u00e1, ol\u0161e bezsuk\u00e1, buk bezsuk\u00fd, mod\u0159\u00edn bezsuk\u00fd, javor bezsuk\u00fd, dub sukat\u00fd, dub bezsuk\u00fd.<\/p>\n\t\t\t\t\t\t<\/div>\n\t\t\t\t<\/div>\n\t\t\t\t<div class=\"elementor-element elementor-element-ab1ddb elementor-widget elementor-widget-heading\" data-id=\"ab1ddb\" data-element_type=\"widget\" data-widget_type=\"heading.default\">\n\t\t\t\t<div class=\"elementor-widget-container\">\n\t\t\t<h2 class=\"elementor-heading-title elementor-size-default\">Povrchov\u00e1 \u00faprava<\/h2>\t\t<\/div>\n\t\t\t\t<\/div>\n\t\t\t\t<div class=\"elementor-element elementor-element-74cc6d48 elementor-widget elementor-widget-text-editor\" data-id=\"74cc6d48\" data-element_type=\"widget\" data-widget_type=\"text-editor.default\">\n\t\t\t\t<div class=\"elementor-widget-container\">\n\t\t\t\t\t\t\t<div>Povrch na\u0161ich v\u00fdrobk\u016f m\u016f\u017ee b\u00fdt hladk\u00fd nebo kart\u00e1\u010dovan\u00fd<\/div><div>Z\u00e1kladn\u00ed typy povrchov\u00fdch \u00faprav:<\/div><div>lak transparent, lak exclusiv, lak b\u00edl\u00fd pigment 1,25%, lak bil\u00fd pigment extra, bezbarv\u00fd vosk, parafinov\u00fd olej,<\/div><div>b\u00edl\u00e1 barva RAL 9010 a RAL 9016, r\u016fzn\u00e1 mo\u0159idla dle p\u0159\u00e1n\u00ed z\u00e1kazn\u00edka<\/div>\t\t\t\t\t\t<\/div>\n\t\t\t\t<\/div>\n\t\t\t\t\t<\/div>\n\t\t<\/div>\n\t\t\t\t<div class=\"elementor-column elementor-col-50 elementor-top-column elementor-element elementor-element-21707e9b\" data-id=\"21707e9b\" data-element_type=\"column\">\n\t\t\t<div class=\"elementor-widget-wrap elementor-element-populated\">\n\t\t\t\t\t\t<div class=\"elementor-element elementor-element-1ab35d9a elementor-widget elementor-widget-image\" data-id=\"1ab35d9a\" data-element_type=\"widget\" data-widget_type=\"image.default\">\n\t\t\t\t<div class=\"elementor-widget-container\">\n\t\t\t\t\t\t\t\t\t\t\t\t\t<img loading=\"lazy\" decoding=\"async\" width=\"700\" height=\"808\" src=\"https:\/\/www.czechdoor.cz\/wp-content\/uploads\/2019\/08\/FG.png\" class=\"attachment-full size-full wp-image-44102\" alt=\"\" \/>\t\t\t\t\t\t\t\t\t\t\t\t\t<\/div>\n\t\t\t\t<\/div>\n\t\t\t\t\t<\/div>\n\t\t<\/div>\n\t\t\t\t\t<\/div>\n\t\t<\/section>\n\t\t\t\t<\/div>\n\t\t","protected":false},"excerpt":{"rendered":"<p>Provence (FG) Provence (FG) bez skla Provence (FG) se sklem Provence (FG) prosklen\u00e9 dve\u0159e Profilovan\u00e9 v\u00fdpln\u011b a bohat\u011b zdobn\u00e9 profily dve\u0159n\u00edch vlys\u016f a zaskl\u00edvac\u00edch li\u0161t najdete pr\u00e1v\u011b u t\u00e9to \u0159ady. Bohat\u0161\u00ed zdoben\u00ed napln\u00ed interi\u00e9r atmosf\u00e9rou d\u00e1vn\u00fdch dob. Klasick\u00fd styl, u kter\u00e9ho vynikne kr\u00e1sa d\u0159eva. Na rozd\u00edl od jin\u00fdch v\u00fdrobc\u016f, kte\u0159\u00ed v\u011bt\u0161inou vyr\u00e1b\u00ed v\u00fdpln\u011b ze sp\u00e1rovky, [&hellip;]<\/p>\n","protected":false},"author":1,"featured_media":0,"parent":0,"menu_order":0,"comment_status":"closed","ping_status":"closed","template":"","meta":{"footnotes":""},"class_list":["post-90034","page","type-page","status-publish","hentry"],"yoast_head":"<!-- This site is optimized with the Yoast SEO plugin v23.4 - https:\/\/yoast.com\/wordpress\/plugins\/seo\/ -->\n<title>Provence (FG) - Interi\u00e9rov\u00e9 dve\u0159e z masivu<\/title>\n<meta name=\"robots\" content=\"index, follow, max-snippet:-1, max-image-preview:large, max-video-preview:-1\" \/>\n<link rel=\"canonical\" href=\"https:\/\/www.czechdoor.cz\/cs\/provence-fg\/\" \/>\n<meta property=\"og:locale\" content=\"cs_CZ\" \/>\n<meta property=\"og:type\" content=\"article\" \/>\n<meta property=\"og:title\" content=\"Provence (FG) - Interi\u00e9rov\u00e9 dve\u0159e z masivu\" \/>\n<meta property=\"og:description\" content=\"Provence (FG) Provence (FG) bez skla Provence (FG) se sklem Provence (FG) prosklen\u00e9 dve\u0159e Profilovan\u00e9 v\u00fdpln\u011b a bohat\u011b zdobn\u00e9 profily dve\u0159n\u00edch vlys\u016f a zaskl\u00edvac\u00edch li\u0161t najdete pr\u00e1v\u011b u t\u00e9to \u0159ady. Bohat\u0161\u00ed zdoben\u00ed napln\u00ed interi\u00e9r atmosf\u00e9rou d\u00e1vn\u00fdch dob. Klasick\u00fd styl, u kter\u00e9ho vynikne kr\u00e1sa d\u0159eva. Na rozd\u00edl od jin\u00fdch v\u00fdrobc\u016f, kte\u0159\u00ed v\u011bt\u0161inou vyr\u00e1b\u00ed v\u00fdpln\u011b ze sp\u00e1rovky, [&hellip;]\" \/>\n<meta property=\"og:url\" content=\"https:\/\/www.czechdoor.cz\/cs\/provence-fg\/\" \/>\n<meta property=\"og:site_name\" content=\"Interi\u00e9rov\u00e9 dve\u0159e z masivu\" \/>\n<meta property=\"article:modified_time\" content=\"2022-01-21T16:39:59+00:00\" \/>\n<meta property=\"og:image\" content=\"https:\/\/www.czechdoor.cz\/wp-content\/uploads\/2019\/05\/2FGS_m.jpg\" \/>\n<meta name=\"twitter:card\" content=\"summary_large_image\" \/>\n<meta name=\"twitter:label1\" content=\"Odhadovan\u00e1 doba \u010dten\u00ed\" \/>\n\t<meta name=\"twitter:data1\" content=\"1 minuta\" \/>\n<script type=\"application\/ld+json\" class=\"yoast-schema-graph\">{\"@context\":\"https:\/\/schema.org\",\"@graph\":[{\"@type\":\"WebPage\",\"@id\":\"https:\/\/www.czechdoor.cz\/cs\/provence-fg\/\",\"url\":\"https:\/\/www.czechdoor.cz\/cs\/provence-fg\/\",\"name\":\"Provence (FG) - Interi\u00e9rov\u00e9 dve\u0159e z masivu\",\"isPartOf\":{\"@id\":\"http:\/\/www.czechdoor.cz\/cs\/#website\"},\"primaryImageOfPage\":{\"@id\":\"https:\/\/www.czechdoor.cz\/cs\/provence-fg\/#primaryimage\"},\"image\":{\"@id\":\"https:\/\/www.czechdoor.cz\/cs\/provence-fg\/#primaryimage\"},\"thumbnailUrl\":\"https:\/\/www.czechdoor.cz\/wp-content\/uploads\/2019\/05\/2FGS_m.jpg\",\"datePublished\":\"2019-09-04T08:20:17+00:00\",\"dateModified\":\"2022-01-21T16:39:59+00:00\",\"breadcrumb\":{\"@id\":\"https:\/\/www.czechdoor.cz\/cs\/provence-fg\/#breadcrumb\"},\"inLanguage\":\"cs\",\"potentialAction\":[{\"@type\":\"ReadAction\",\"target\":[\"https:\/\/www.czechdoor.cz\/cs\/provence-fg\/\"]}]},{\"@type\":\"ImageObject\",\"inLanguage\":\"cs\",\"@id\":\"https:\/\/www.czechdoor.cz\/cs\/provence-fg\/#primaryimage\",\"url\":\"https:\/\/www.czechdoor.cz\/wp-content\/uploads\/2019\/05\/2FGS_m.jpg\",\"contentUrl\":\"https:\/\/www.czechdoor.cz\/wp-content\/uploads\/2019\/05\/2FGS_m.jpg\"},{\"@type\":\"BreadcrumbList\",\"@id\":\"https:\/\/www.czechdoor.cz\/cs\/provence-fg\/#breadcrumb\",\"itemListElement\":[{\"@type\":\"ListItem\",\"position\":1,\"name\":\"\u0413\u043b\u0430\u0432\u043d\u0430\u044f \u0441\u0442\u0440\u0430\u043d\u0438\u0446\u0430\",\"item\":\"http:\/\/www.czechdoor.cz\/cs\/\"},{\"@type\":\"ListItem\",\"position\":2,\"name\":\"Provence (FG)\"}]},{\"@type\":\"WebSite\",\"@id\":\"http:\/\/www.czechdoor.cz\/cs\/#website\",\"url\":\"http:\/\/www.czechdoor.cz\/cs\/\",\"name\":\"Interi\u00e9rov\u00e9 dve\u0159e z masivu\",\"description\":\"Kvalitn\u00ed dve\u0159e a z\u00e1rubn\u011b z masivu, interierov\u00e9 a vchodov\u00e9 dve\u0159e - Czech Door a.s.\",\"publisher\":{\"@id\":\"http:\/\/www.czechdoor.cz\/cs\/#organization\"},\"potentialAction\":[{\"@type\":\"SearchAction\",\"target\":{\"@type\":\"EntryPoint\",\"urlTemplate\":\"http:\/\/www.czechdoor.cz\/cs\/?s={search_term_string}\"},\"query-input\":{\"@type\":\"PropertyValueSpecification\",\"valueRequired\":true,\"valueName\":\"search_term_string\"}}],\"inLanguage\":\"cs\"},{\"@type\":\"Organization\",\"@id\":\"http:\/\/www.czechdoor.cz\/cs\/#organization\",\"name\":\"CzechDoor. Interi\u00e9rov\u00e9 dve\u0159e z masivu\",\"url\":\"http:\/\/www.czechdoor.cz\/cs\/\",\"logo\":{\"@type\":\"ImageObject\",\"inLanguage\":\"cs\",\"@id\":\"http:\/\/www.czechdoor.cz\/cs\/#\/schema\/logo\/image\/\",\"url\":\"https:\/\/www.czechdoor.cz\/wp-content\/uploads\/logo-czechdoor-ru.png\",\"contentUrl\":\"https:\/\/www.czechdoor.cz\/wp-content\/uploads\/logo-czechdoor-ru.png\",\"width\":550,\"height\":162,\"caption\":\"CzechDoor. Interi\u00e9rov\u00e9 dve\u0159e z masivu\"},\"image\":{\"@id\":\"http:\/\/www.czechdoor.cz\/cs\/#\/schema\/logo\/image\/\"}}]}<\/script>\n<!-- \/ Yoast SEO plugin. -->","yoast_head_json":{"title":"Provence (FG) - Interi\u00e9rov\u00e9 dve\u0159e z masivu","robots":{"index":"index","follow":"follow","max-snippet":"max-snippet:-1","max-image-preview":"max-image-preview:large","max-video-preview":"max-video-preview:-1"},"canonical":"https:\/\/www.czechdoor.cz\/cs\/provence-fg\/","og_locale":"cs_CZ","og_type":"article","og_title":"Provence (FG) - Interi\u00e9rov\u00e9 dve\u0159e z masivu","og_description":"Provence (FG) Provence (FG) bez skla Provence (FG) se sklem Provence (FG) prosklen\u00e9 dve\u0159e Profilovan\u00e9 v\u00fdpln\u011b a bohat\u011b zdobn\u00e9 profily dve\u0159n\u00edch vlys\u016f a zaskl\u00edvac\u00edch li\u0161t najdete pr\u00e1v\u011b u t\u00e9to \u0159ady. Bohat\u0161\u00ed zdoben\u00ed napln\u00ed interi\u00e9r atmosf\u00e9rou d\u00e1vn\u00fdch dob. Klasick\u00fd styl, u kter\u00e9ho vynikne kr\u00e1sa d\u0159eva. Na rozd\u00edl od jin\u00fdch v\u00fdrobc\u016f, kte\u0159\u00ed v\u011bt\u0161inou vyr\u00e1b\u00ed v\u00fdpln\u011b ze sp\u00e1rovky, [&hellip;]","og_url":"https:\/\/www.czechdoor.cz\/cs\/provence-fg\/","og_site_name":"Interi\u00e9rov\u00e9 dve\u0159e z masivu","article_modified_time":"2022-01-21T16:39:59+00:00","og_image":[{"url":"https:\/\/www.czechdoor.cz\/wp-content\/uploads\/2019\/05\/2FGS_m.jpg"}],"twitter_card":"summary_large_image","twitter_misc":{"Odhadovan\u00e1 doba \u010dten\u00ed":"1 minuta"},"schema":{"@context":"https:\/\/schema.org","@graph":[{"@type":"WebPage","@id":"https:\/\/www.czechdoor.cz\/cs\/provence-fg\/","url":"https:\/\/www.czechdoor.cz\/cs\/provence-fg\/","name":"Provence (FG) - Interi\u00e9rov\u00e9 dve\u0159e z masivu","isPartOf":{"@id":"http:\/\/www.czechdoor.cz\/cs\/#website"},"primaryImageOfPage":{"@id":"https:\/\/www.czechdoor.cz\/cs\/provence-fg\/#primaryimage"},"image":{"@id":"https:\/\/www.czechdoor.cz\/cs\/provence-fg\/#primaryimage"},"thumbnailUrl":"https:\/\/www.czechdoor.cz\/wp-content\/uploads\/2019\/05\/2FGS_m.jpg","datePublished":"2019-09-04T08:20:17+00:00","dateModified":"2022-01-21T16:39:59+00:00","breadcrumb":{"@id":"https:\/\/www.czechdoor.cz\/cs\/provence-fg\/#breadcrumb"},"inLanguage":"cs","potentialAction":[{"@type":"ReadAction","target":["https:\/\/www.czechdoor.cz\/cs\/provence-fg\/"]}]},{"@type":"ImageObject","inLanguage":"cs","@id":"https:\/\/www.czechdoor.cz\/cs\/provence-fg\/#primaryimage","url":"https:\/\/www.czechdoor.cz\/wp-content\/uploads\/2019\/05\/2FGS_m.jpg","contentUrl":"https:\/\/www.czechdoor.cz\/wp-content\/uploads\/2019\/05\/2FGS_m.jpg"},{"@type":"BreadcrumbList","@id":"https:\/\/www.czechdoor.cz\/cs\/provence-fg\/#breadcrumb","itemListElement":[{"@type":"ListItem","position":1,"name":"\u0413\u043b\u0430\u0432\u043d\u0430\u044f \u0441\u0442\u0440\u0430\u043d\u0438\u0446\u0430","item":"http:\/\/www.czechdoor.cz\/cs\/"},{"@type":"ListItem","position":2,"name":"Provence (FG)"}]},{"@type":"WebSite","@id":"http:\/\/www.czechdoor.cz\/cs\/#website","url":"http:\/\/www.czechdoor.cz\/cs\/","name":"Interi\u00e9rov\u00e9 dve\u0159e z masivu","description":"Kvalitn\u00ed dve\u0159e a z\u00e1rubn\u011b z masivu, interierov\u00e9 a vchodov\u00e9 dve\u0159e - Czech Door a.s.","publisher":{"@id":"http:\/\/www.czechdoor.cz\/cs\/#organization"},"potentialAction":[{"@type":"SearchAction","target":{"@type":"EntryPoint","urlTemplate":"http:\/\/www.czechdoor.cz\/cs\/?s={search_term_string}"},"query-input":{"@type":"PropertyValueSpecification","valueRequired":true,"valueName":"search_term_string"}}],"inLanguage":"cs"},{"@type":"Organization","@id":"http:\/\/www.czechdoor.cz\/cs\/#organization","name":"CzechDoor. Interi\u00e9rov\u00e9 dve\u0159e z masivu","url":"http:\/\/www.czechdoor.cz\/cs\/","logo":{"@type":"ImageObject","inLanguage":"cs","@id":"http:\/\/www.czechdoor.cz\/cs\/#\/schema\/logo\/image\/","url":"https:\/\/www.czechdoor.cz\/wp-content\/uploads\/logo-czechdoor-ru.png","contentUrl":"https:\/\/www.czechdoor.cz\/wp-content\/uploads\/logo-czechdoor-ru.png","width":550,"height":162,"caption":"CzechDoor. Interi\u00e9rov\u00e9 dve\u0159e z masivu"},"image":{"@id":"http:\/\/www.czechdoor.cz\/cs\/#\/schema\/logo\/image\/"}}]}},"_links":{"self":[{"href":"https:\/\/www.czechdoor.cz\/cs\/wp-json\/wp\/v2\/pages\/90034","targetHints":{"allow":["GET"]}}],"collection":[{"href":"https:\/\/www.czechdoor.cz\/cs\/wp-json\/wp\/v2\/pages"}],"about":[{"href":"https:\/\/www.czechdoor.cz\/cs\/wp-json\/wp\/v2\/types\/page"}],"author":[{"embeddable":true,"href":"https:\/\/www.czechdoor.cz\/cs\/wp-json\/wp\/v2\/users\/1"}],"replies":[{"embeddable":true,"href":"https:\/\/www.czechdoor.cz\/cs\/wp-json\/wp\/v2\/comments?post=90034"}],"version-history":[{"count":6,"href":"https:\/\/www.czechdoor.cz\/cs\/wp-json\/wp\/v2\/pages\/90034\/revisions"}],"predecessor-version":[{"id":123371,"href":"https:\/\/www.czechdoor.cz\/cs\/wp-json\/wp\/v2\/pages\/90034\/revisions\/123371"}],"wp:attachment":[{"href":"https:\/\/www.czechdoor.cz\/cs\/wp-json\/wp\/v2\/media?parent=90034"}],"curies":[{"name":"wp","href":"https:\/\/api.w.org\/{rel}","templated":true}]}}