{"id":89769,"date":"2019-09-03T10:08:18","date_gmt":"2019-09-03T10:08:18","guid":{"rendered":"https:\/\/www.czechdoor.cz\/systemy\/"},"modified":"2019-09-04T09:32:51","modified_gmt":"2019-09-04T09:32:51","slug":"systemy","status":"publish","type":"page","link":"https:\/\/www.czechdoor.cz\/cs\/systemy\/","title":{"rendered":"Syst\u00e9my"},"content":{"rendered":"\t\t<div data-elementor-type=\"wp-post\" data-elementor-id=\"89769\" class=\"elementor elementor-89769 elementor-72\" data-elementor-post-type=\"page\">\n\t\t\t\t\t\t<section class=\"elementor-section elementor-top-section elementor-element elementor-element-466b82a0 elementor-section-boxed elementor-section-height-default elementor-section-height-default\" data-id=\"466b82a0\" data-element_type=\"section\">\n\t\t\t\t\t\t<div class=\"elementor-container elementor-column-gap-default\">\n\t\t\t\t\t<div class=\"elementor-column elementor-col-100 elementor-top-column elementor-element elementor-element-5a6a62d2\" data-id=\"5a6a62d2\" data-element_type=\"column\">\n\t\t\t<div class=\"elementor-widget-wrap elementor-element-populated\">\n\t\t\t\t\t\t<div class=\"elementor-element elementor-element-3c69e902 elementor-widget elementor-widget-woocommerce-breadcrumb\" data-id=\"3c69e902\" data-element_type=\"widget\" data-widget_type=\"woocommerce-breadcrumb.default\">\n\t\t\t\t<div class=\"elementor-widget-container\">\n\t\t\t<nav class=\"woocommerce-breadcrumb\" aria-label=\"Breadcrumb\">Dom\u016f<\/nav>\t\t<\/div>\n\t\t\t\t<\/div>\n\t\t\t\t\t<\/div>\n\t\t<\/div>\n\t\t\t\t\t<\/div>\n\t\t<\/section>\n\t\t\t\t<section class=\"elementor-section elementor-top-section elementor-element elementor-element-3c025532 elementor-section-boxed elementor-section-height-default elementor-section-height-default\" data-id=\"3c025532\" data-element_type=\"section\">\n\t\t\t\t\t\t<div class=\"elementor-container elementor-column-gap-default\">\n\t\t\t\t\t<div class=\"elementor-column elementor-col-100 elementor-top-column elementor-element elementor-element-d61c5fd\" data-id=\"d61c5fd\" data-element_type=\"column\">\n\t\t\t<div class=\"elementor-widget-wrap elementor-element-populated\">\n\t\t\t\t\t\t<div class=\"elementor-element elementor-element-5fbaf9ee elementor-widget elementor-widget-heading\" data-id=\"5fbaf9ee\" data-element_type=\"widget\" data-widget_type=\"heading.default\">\n\t\t\t\t<div class=\"elementor-widget-container\">\n\t\t\t<h2 class=\"elementor-heading-title elementor-size-default\">Dve\u0159n\u00ed syst\u00e9my<\/h2>\t\t<\/div>\n\t\t\t\t<\/div>\n\t\t\t\t\t<\/div>\n\t\t<\/div>\n\t\t\t\t\t<\/div>\n\t\t<\/section>\n\t\t\t\t<section class=\"elementor-section elementor-top-section elementor-element elementor-element-d8a912b elementor-section-boxed elementor-section-height-default elementor-section-height-default\" data-id=\"d8a912b\" data-element_type=\"section\">\n\t\t\t\t\t\t<div class=\"elementor-container elementor-column-gap-default\">\n\t\t\t\t\t<div class=\"elementor-column elementor-col-100 elementor-top-column elementor-element elementor-element-6c07285\" data-id=\"6c07285\" data-element_type=\"column\">\n\t\t\t<div class=\"elementor-widget-wrap elementor-element-populated\">\n\t\t\t\t\t\t<div class=\"elementor-element elementor-element-c8a5c4f elementor-widget elementor-widget-image\" data-id=\"c8a5c4f\" data-element_type=\"widget\" data-widget_type=\"image.default\">\n\t\t\t\t<div class=\"elementor-widget-container\">\n\t\t\t\t\t\t\t\t\t\t\t\t\t<img fetchpriority=\"high\" decoding=\"async\" width=\"900\" height=\"516\" src=\"https:\/\/www.czechdoor.cz\/wp-content\/uploads\/2019\/06\/prostoje-otkryvanie.jpg\" class=\"attachment-full size-full wp-image-89770\" alt=\"\" \/>\t\t\t\t\t\t\t\t\t\t\t\t\t<\/div>\n\t\t\t\t<\/div>\n\t\t\t\t<div class=\"elementor-element elementor-element-479baca7 elementor-widget elementor-widget-text-editor\" data-id=\"479baca7\" data-element_type=\"widget\" data-widget_type=\"text-editor.default\">\n\t\t\t\t<div class=\"elementor-widget-container\">\n\t\t\t\t\t\t\t<p>Pro vytvo\u0159en\u00ed modern\u00edho interi\u00e9ru je prost\u00e9 uskute\u010dn\u011bn\u00ed dve\u0159n\u00edho otev\u00edrac\u00edho otvoru ji\u017e nedostate\u010dn\u00e9. Jsou po\u017eadovan\u00e1 technick\u00e1 \u0159e\u0161en\u00ed, kter\u00e1 berou z\u0159etel na ergonomiku a z\u00f3nov\u00e1n\u00ed m\u00edstnost\u00ed p\u0159i zachov\u00e1n\u00ed celkov\u00e9 estetiky interi\u00e9ru. Krom\u011b toho ot\u00e1zky ohrani\u010den\u00e9ho prostoru a p\u0159irozen\u00e9ho osv\u011btlen\u00ed neztr\u00e1cej\u00ed svoji aktu\u00e1lnost.<\/p>\n<p>R\u00e1di v\u00e1m nab\u00edz\u00edme syst\u00e9my dve\u0159n\u00edch konstrukc\u00ed, kter\u00e9 umo\u017e\u0148uj\u00ed realizovat cel\u00e9 spektrum nezbytn\u00fdch \u0159e\u0161en\u00ed v jednotn\u00e9m stylu dve\u0159\u00ed, kter\u00e9 jste si vybrali.<\/p>\n\t\t\t\t\t\t<\/div>\n\t\t\t\t<\/div>\n\t\t\t\t\t<\/div>\n\t\t<\/div>\n\t\t\t\t\t<\/div>\n\t\t<\/section>\n\t\t\t\t<section class=\"elementor-section elementor-top-section elementor-element elementor-element-e34e044 elementor-section-boxed elementor-section-height-default elementor-section-height-default\" data-id=\"e34e044\" data-element_type=\"section\">\n\t\t\t\t\t\t<div class=\"elementor-container elementor-column-gap-default\">\n\t\t\t\t\t<div class=\"elementor-column elementor-col-100 elementor-top-column elementor-element elementor-element-8d55ada\" data-id=\"8d55ada\" data-element_type=\"column\">\n\t\t\t<div class=\"elementor-widget-wrap elementor-element-populated\">\n\t\t\t\t\t\t<div class=\"elementor-element elementor-element-795dee6 gallery-spacing-custom elementor-widget elementor-widget-image-gallery\" data-id=\"795dee6\" data-element_type=\"widget\" data-widget_type=\"image-gallery.default\">\n\t\t\t\t<div class=\"elementor-widget-container\">\n\t\t\t\t\t<div class=\"elementor-image-gallery\">\n\t\t\t<div id='gallery-1' class='gallery galleryid-89769 gallery-columns-4 gallery-size-full'><figure class='gallery-item'>\n\t\t\t<div class='gallery-icon landscape'>\n\t\t\t\t<a data-elementor-open-lightbox=\"yes\" data-elementor-lightbox-slideshow=\"795dee6\" data-elementor-lightbox-title=\"prostoje otkryvanie\" data-e-action-hash=\"#elementor-action%3Aaction%3Dlightbox%26settings%3DeyJpZCI6ODk3NzAsInVybCI6Imh0dHBzOlwvXC93d3cuY3plY2hkb29yLmN6XC93cC1jb250ZW50XC91cGxvYWRzXC8yMDE5XC8wNlwvcHJvc3RvamUtb3Rrcnl2YW5pZS5qcGciLCJzbGlkZXNob3ciOiI3OTVkZWU2In0%3D\" href='https:\/\/www.czechdoor.cz\/wp-content\/uploads\/2019\/06\/prostoje-otkryvanie.jpg'><img decoding=\"async\" width=\"900\" height=\"516\" src=\"https:\/\/www.czechdoor.cz\/wp-content\/uploads\/2019\/06\/prostoje-otkryvanie.jpg\" class=\"attachment-full size-full\" alt=\"\" aria-describedby=\"gallery-1-89770\" \/><\/a>\n\t\t\t<\/div>\n\t\t\t\t<figcaption class='wp-caption-text gallery-caption' id='gallery-1-89770'>\n\t\t\t\tJEDNODUCH\u00c9 OTEV\u00cdR\u00c1N\u00cd\n\t\t\t\t<\/figcaption><\/figure><figure class='gallery-item'>\n\t\t\t<div class='gallery-icon landscape'>\n\t\t\t\t<a data-elementor-open-lightbox=\"yes\" data-elementor-lightbox-slideshow=\"795dee6\" data-elementor-lightbox-title=\"razdvizhnaja dver\" data-e-action-hash=\"#elementor-action%3Aaction%3Dlightbox%26settings%3DeyJpZCI6ODk3NzMsInVybCI6Imh0dHBzOlwvXC93d3cuY3plY2hkb29yLmN6XC93cC1jb250ZW50XC91cGxvYWRzXC8yMDE5XC8wNlwvcmF6ZHZpemhuYWphLWR2ZXIuanBnIiwic2xpZGVzaG93IjoiNzk1ZGVlNiJ9\" href='https:\/\/www.czechdoor.cz\/wp-content\/uploads\/2019\/06\/razdvizhnaja-dver.jpg'><img decoding=\"async\" width=\"900\" height=\"516\" src=\"https:\/\/www.czechdoor.cz\/wp-content\/uploads\/2019\/06\/razdvizhnaja-dver.jpg\" class=\"attachment-full size-full\" alt=\"\" aria-describedby=\"gallery-1-89773\" \/><\/a>\n\t\t\t<\/div>\n\t\t\t\t<figcaption class='wp-caption-text gallery-caption' id='gallery-1-89773'>\n\t\t\t\tPOSUVN\u00c9 DVE\u0158E p\u0159ed st\u011bnou\n\t\t\t\t<\/figcaption><\/figure><figure class='gallery-item'>\n\t\t\t<div class='gallery-icon landscape'>\n\t\t\t\t<a data-elementor-open-lightbox=\"yes\" data-elementor-lightbox-slideshow=\"795dee6\" data-elementor-lightbox-title=\"razdvizhnaja v penal\" data-e-action-hash=\"#elementor-action%3Aaction%3Dlightbox%26settings%3DeyJpZCI6ODk3NzYsInVybCI6Imh0dHBzOlwvXC93d3cuY3plY2hkb29yLmN6XC93cC1jb250ZW50XC91cGxvYWRzXC8yMDE5XC8wNlwvcmF6ZHZpemhuYWphLXYtcGVuYWwuanBnIiwic2xpZGVzaG93IjoiNzk1ZGVlNiJ9\" href='https:\/\/www.czechdoor.cz\/wp-content\/uploads\/2019\/06\/razdvizhnaja-v-penal.jpg'><img loading=\"lazy\" decoding=\"async\" width=\"900\" height=\"516\" src=\"https:\/\/www.czechdoor.cz\/wp-content\/uploads\/2019\/06\/razdvizhnaja-v-penal.jpg\" class=\"attachment-full size-full\" alt=\"\" aria-describedby=\"gallery-1-89776\" \/><\/a>\n\t\t\t<\/div>\n\t\t\t\t<figcaption class='wp-caption-text gallery-caption' id='gallery-1-89776'>\n\t\t\t\tPOSUVN\u00c9 DVE\u0158E do stavebn\u00edho pouzdra\n\t\t\t\t<\/figcaption><\/figure><figure class='gallery-item'>\n\t\t\t<div class='gallery-icon landscape'>\n\t\t\t\t<a data-elementor-open-lightbox=\"yes\" data-elementor-lightbox-slideshow=\"795dee6\" data-elementor-lightbox-title=\"dvrnoj korob bez dveri\" data-e-action-hash=\"#elementor-action%3Aaction%3Dlightbox%26settings%3DeyJpZCI6ODk3NzksInVybCI6Imh0dHBzOlwvXC93d3cuY3plY2hkb29yLmN6XC93cC1jb250ZW50XC91cGxvYWRzXC8yMDE5XC8wNlwvZHZybm9qLWtvcm9iLWJlei1kdmVyaS5qcGciLCJzbGlkZXNob3ciOiI3OTVkZWU2In0%3D\" href='https:\/\/www.czechdoor.cz\/wp-content\/uploads\/2019\/06\/dvrnoj-korob-bez-dveri.jpg'><img loading=\"lazy\" decoding=\"async\" width=\"900\" height=\"516\" src=\"https:\/\/www.czechdoor.cz\/wp-content\/uploads\/2019\/06\/dvrnoj-korob-bez-dveri.jpg\" class=\"attachment-full size-full\" alt=\"\" aria-describedby=\"gallery-1-89779\" \/><\/a>\n\t\t\t<\/div>\n\t\t\t\t<figcaption class='wp-caption-text gallery-caption' id='gallery-1-89779'>\n\t\t\t\tOR\u00c1MOV\u00c1N\u00cd OTVORU BEZ DVE\u0158\u00cd\n\t\t\t\t<\/figcaption><\/figure><figure class='gallery-item'>\n\t\t\t<div class='gallery-icon landscape'>\n\t\t\t\t<a data-elementor-open-lightbox=\"yes\" data-elementor-lightbox-slideshow=\"795dee6\" data-elementor-lightbox-title=\"framuga verch\" data-e-action-hash=\"#elementor-action%3Aaction%3Dlightbox%26settings%3DeyJpZCI6ODk3ODIsInVybCI6Imh0dHBzOlwvXC93d3cuY3plY2hkb29yLmN6XC93cC1jb250ZW50XC91cGxvYWRzXC8yMDE5XC8wNlwvZnJhbXVnYS12ZXJjaC5qcGciLCJzbGlkZXNob3ciOiI3OTVkZWU2In0%3D\" href='https:\/\/www.czechdoor.cz\/wp-content\/uploads\/2019\/06\/framuga-verch.jpg'><img loading=\"lazy\" decoding=\"async\" width=\"900\" height=\"516\" src=\"https:\/\/www.czechdoor.cz\/wp-content\/uploads\/2019\/06\/framuga-verch.jpg\" class=\"attachment-full size-full\" alt=\"\" aria-describedby=\"gallery-1-89782\" \/><\/a>\n\t\t\t<\/div>\n\t\t\t\t<figcaption class='wp-caption-text gallery-caption' id='gallery-1-89782'>\n\t\t\t\tNADSV\u011aTL\u00cdK VE DVE\u0158\u00cdCH HORN\u00cd\n\t\t\t\t<\/figcaption><\/figure><figure class='gallery-item'>\n\t\t\t<div class='gallery-icon landscape'>\n\t\t\t\t<a data-elementor-open-lightbox=\"yes\" data-elementor-lightbox-slideshow=\"795dee6\" data-elementor-lightbox-title=\"framuga bok\" data-e-action-hash=\"#elementor-action%3Aaction%3Dlightbox%26settings%3DeyJpZCI6ODk3ODUsInVybCI6Imh0dHBzOlwvXC93d3cuY3plY2hkb29yLmN6XC93cC1jb250ZW50XC91cGxvYWRzXC8yMDE5XC8wNlwvZnJhbXVnYS1ib2suanBnIiwic2xpZGVzaG93IjoiNzk1ZGVlNiJ9\" href='https:\/\/www.czechdoor.cz\/wp-content\/uploads\/2019\/06\/framuga-bok.jpg'><img loading=\"lazy\" decoding=\"async\" width=\"900\" height=\"516\" src=\"https:\/\/www.czechdoor.cz\/wp-content\/uploads\/2019\/06\/framuga-bok.jpg\" class=\"attachment-full size-full\" alt=\"\" aria-describedby=\"gallery-1-89785\" \/><\/a>\n\t\t\t<\/div>\n\t\t\t\t<figcaption class='wp-caption-text gallery-caption' id='gallery-1-89785'>\n\t\t\t\tNADSV\u011aTL\u00cdK VE DVE\u0158\u00cdCH BO\u010cN\u00cd\n\t\t\t\t<\/figcaption><\/figure><figure class='gallery-item'>\n\t\t\t<div class='gallery-icon landscape'>\n\t\t\t\t<a data-elementor-open-lightbox=\"yes\" data-elementor-lightbox-slideshow=\"795dee6\" data-elementor-lightbox-title=\"framuga bok-verch\" data-e-action-hash=\"#elementor-action%3Aaction%3Dlightbox%26settings%3DeyJpZCI6ODk3ODgsInVybCI6Imh0dHBzOlwvXC93d3cuY3plY2hkb29yLmN6XC93cC1jb250ZW50XC91cGxvYWRzXC8yMDE5XC8wNlwvZnJhbXVnYS1ib2stdmVyY2guanBnIiwic2xpZGVzaG93IjoiNzk1ZGVlNiJ9\" href='https:\/\/www.czechdoor.cz\/wp-content\/uploads\/2019\/06\/framuga-bok-verch.jpg'><img loading=\"lazy\" decoding=\"async\" width=\"900\" height=\"516\" src=\"https:\/\/www.czechdoor.cz\/wp-content\/uploads\/2019\/06\/framuga-bok-verch.jpg\" class=\"attachment-full size-full\" alt=\"\" aria-describedby=\"gallery-1-89788\" \/><\/a>\n\t\t\t<\/div>\n\t\t\t\t<figcaption class='wp-caption-text gallery-caption' id='gallery-1-89788'>\n\t\t\t\tDVE\u0158N\u00cd KONSTRUKCE\n\t\t\t\t<\/figcaption><\/figure><figure class='gallery-item'>\n\t\t\t<div class='gallery-icon landscape'>\n\t\t\t\t<a data-elementor-open-lightbox=\"yes\" data-elementor-lightbox-slideshow=\"795dee6\" data-elementor-lightbox-title=\"dvojnaja dver framuga bok\" data-e-action-hash=\"#elementor-action%3Aaction%3Dlightbox%26settings%3DeyJpZCI6ODk3OTEsInVybCI6Imh0dHBzOlwvXC93d3cuY3plY2hkb29yLmN6XC93cC1jb250ZW50XC91cGxvYWRzXC8yMDE5XC8wNlwvZHZvam5hamEtZHZlci1mcmFtdWdhLWJvay5qcGciLCJzbGlkZXNob3ciOiI3OTVkZWU2In0%3D\" href='https:\/\/www.czechdoor.cz\/wp-content\/uploads\/2019\/06\/dvojnaja-dver-framuga-bok.jpg'><img loading=\"lazy\" decoding=\"async\" width=\"900\" height=\"516\" src=\"https:\/\/www.czechdoor.cz\/wp-content\/uploads\/2019\/06\/dvojnaja-dver-framuga-bok.jpg\" class=\"attachment-full size-full\" alt=\"\" aria-describedby=\"gallery-1-89791\" \/><\/a>\n\t\t\t<\/div>\n\t\t\t\t<figcaption class='wp-caption-text gallery-caption' id='gallery-1-89791'>\n\t\t\t\tDVE\u0158N\u00cd KONSTRUKCE\n\t\t\t\t<\/figcaption><\/figure>\n\t\t<\/div>\n\t\t<\/div>\n\t\t\t\t<\/div>\n\t\t\t\t<\/div>\n\t\t\t\t\t<\/div>\n\t\t<\/div>\n\t\t\t\t\t<\/div>\n\t\t<\/section>\n\t\t\t\t<\/div>\n\t\t","protected":false},"excerpt":{"rendered":"<p>Dve\u0159n\u00ed syst\u00e9my Pro vytvo\u0159en\u00ed modern\u00edho interi\u00e9ru je prost\u00e9 uskute\u010dn\u011bn\u00ed dve\u0159n\u00edho otev\u00edrac\u00edho otvoru ji\u017e nedostate\u010dn\u00e9. Jsou po\u017eadovan\u00e1 technick\u00e1 \u0159e\u0161en\u00ed, kter\u00e1 berou z\u0159etel na ergonomiku a z\u00f3nov\u00e1n\u00ed m\u00edstnost\u00ed p\u0159i zachov\u00e1n\u00ed celkov\u00e9 estetiky interi\u00e9ru. Krom\u011b toho ot\u00e1zky ohrani\u010den\u00e9ho prostoru a p\u0159irozen\u00e9ho osv\u011btlen\u00ed neztr\u00e1cej\u00ed svoji aktu\u00e1lnost. R\u00e1di v\u00e1m nab\u00edz\u00edme syst\u00e9my dve\u0159n\u00edch konstrukc\u00ed, kter\u00e9 umo\u017e\u0148uj\u00ed realizovat cel\u00e9 spektrum nezbytn\u00fdch \u0159e\u0161en\u00ed [&hellip;]<\/p>\n","protected":false},"author":1,"featured_media":0,"parent":0,"menu_order":0,"comment_status":"closed","ping_status":"closed","template":"","meta":{"footnotes":""},"class_list":["post-89769","page","type-page","status-publish","hentry"],"yoast_head":"<!-- This site is optimized with the Yoast SEO plugin v23.4 - https:\/\/yoast.com\/wordpress\/plugins\/seo\/ -->\n<title>Syst\u00e9my - Interi\u00e9rov\u00e9 dve\u0159e z masivu<\/title>\n<meta name=\"robots\" content=\"index, follow, max-snippet:-1, max-image-preview:large, max-video-preview:-1\" \/>\n<link rel=\"canonical\" href=\"https:\/\/www.czechdoor.cz\/cs\/systemy\/\" \/>\n<meta property=\"og:locale\" content=\"cs_CZ\" \/>\n<meta property=\"og:type\" content=\"article\" \/>\n<meta property=\"og:title\" content=\"Syst\u00e9my - Interi\u00e9rov\u00e9 dve\u0159e z masivu\" \/>\n<meta property=\"og:description\" content=\"Dve\u0159n\u00ed syst\u00e9my Pro vytvo\u0159en\u00ed modern\u00edho interi\u00e9ru je prost\u00e9 uskute\u010dn\u011bn\u00ed dve\u0159n\u00edho otev\u00edrac\u00edho otvoru ji\u017e nedostate\u010dn\u00e9. Jsou po\u017eadovan\u00e1 technick\u00e1 \u0159e\u0161en\u00ed, kter\u00e1 berou z\u0159etel na ergonomiku a z\u00f3nov\u00e1n\u00ed m\u00edstnost\u00ed p\u0159i zachov\u00e1n\u00ed celkov\u00e9 estetiky interi\u00e9ru. Krom\u011b toho ot\u00e1zky ohrani\u010den\u00e9ho prostoru a p\u0159irozen\u00e9ho osv\u011btlen\u00ed neztr\u00e1cej\u00ed svoji aktu\u00e1lnost. R\u00e1di v\u00e1m nab\u00edz\u00edme syst\u00e9my dve\u0159n\u00edch konstrukc\u00ed, kter\u00e9 umo\u017e\u0148uj\u00ed realizovat cel\u00e9 spektrum nezbytn\u00fdch \u0159e\u0161en\u00ed [&hellip;]\" \/>\n<meta property=\"og:url\" content=\"https:\/\/www.czechdoor.cz\/cs\/systemy\/\" \/>\n<meta property=\"og:site_name\" content=\"Interi\u00e9rov\u00e9 dve\u0159e z masivu\" \/>\n<meta property=\"article:modified_time\" content=\"2019-09-04T09:32:51+00:00\" \/>\n<meta property=\"og:image\" content=\"https:\/\/www.czechdoor.cz\/wp-content\/uploads\/2019\/06\/prostoje-otkryvanie.jpg\" \/>\n<meta name=\"twitter:card\" content=\"summary_large_image\" \/>\n<meta name=\"twitter:label1\" content=\"Odhadovan\u00e1 doba \u010dten\u00ed\" \/>\n\t<meta name=\"twitter:data1\" content=\"1 minuta\" \/>\n<script type=\"application\/ld+json\" class=\"yoast-schema-graph\">{\"@context\":\"https:\/\/schema.org\",\"@graph\":[{\"@type\":\"WebPage\",\"@id\":\"https:\/\/www.czechdoor.cz\/cs\/systemy\/\",\"url\":\"https:\/\/www.czechdoor.cz\/cs\/systemy\/\",\"name\":\"Syst\u00e9my - Interi\u00e9rov\u00e9 dve\u0159e z masivu\",\"isPartOf\":{\"@id\":\"http:\/\/www.czechdoor.cz\/cs\/#website\"},\"primaryImageOfPage\":{\"@id\":\"https:\/\/www.czechdoor.cz\/cs\/systemy\/#primaryimage\"},\"image\":{\"@id\":\"https:\/\/www.czechdoor.cz\/cs\/systemy\/#primaryimage\"},\"thumbnailUrl\":\"https:\/\/www.czechdoor.cz\/wp-content\/uploads\/2019\/06\/prostoje-otkryvanie.jpg\",\"datePublished\":\"2019-09-03T10:08:18+00:00\",\"dateModified\":\"2019-09-04T09:32:51+00:00\",\"breadcrumb\":{\"@id\":\"https:\/\/www.czechdoor.cz\/cs\/systemy\/#breadcrumb\"},\"inLanguage\":\"cs\",\"potentialAction\":[{\"@type\":\"ReadAction\",\"target\":[\"https:\/\/www.czechdoor.cz\/cs\/systemy\/\"]}]},{\"@type\":\"ImageObject\",\"inLanguage\":\"cs\",\"@id\":\"https:\/\/www.czechdoor.cz\/cs\/systemy\/#primaryimage\",\"url\":\"https:\/\/www.czechdoor.cz\/wp-content\/uploads\/2019\/06\/prostoje-otkryvanie.jpg\",\"contentUrl\":\"https:\/\/www.czechdoor.cz\/wp-content\/uploads\/2019\/06\/prostoje-otkryvanie.jpg\"},{\"@type\":\"BreadcrumbList\",\"@id\":\"https:\/\/www.czechdoor.cz\/cs\/systemy\/#breadcrumb\",\"itemListElement\":[{\"@type\":\"ListItem\",\"position\":1,\"name\":\"\u0413\u043b\u0430\u0432\u043d\u0430\u044f \u0441\u0442\u0440\u0430\u043d\u0438\u0446\u0430\",\"item\":\"http:\/\/www.czechdoor.cz\/cs\/\"},{\"@type\":\"ListItem\",\"position\":2,\"name\":\"Syst\u00e9my\"}]},{\"@type\":\"WebSite\",\"@id\":\"http:\/\/www.czechdoor.cz\/cs\/#website\",\"url\":\"http:\/\/www.czechdoor.cz\/cs\/\",\"name\":\"Interi\u00e9rov\u00e9 dve\u0159e z masivu\",\"description\":\"Kvalitn\u00ed dve\u0159e a z\u00e1rubn\u011b z masivu, interierov\u00e9 a vchodov\u00e9 dve\u0159e - Czech Door a.s.\",\"publisher\":{\"@id\":\"http:\/\/www.czechdoor.cz\/cs\/#organization\"},\"potentialAction\":[{\"@type\":\"SearchAction\",\"target\":{\"@type\":\"EntryPoint\",\"urlTemplate\":\"http:\/\/www.czechdoor.cz\/cs\/?s={search_term_string}\"},\"query-input\":{\"@type\":\"PropertyValueSpecification\",\"valueRequired\":true,\"valueName\":\"search_term_string\"}}],\"inLanguage\":\"cs\"},{\"@type\":\"Organization\",\"@id\":\"http:\/\/www.czechdoor.cz\/cs\/#organization\",\"name\":\"CzechDoor. Interi\u00e9rov\u00e9 dve\u0159e z masivu\",\"url\":\"http:\/\/www.czechdoor.cz\/cs\/\",\"logo\":{\"@type\":\"ImageObject\",\"inLanguage\":\"cs\",\"@id\":\"http:\/\/www.czechdoor.cz\/cs\/#\/schema\/logo\/image\/\",\"url\":\"https:\/\/www.czechdoor.cz\/wp-content\/uploads\/logo-czechdoor-ru.png\",\"contentUrl\":\"https:\/\/www.czechdoor.cz\/wp-content\/uploads\/logo-czechdoor-ru.png\",\"width\":550,\"height\":162,\"caption\":\"CzechDoor. Interi\u00e9rov\u00e9 dve\u0159e z masivu\"},\"image\":{\"@id\":\"http:\/\/www.czechdoor.cz\/cs\/#\/schema\/logo\/image\/\"}}]}<\/script>\n<!-- \/ Yoast SEO plugin. -->","yoast_head_json":{"title":"Syst\u00e9my - Interi\u00e9rov\u00e9 dve\u0159e z masivu","robots":{"index":"index","follow":"follow","max-snippet":"max-snippet:-1","max-image-preview":"max-image-preview:large","max-video-preview":"max-video-preview:-1"},"canonical":"https:\/\/www.czechdoor.cz\/cs\/systemy\/","og_locale":"cs_CZ","og_type":"article","og_title":"Syst\u00e9my - Interi\u00e9rov\u00e9 dve\u0159e z masivu","og_description":"Dve\u0159n\u00ed syst\u00e9my Pro vytvo\u0159en\u00ed modern\u00edho interi\u00e9ru je prost\u00e9 uskute\u010dn\u011bn\u00ed dve\u0159n\u00edho otev\u00edrac\u00edho otvoru ji\u017e nedostate\u010dn\u00e9. Jsou po\u017eadovan\u00e1 technick\u00e1 \u0159e\u0161en\u00ed, kter\u00e1 berou z\u0159etel na ergonomiku a z\u00f3nov\u00e1n\u00ed m\u00edstnost\u00ed p\u0159i zachov\u00e1n\u00ed celkov\u00e9 estetiky interi\u00e9ru. Krom\u011b toho ot\u00e1zky ohrani\u010den\u00e9ho prostoru a p\u0159irozen\u00e9ho osv\u011btlen\u00ed neztr\u00e1cej\u00ed svoji aktu\u00e1lnost. R\u00e1di v\u00e1m nab\u00edz\u00edme syst\u00e9my dve\u0159n\u00edch konstrukc\u00ed, kter\u00e9 umo\u017e\u0148uj\u00ed realizovat cel\u00e9 spektrum nezbytn\u00fdch \u0159e\u0161en\u00ed [&hellip;]","og_url":"https:\/\/www.czechdoor.cz\/cs\/systemy\/","og_site_name":"Interi\u00e9rov\u00e9 dve\u0159e z masivu","article_modified_time":"2019-09-04T09:32:51+00:00","og_image":[{"url":"https:\/\/www.czechdoor.cz\/wp-content\/uploads\/2019\/06\/prostoje-otkryvanie.jpg"}],"twitter_card":"summary_large_image","twitter_misc":{"Odhadovan\u00e1 doba \u010dten\u00ed":"1 minuta"},"schema":{"@context":"https:\/\/schema.org","@graph":[{"@type":"WebPage","@id":"https:\/\/www.czechdoor.cz\/cs\/systemy\/","url":"https:\/\/www.czechdoor.cz\/cs\/systemy\/","name":"Syst\u00e9my - Interi\u00e9rov\u00e9 dve\u0159e z masivu","isPartOf":{"@id":"http:\/\/www.czechdoor.cz\/cs\/#website"},"primaryImageOfPage":{"@id":"https:\/\/www.czechdoor.cz\/cs\/systemy\/#primaryimage"},"image":{"@id":"https:\/\/www.czechdoor.cz\/cs\/systemy\/#primaryimage"},"thumbnailUrl":"https:\/\/www.czechdoor.cz\/wp-content\/uploads\/2019\/06\/prostoje-otkryvanie.jpg","datePublished":"2019-09-03T10:08:18+00:00","dateModified":"2019-09-04T09:32:51+00:00","breadcrumb":{"@id":"https:\/\/www.czechdoor.cz\/cs\/systemy\/#breadcrumb"},"inLanguage":"cs","potentialAction":[{"@type":"ReadAction","target":["https:\/\/www.czechdoor.cz\/cs\/systemy\/"]}]},{"@type":"ImageObject","inLanguage":"cs","@id":"https:\/\/www.czechdoor.cz\/cs\/systemy\/#primaryimage","url":"https:\/\/www.czechdoor.cz\/wp-content\/uploads\/2019\/06\/prostoje-otkryvanie.jpg","contentUrl":"https:\/\/www.czechdoor.cz\/wp-content\/uploads\/2019\/06\/prostoje-otkryvanie.jpg"},{"@type":"BreadcrumbList","@id":"https:\/\/www.czechdoor.cz\/cs\/systemy\/#breadcrumb","itemListElement":[{"@type":"ListItem","position":1,"name":"\u0413\u043b\u0430\u0432\u043d\u0430\u044f \u0441\u0442\u0440\u0430\u043d\u0438\u0446\u0430","item":"http:\/\/www.czechdoor.cz\/cs\/"},{"@type":"ListItem","position":2,"name":"Syst\u00e9my"}]},{"@type":"WebSite","@id":"http:\/\/www.czechdoor.cz\/cs\/#website","url":"http:\/\/www.czechdoor.cz\/cs\/","name":"Interi\u00e9rov\u00e9 dve\u0159e z masivu","description":"Kvalitn\u00ed dve\u0159e a z\u00e1rubn\u011b z masivu, interierov\u00e9 a vchodov\u00e9 dve\u0159e - Czech Door a.s.","publisher":{"@id":"http:\/\/www.czechdoor.cz\/cs\/#organization"},"potentialAction":[{"@type":"SearchAction","target":{"@type":"EntryPoint","urlTemplate":"http:\/\/www.czechdoor.cz\/cs\/?s={search_term_string}"},"query-input":{"@type":"PropertyValueSpecification","valueRequired":true,"valueName":"search_term_string"}}],"inLanguage":"cs"},{"@type":"Organization","@id":"http:\/\/www.czechdoor.cz\/cs\/#organization","name":"CzechDoor. Interi\u00e9rov\u00e9 dve\u0159e z masivu","url":"http:\/\/www.czechdoor.cz\/cs\/","logo":{"@type":"ImageObject","inLanguage":"cs","@id":"http:\/\/www.czechdoor.cz\/cs\/#\/schema\/logo\/image\/","url":"https:\/\/www.czechdoor.cz\/wp-content\/uploads\/logo-czechdoor-ru.png","contentUrl":"https:\/\/www.czechdoor.cz\/wp-content\/uploads\/logo-czechdoor-ru.png","width":550,"height":162,"caption":"CzechDoor. Interi\u00e9rov\u00e9 dve\u0159e z masivu"},"image":{"@id":"http:\/\/www.czechdoor.cz\/cs\/#\/schema\/logo\/image\/"}}]}},"_links":{"self":[{"href":"https:\/\/www.czechdoor.cz\/cs\/wp-json\/wp\/v2\/pages\/89769","targetHints":{"allow":["GET"]}}],"collection":[{"href":"https:\/\/www.czechdoor.cz\/cs\/wp-json\/wp\/v2\/pages"}],"about":[{"href":"https:\/\/www.czechdoor.cz\/cs\/wp-json\/wp\/v2\/types\/page"}],"author":[{"embeddable":true,"href":"https:\/\/www.czechdoor.cz\/cs\/wp-json\/wp\/v2\/users\/1"}],"replies":[{"embeddable":true,"href":"https:\/\/www.czechdoor.cz\/cs\/wp-json\/wp\/v2\/comments?post=89769"}],"version-history":[{"count":0,"href":"https:\/\/www.czechdoor.cz\/cs\/wp-json\/wp\/v2\/pages\/89769\/revisions"}],"wp:attachment":[{"href":"https:\/\/www.czechdoor.cz\/cs\/wp-json\/wp\/v2\/media?parent=89769"}],"curies":[{"name":"wp","href":"https:\/\/api.w.org\/{rel}","templated":true}]}}