{"id":89608,"date":"2019-09-02T16:20:21","date_gmt":"2019-09-02T16:20:21","guid":{"rendered":"https:\/\/www.czechdoor.cz\/klasicky-styl-fs\/"},"modified":"2022-01-21T16:39:54","modified_gmt":"2022-01-21T16:39:54","slug":"klasicky-styl-fs","status":"publish","type":"page","link":"https:\/\/www.czechdoor.cz\/cs\/klasicky-styl-fs\/","title":{"rendered":"Klasick\u00fd styl (FS)"},"content":{"rendered":"\t\t<div data-elementor-type=\"wp-post\" data-elementor-id=\"89608\" class=\"elementor elementor-89608 elementor-41214\" data-elementor-post-type=\"page\">\n\t\t\t\t\t\t<section class=\"elementor-section elementor-top-section elementor-element elementor-element-1ad64cd6 elementor-section-boxed elementor-section-height-default elementor-section-height-default\" data-id=\"1ad64cd6\" data-element_type=\"section\">\n\t\t\t\t\t\t<div class=\"elementor-container elementor-column-gap-default\">\n\t\t\t\t\t<div class=\"elementor-column elementor-col-100 elementor-top-column elementor-element elementor-element-3f893e50\" data-id=\"3f893e50\" data-element_type=\"column\">\n\t\t\t<div class=\"elementor-widget-wrap elementor-element-populated\">\n\t\t\t\t\t\t<div class=\"elementor-element elementor-element-39a3ad07 elementor-widget elementor-widget-woocommerce-breadcrumb\" data-id=\"39a3ad07\" data-element_type=\"widget\" data-widget_type=\"woocommerce-breadcrumb.default\">\n\t\t\t\t<div class=\"elementor-widget-container\">\n\t\t\t<nav class=\"woocommerce-breadcrumb\" aria-label=\"Breadcrumb\">Dom\u016f<\/nav>\t\t<\/div>\n\t\t\t\t<\/div>\n\t\t\t\t\t<\/div>\n\t\t<\/div>\n\t\t\t\t\t<\/div>\n\t\t<\/section>\n\t\t\t\t<section class=\"elementor-section elementor-top-section elementor-element elementor-element-5dd5f6bd elementor-section-boxed elementor-section-height-default elementor-section-height-default\" data-id=\"5dd5f6bd\" data-element_type=\"section\" data-settings=\"{&quot;background_background&quot;:&quot;classic&quot;}\">\n\t\t\t\t\t\t<div class=\"elementor-container elementor-column-gap-default\">\n\t\t\t\t\t<div class=\"elementor-column elementor-col-100 elementor-top-column elementor-element elementor-element-36f11020\" data-id=\"36f11020\" data-element_type=\"column\">\n\t\t\t<div class=\"elementor-widget-wrap elementor-element-populated\">\n\t\t\t\t\t\t<div class=\"elementor-element elementor-element-1f71b673 elementor-widget elementor-widget-heading\" data-id=\"1f71b673\" data-element_type=\"widget\" data-widget_type=\"heading.default\">\n\t\t\t\t<div class=\"elementor-widget-container\">\n\t\t\t<h2 class=\"elementor-heading-title elementor-size-default\">  Klasick\u00fd styl (FS)<\/h2>\t\t<\/div>\n\t\t\t\t<\/div>\n\t\t\t\t\t<\/div>\n\t\t<\/div>\n\t\t\t\t\t<\/div>\n\t\t<\/section>\n\t\t\t\t<section class=\"elementor-section elementor-top-section elementor-element elementor-element-3827c28f elementor-section-boxed elementor-section-height-default elementor-section-height-default\" data-id=\"3827c28f\" data-element_type=\"section\">\n\t\t\t\t\t\t<div class=\"elementor-container elementor-column-gap-default\">\n\t\t\t\t\t<div class=\"elementor-column elementor-col-33 elementor-top-column elementor-element elementor-element-270f81dd elementor-invisible\" data-id=\"270f81dd\" data-element_type=\"column\" data-settings=\"{&quot;animation&quot;:&quot;fadeIn&quot;}\">\n\t\t\t<div class=\"elementor-widget-wrap elementor-element-populated\">\n\t\t\t\t\t\t<div class=\"elementor-element elementor-element-66590e4e elementor-widget elementor-widget-image\" data-id=\"66590e4e\" data-element_type=\"widget\" data-widget_type=\"image.default\">\n\t\t\t\t<div class=\"elementor-widget-container\">\n\t\t\t\t\t\t\t\t\t\t\t\t\t<img fetchpriority=\"high\" decoding=\"async\" width=\"613\" height=\"500\" src=\"https:\/\/www.czechdoor.cz\/wp-content\/uploads\/2019\/03\/2FS1_s_v.jpg\" class=\"attachment-full size-full wp-image-89388\" alt=\"\" \/>\t\t\t\t\t\t\t\t\t\t\t\t\t<\/div>\n\t\t\t\t<\/div>\n\t\t\t\t<div class=\"elementor-element elementor-element-7350f546 elementor-widget elementor-widget-heading\" data-id=\"7350f546\" data-element_type=\"widget\" data-widget_type=\"heading.default\">\n\t\t\t\t<div class=\"elementor-widget-container\">\n\t\t\t<h2 class=\"elementor-heading-title elementor-size-default\">Klasick\u00fd styl (FS) bez skla<\/h2>\t\t<\/div>\n\t\t\t\t<\/div>\n\t\t\t\t\t<\/div>\n\t\t<\/div>\n\t\t\t\t<div class=\"elementor-column elementor-col-33 elementor-top-column elementor-element elementor-element-25dba62c elementor-invisible\" data-id=\"25dba62c\" data-element_type=\"column\" data-settings=\"{&quot;animation&quot;:&quot;fadeIn&quot;}\">\n\t\t\t<div class=\"elementor-widget-wrap elementor-element-populated\">\n\t\t\t\t\t\t<div class=\"elementor-element elementor-element-51aa3308 elementor-widget elementor-widget-image\" data-id=\"51aa3308\" data-element_type=\"widget\" data-widget_type=\"image.default\">\n\t\t\t\t<div class=\"elementor-widget-container\">\n\t\t\t\t\t\t\t\t\t\t\t\t\t<img decoding=\"async\" width=\"613\" height=\"500\" src=\"https:\/\/www.czechdoor.cz\/wp-content\/uploads\/2019\/05\/4FS-LA2.jpg\" class=\"attachment-full size-full wp-image-89609\" alt=\"\" \/>\t\t\t\t\t\t\t\t\t\t\t\t\t<\/div>\n\t\t\t\t<\/div>\n\t\t\t\t<div class=\"elementor-element elementor-element-3b6f9b86 elementor-widget elementor-widget-heading\" data-id=\"3b6f9b86\" data-element_type=\"widget\" data-widget_type=\"heading.default\">\n\t\t\t\t<div class=\"elementor-widget-container\">\n\t\t\t<h2 class=\"elementor-heading-title elementor-size-default\">Klasick\u00fd styl (FS) se sklem<\/h2>\t\t<\/div>\n\t\t\t\t<\/div>\n\t\t\t\t\t<\/div>\n\t\t<\/div>\n\t\t\t\t<div class=\"elementor-column elementor-col-33 elementor-top-column elementor-element elementor-element-240f9e59 elementor-invisible\" data-id=\"240f9e59\" data-element_type=\"column\" data-settings=\"{&quot;animation&quot;:&quot;fadeIn&quot;}\">\n\t\t\t<div class=\"elementor-widget-wrap elementor-element-populated\">\n\t\t\t\t\t\t<div class=\"elementor-element elementor-element-69637378 elementor-widget elementor-widget-image\" data-id=\"69637378\" data-element_type=\"widget\" data-widget_type=\"image.default\">\n\t\t\t\t<div class=\"elementor-widget-container\">\n\t\t\t\t\t\t\t\t\t\t\t\t\t<img decoding=\"async\" width=\"613\" height=\"500\" src=\"https:\/\/www.czechdoor.cz\/wp-content\/uploads\/2019\/05\/1FS-LA1-8-m.jpg\" class=\"attachment-full size-full wp-image-89612\" alt=\"\" \/>\t\t\t\t\t\t\t\t\t\t\t\t\t<\/div>\n\t\t\t\t<\/div>\n\t\t\t\t<div class=\"elementor-element elementor-element-5887c4be elementor-widget elementor-widget-heading\" data-id=\"5887c4be\" data-element_type=\"widget\" data-widget_type=\"heading.default\">\n\t\t\t\t<div class=\"elementor-widget-container\">\n\t\t\t<h2 class=\"elementor-heading-title elementor-size-default\">Klasick\u00fd styl (FS) prosklen\u00e9 dve\u0159e<\/h2>\t\t<\/div>\n\t\t\t\t<\/div>\n\t\t\t\t\t<\/div>\n\t\t<\/div>\n\t\t\t\t\t<\/div>\n\t\t<\/section>\n\t\t\t\t<section class=\"elementor-section elementor-top-section elementor-element elementor-element-2053188c elementor-section-boxed elementor-section-height-default elementor-section-height-default\" data-id=\"2053188c\" data-element_type=\"section\">\n\t\t\t\t\t\t<div class=\"elementor-container elementor-column-gap-default\">\n\t\t\t\t\t<div class=\"elementor-column elementor-col-100 elementor-top-column elementor-element elementor-element-3adfb151\" data-id=\"3adfb151\" data-element_type=\"column\">\n\t\t\t<div class=\"elementor-widget-wrap elementor-element-populated\">\n\t\t\t\t\t\t<div class=\"elementor-element elementor-element-77d5b15e elementor-widget elementor-widget-text-editor\" data-id=\"77d5b15e\" data-element_type=\"widget\" data-widget_type=\"text-editor.default\">\n\t\t\t\t<div class=\"elementor-widget-container\">\n\t\t\t\t\t\t\t<p>\u0158ada \u201e FS \u201c se vyzna\u010duje profilovan\u00fdmi v\u00fdpln\u011bmi a dve\u0159n\u00edmi vlysy s jednoduch\u00fdm kulat\u00fdm profilem. Tvar zaskl\u00edvac\u00edch li\u0161t je toto\u017en\u00fd s profilem vlys\u016f. P\u0159\u00edzna\u010dn\u00e9 pro tuto \u0159adu je kombinace vodorovn\u00fdch a svisl\u00fdch v\u00fdpln\u00ed.<\/p><p><strong>Na rozd\u00edl od jin\u00fdch v\u00fdrobc\u016f, kte\u0159\u00ed v\u011bt\u0161inou vyr\u00e1b\u00ed v\u00fdpln\u011b ze sp\u00e1rovky, my u v\u0161ech na\u0161ich dve\u0159\u00ed pou\u017e\u00edv\u00e1me u v\u00fdpln\u00ed vysoce kvalitn\u00ed t\u0159\u00edvrstvou biodesku a proto na\u0161e dve\u0159e pat\u0159\u00ed ke skupin\u011b premium ( lep\u0161\u00ed kvalita zpracov\u00e1n\u00ed).<\/strong><\/p>\t\t\t\t\t\t<\/div>\n\t\t\t\t<\/div>\n\t\t\t\t<div class=\"elementor-element elementor-element-3e88d6b9 elementor-widget-divider--view-line elementor-invisible elementor-widget elementor-widget-divider\" data-id=\"3e88d6b9\" data-element_type=\"widget\" data-settings=\"{&quot;_animation&quot;:&quot;zoomIn&quot;}\" data-widget_type=\"divider.default\">\n\t\t\t\t<div class=\"elementor-widget-container\">\n\t\t\t\t\t<div class=\"elementor-divider\">\n\t\t\t<span class=\"elementor-divider-separator\">\n\t\t\t\t\t\t<\/span>\n\t\t<\/div>\n\t\t\t\t<\/div>\n\t\t\t\t<\/div>\n\t\t\t\t\t<\/div>\n\t\t<\/div>\n\t\t\t\t\t<\/div>\n\t\t<\/section>\n\t\t\t\t<section class=\"elementor-section elementor-top-section elementor-element elementor-element-4b22bd66 elementor-section-boxed elementor-section-height-default elementor-section-height-default\" data-id=\"4b22bd66\" data-element_type=\"section\">\n\t\t\t\t\t\t<div class=\"elementor-container elementor-column-gap-default\">\n\t\t\t\t\t<div class=\"elementor-column elementor-col-50 elementor-top-column elementor-element elementor-element-4f75ce44\" data-id=\"4f75ce44\" data-element_type=\"column\">\n\t\t\t<div class=\"elementor-widget-wrap elementor-element-populated\">\n\t\t\t\t\t\t<div class=\"elementor-element elementor-element-41f6b460 elementor-widget elementor-widget-heading\" data-id=\"41f6b460\" data-element_type=\"widget\" data-widget_type=\"heading.default\">\n\t\t\t\t<div class=\"elementor-widget-container\">\n\t\t\t<h2 class=\"elementor-heading-title elementor-size-default\">D\u0158EVINY<\/h2>\t\t<\/div>\n\t\t\t\t<\/div>\n\t\t\t\t<div class=\"elementor-element elementor-element-1d5ea3d3 elementor-widget elementor-widget-text-editor\" data-id=\"1d5ea3d3\" data-element_type=\"widget\" data-widget_type=\"text-editor.default\">\n\t\t\t\t<div class=\"elementor-widget-container\">\n\t\t\t\t\t\t\t<p>Smrk sukat\u00fd, smrk bezsuk\u00fd, borovice sukat\u00e1, borovice bezsuk\u00e1, ol\u0161e bezsuk\u00e1, buk bezsuk\u00fd, mod\u0159\u00edn bezsuk\u00fd, javor bezsuk\u00fd, dub sukat\u00fd, dub bezsuk\u00fd.<\/p>\n\t\t\t\t\t\t<\/div>\n\t\t\t\t<\/div>\n\t\t\t\t<div class=\"elementor-element elementor-element-5f7d9148 elementor-widget elementor-widget-heading\" data-id=\"5f7d9148\" data-element_type=\"widget\" data-widget_type=\"heading.default\">\n\t\t\t\t<div class=\"elementor-widget-container\">\n\t\t\t<h2 class=\"elementor-heading-title elementor-size-default\">Povrchov\u00e1 \u00faprava<\/h2>\t\t<\/div>\n\t\t\t\t<\/div>\n\t\t\t\t<div class=\"elementor-element elementor-element-166ecc61 elementor-widget elementor-widget-text-editor\" data-id=\"166ecc61\" data-element_type=\"widget\" data-widget_type=\"text-editor.default\">\n\t\t\t\t<div class=\"elementor-widget-container\">\n\t\t\t\t\t\t\t<div>Povrch na\u0161ich v\u00fdrobk\u016f m\u016f\u017ee b\u00fdt hladk\u00fd nebo kart\u00e1\u010dovan\u00fd<\/div><div>Z\u00e1kladn\u00ed typy povrchov\u00fdch \u00faprav:<\/div><div>lak transparent, lak exclusiv, lak b\u00edl\u00fd pigment 1,25%, lak bil\u00fd pigment extra, bezbarv\u00fd vosk, parafinov\u00fd olej,<\/div><div>b\u00edl\u00e1 barva RAL 9010 a RAL 9016, r\u016fzn\u00e1 mo\u0159idla dle p\u0159\u00e1n\u00ed z\u00e1kazn\u00edka<\/div>\t\t\t\t\t\t<\/div>\n\t\t\t\t<\/div>\n\t\t\t\t\t<\/div>\n\t\t<\/div>\n\t\t\t\t<div class=\"elementor-column elementor-col-50 elementor-top-column elementor-element elementor-element-55499c3f\" data-id=\"55499c3f\" data-element_type=\"column\">\n\t\t\t<div class=\"elementor-widget-wrap elementor-element-populated\">\n\t\t\t\t\t\t<div class=\"elementor-element elementor-element-1899e63d elementor-widget elementor-widget-image\" data-id=\"1899e63d\" data-element_type=\"widget\" data-widget_type=\"image.default\">\n\t\t\t\t<div class=\"elementor-widget-container\">\n\t\t\t\t\t\t\t\t\t\t\t\t\t<img loading=\"lazy\" decoding=\"async\" width=\"700\" height=\"728\" src=\"https:\/\/www.czechdoor.cz\/wp-content\/uploads\/2019\/08\/FS.png\" class=\"attachment-full size-full wp-image-44101\" alt=\"\" \/>\t\t\t\t\t\t\t\t\t\t\t\t\t<\/div>\n\t\t\t\t<\/div>\n\t\t\t\t\t<\/div>\n\t\t<\/div>\n\t\t\t\t\t<\/div>\n\t\t<\/section>\n\t\t\t\t<\/div>\n\t\t","protected":false},"excerpt":{"rendered":"<p>Klasick\u00fd styl (FS) Klasick\u00fd styl (FS) bez skla Klasick\u00fd styl (FS) se sklem Klasick\u00fd styl (FS) prosklen\u00e9 dve\u0159e \u0158ada \u201e FS \u201c se vyzna\u010duje profilovan\u00fdmi v\u00fdpln\u011bmi a dve\u0159n\u00edmi vlysy s jednoduch\u00fdm kulat\u00fdm profilem. Tvar zaskl\u00edvac\u00edch li\u0161t je toto\u017en\u00fd s profilem vlys\u016f. P\u0159\u00edzna\u010dn\u00e9 pro tuto \u0159adu je kombinace vodorovn\u00fdch a svisl\u00fdch v\u00fdpln\u00ed. Na rozd\u00edl od jin\u00fdch [&hellip;]<\/p>\n","protected":false},"author":1,"featured_media":0,"parent":0,"menu_order":0,"comment_status":"closed","ping_status":"closed","template":"","meta":{"footnotes":""},"class_list":["post-89608","page","type-page","status-publish","hentry"],"yoast_head":"<!-- This site is optimized with the Yoast SEO plugin v23.4 - https:\/\/yoast.com\/wordpress\/plugins\/seo\/ -->\n<title>Klasick\u00fd styl (FS) - Interi\u00e9rov\u00e9 dve\u0159e z masivu<\/title>\n<meta name=\"robots\" content=\"index, follow, max-snippet:-1, max-image-preview:large, max-video-preview:-1\" \/>\n<link rel=\"canonical\" href=\"http:\/\/www.czechdoor.cz\/cs\/klasicky-styl-fs\/\" \/>\n<meta property=\"og:locale\" content=\"cs_CZ\" \/>\n<meta property=\"og:type\" content=\"article\" \/>\n<meta property=\"og:title\" content=\"Klasick\u00fd styl (FS) - Interi\u00e9rov\u00e9 dve\u0159e z masivu\" \/>\n<meta property=\"og:description\" content=\"Klasick\u00fd styl (FS) Klasick\u00fd styl (FS) bez skla Klasick\u00fd styl (FS) se sklem Klasick\u00fd styl (FS) prosklen\u00e9 dve\u0159e \u0158ada \u201e FS \u201c se vyzna\u010duje profilovan\u00fdmi v\u00fdpln\u011bmi a dve\u0159n\u00edmi vlysy s jednoduch\u00fdm kulat\u00fdm profilem. Tvar zaskl\u00edvac\u00edch li\u0161t je toto\u017en\u00fd s profilem vlys\u016f. P\u0159\u00edzna\u010dn\u00e9 pro tuto \u0159adu je kombinace vodorovn\u00fdch a svisl\u00fdch v\u00fdpln\u00ed. Na rozd\u00edl od jin\u00fdch [&hellip;]\" \/>\n<meta property=\"og:url\" content=\"http:\/\/www.czechdoor.cz\/cs\/klasicky-styl-fs\/\" \/>\n<meta property=\"og:site_name\" content=\"Interi\u00e9rov\u00e9 dve\u0159e z masivu\" \/>\n<meta property=\"article:modified_time\" content=\"2022-01-21T16:39:54+00:00\" \/>\n<meta property=\"og:image\" content=\"https:\/\/www.czechdoor.cz\/wp-content\/uploads\/2019\/03\/2FS1_s_v.jpg\" \/>\n<meta name=\"twitter:card\" content=\"summary_large_image\" \/>\n<meta name=\"twitter:label1\" content=\"Odhadovan\u00e1 doba \u010dten\u00ed\" \/>\n\t<meta name=\"twitter:data1\" content=\"1 minuta\" \/>\n<script type=\"application\/ld+json\" class=\"yoast-schema-graph\">{\"@context\":\"https:\/\/schema.org\",\"@graph\":[{\"@type\":\"WebPage\",\"@id\":\"http:\/\/www.czechdoor.cz\/cs\/klasicky-styl-fs\/\",\"url\":\"http:\/\/www.czechdoor.cz\/cs\/klasicky-styl-fs\/\",\"name\":\"Klasick\u00fd styl (FS) - Interi\u00e9rov\u00e9 dve\u0159e z masivu\",\"isPartOf\":{\"@id\":\"https:\/\/www.czechdoor.cz\/cs\/#website\"},\"primaryImageOfPage\":{\"@id\":\"http:\/\/www.czechdoor.cz\/cs\/klasicky-styl-fs\/#primaryimage\"},\"image\":{\"@id\":\"http:\/\/www.czechdoor.cz\/cs\/klasicky-styl-fs\/#primaryimage\"},\"thumbnailUrl\":\"https:\/\/www.czechdoor.cz\/wp-content\/uploads\/2019\/03\/2FS1_s_v.jpg\",\"datePublished\":\"2019-09-02T16:20:21+00:00\",\"dateModified\":\"2022-01-21T16:39:54+00:00\",\"breadcrumb\":{\"@id\":\"http:\/\/www.czechdoor.cz\/cs\/klasicky-styl-fs\/#breadcrumb\"},\"inLanguage\":\"cs\",\"potentialAction\":[{\"@type\":\"ReadAction\",\"target\":[\"http:\/\/www.czechdoor.cz\/cs\/klasicky-styl-fs\/\"]}]},{\"@type\":\"ImageObject\",\"inLanguage\":\"cs\",\"@id\":\"http:\/\/www.czechdoor.cz\/cs\/klasicky-styl-fs\/#primaryimage\",\"url\":\"https:\/\/www.czechdoor.cz\/wp-content\/uploads\/2019\/03\/2FS1_s_v.jpg\",\"contentUrl\":\"https:\/\/www.czechdoor.cz\/wp-content\/uploads\/2019\/03\/2FS1_s_v.jpg\"},{\"@type\":\"BreadcrumbList\",\"@id\":\"http:\/\/www.czechdoor.cz\/cs\/klasicky-styl-fs\/#breadcrumb\",\"itemListElement\":[{\"@type\":\"ListItem\",\"position\":1,\"name\":\"\u0413\u043b\u0430\u0432\u043d\u0430\u044f \u0441\u0442\u0440\u0430\u043d\u0438\u0446\u0430\",\"item\":\"https:\/\/www.czechdoor.cz\/cs\/\"},{\"@type\":\"ListItem\",\"position\":2,\"name\":\"Klasick\u00fd styl (FS)\"}]},{\"@type\":\"WebSite\",\"@id\":\"https:\/\/www.czechdoor.cz\/cs\/#website\",\"url\":\"https:\/\/www.czechdoor.cz\/cs\/\",\"name\":\"Interi\u00e9rov\u00e9 dve\u0159e z masivu\",\"description\":\"Kvalitn\u00ed dve\u0159e a z\u00e1rubn\u011b z masivu, interierov\u00e9 a vchodov\u00e9 dve\u0159e - Czech Door a.s.\",\"publisher\":{\"@id\":\"https:\/\/www.czechdoor.cz\/cs\/#organization\"},\"potentialAction\":[{\"@type\":\"SearchAction\",\"target\":{\"@type\":\"EntryPoint\",\"urlTemplate\":\"https:\/\/www.czechdoor.cz\/cs\/?s={search_term_string}\"},\"query-input\":{\"@type\":\"PropertyValueSpecification\",\"valueRequired\":true,\"valueName\":\"search_term_string\"}}],\"inLanguage\":\"cs\"},{\"@type\":\"Organization\",\"@id\":\"https:\/\/www.czechdoor.cz\/cs\/#organization\",\"name\":\"CzechDoor. Interi\u00e9rov\u00e9 dve\u0159e z masivu\",\"url\":\"https:\/\/www.czechdoor.cz\/cs\/\",\"logo\":{\"@type\":\"ImageObject\",\"inLanguage\":\"cs\",\"@id\":\"https:\/\/www.czechdoor.cz\/cs\/#\/schema\/logo\/image\/\",\"url\":\"https:\/\/www.czechdoor.cz\/wp-content\/uploads\/logo-czechdoor-ru.png\",\"contentUrl\":\"https:\/\/www.czechdoor.cz\/wp-content\/uploads\/logo-czechdoor-ru.png\",\"width\":550,\"height\":162,\"caption\":\"CzechDoor. Interi\u00e9rov\u00e9 dve\u0159e z masivu\"},\"image\":{\"@id\":\"https:\/\/www.czechdoor.cz\/cs\/#\/schema\/logo\/image\/\"}}]}<\/script>\n<!-- \/ Yoast SEO plugin. -->","yoast_head_json":{"title":"Klasick\u00fd styl (FS) - Interi\u00e9rov\u00e9 dve\u0159e z masivu","robots":{"index":"index","follow":"follow","max-snippet":"max-snippet:-1","max-image-preview":"max-image-preview:large","max-video-preview":"max-video-preview:-1"},"canonical":"http:\/\/www.czechdoor.cz\/cs\/klasicky-styl-fs\/","og_locale":"cs_CZ","og_type":"article","og_title":"Klasick\u00fd styl (FS) - Interi\u00e9rov\u00e9 dve\u0159e z masivu","og_description":"Klasick\u00fd styl (FS) Klasick\u00fd styl (FS) bez skla Klasick\u00fd styl (FS) se sklem Klasick\u00fd styl (FS) prosklen\u00e9 dve\u0159e \u0158ada \u201e FS \u201c se vyzna\u010duje profilovan\u00fdmi v\u00fdpln\u011bmi a dve\u0159n\u00edmi vlysy s jednoduch\u00fdm kulat\u00fdm profilem. Tvar zaskl\u00edvac\u00edch li\u0161t je toto\u017en\u00fd s profilem vlys\u016f. P\u0159\u00edzna\u010dn\u00e9 pro tuto \u0159adu je kombinace vodorovn\u00fdch a svisl\u00fdch v\u00fdpln\u00ed. Na rozd\u00edl od jin\u00fdch [&hellip;]","og_url":"http:\/\/www.czechdoor.cz\/cs\/klasicky-styl-fs\/","og_site_name":"Interi\u00e9rov\u00e9 dve\u0159e z masivu","article_modified_time":"2022-01-21T16:39:54+00:00","og_image":[{"url":"https:\/\/www.czechdoor.cz\/wp-content\/uploads\/2019\/03\/2FS1_s_v.jpg"}],"twitter_card":"summary_large_image","twitter_misc":{"Odhadovan\u00e1 doba \u010dten\u00ed":"1 minuta"},"schema":{"@context":"https:\/\/schema.org","@graph":[{"@type":"WebPage","@id":"http:\/\/www.czechdoor.cz\/cs\/klasicky-styl-fs\/","url":"http:\/\/www.czechdoor.cz\/cs\/klasicky-styl-fs\/","name":"Klasick\u00fd styl (FS) - Interi\u00e9rov\u00e9 dve\u0159e z masivu","isPartOf":{"@id":"https:\/\/www.czechdoor.cz\/cs\/#website"},"primaryImageOfPage":{"@id":"http:\/\/www.czechdoor.cz\/cs\/klasicky-styl-fs\/#primaryimage"},"image":{"@id":"http:\/\/www.czechdoor.cz\/cs\/klasicky-styl-fs\/#primaryimage"},"thumbnailUrl":"https:\/\/www.czechdoor.cz\/wp-content\/uploads\/2019\/03\/2FS1_s_v.jpg","datePublished":"2019-09-02T16:20:21+00:00","dateModified":"2022-01-21T16:39:54+00:00","breadcrumb":{"@id":"http:\/\/www.czechdoor.cz\/cs\/klasicky-styl-fs\/#breadcrumb"},"inLanguage":"cs","potentialAction":[{"@type":"ReadAction","target":["http:\/\/www.czechdoor.cz\/cs\/klasicky-styl-fs\/"]}]},{"@type":"ImageObject","inLanguage":"cs","@id":"http:\/\/www.czechdoor.cz\/cs\/klasicky-styl-fs\/#primaryimage","url":"https:\/\/www.czechdoor.cz\/wp-content\/uploads\/2019\/03\/2FS1_s_v.jpg","contentUrl":"https:\/\/www.czechdoor.cz\/wp-content\/uploads\/2019\/03\/2FS1_s_v.jpg"},{"@type":"BreadcrumbList","@id":"http:\/\/www.czechdoor.cz\/cs\/klasicky-styl-fs\/#breadcrumb","itemListElement":[{"@type":"ListItem","position":1,"name":"\u0413\u043b\u0430\u0432\u043d\u0430\u044f \u0441\u0442\u0440\u0430\u043d\u0438\u0446\u0430","item":"https:\/\/www.czechdoor.cz\/cs\/"},{"@type":"ListItem","position":2,"name":"Klasick\u00fd styl (FS)"}]},{"@type":"WebSite","@id":"https:\/\/www.czechdoor.cz\/cs\/#website","url":"https:\/\/www.czechdoor.cz\/cs\/","name":"Interi\u00e9rov\u00e9 dve\u0159e z masivu","description":"Kvalitn\u00ed dve\u0159e a z\u00e1rubn\u011b z masivu, interierov\u00e9 a vchodov\u00e9 dve\u0159e - Czech Door a.s.","publisher":{"@id":"https:\/\/www.czechdoor.cz\/cs\/#organization"},"potentialAction":[{"@type":"SearchAction","target":{"@type":"EntryPoint","urlTemplate":"https:\/\/www.czechdoor.cz\/cs\/?s={search_term_string}"},"query-input":{"@type":"PropertyValueSpecification","valueRequired":true,"valueName":"search_term_string"}}],"inLanguage":"cs"},{"@type":"Organization","@id":"https:\/\/www.czechdoor.cz\/cs\/#organization","name":"CzechDoor. Interi\u00e9rov\u00e9 dve\u0159e z masivu","url":"https:\/\/www.czechdoor.cz\/cs\/","logo":{"@type":"ImageObject","inLanguage":"cs","@id":"https:\/\/www.czechdoor.cz\/cs\/#\/schema\/logo\/image\/","url":"https:\/\/www.czechdoor.cz\/wp-content\/uploads\/logo-czechdoor-ru.png","contentUrl":"https:\/\/www.czechdoor.cz\/wp-content\/uploads\/logo-czechdoor-ru.png","width":550,"height":162,"caption":"CzechDoor. Interi\u00e9rov\u00e9 dve\u0159e z masivu"},"image":{"@id":"https:\/\/www.czechdoor.cz\/cs\/#\/schema\/logo\/image\/"}}]}},"_links":{"self":[{"href":"https:\/\/www.czechdoor.cz\/cs\/wp-json\/wp\/v2\/pages\/89608","targetHints":{"allow":["GET"]}}],"collection":[{"href":"https:\/\/www.czechdoor.cz\/cs\/wp-json\/wp\/v2\/pages"}],"about":[{"href":"https:\/\/www.czechdoor.cz\/cs\/wp-json\/wp\/v2\/types\/page"}],"author":[{"embeddable":true,"href":"https:\/\/www.czechdoor.cz\/cs\/wp-json\/wp\/v2\/users\/1"}],"replies":[{"embeddable":true,"href":"https:\/\/www.czechdoor.cz\/cs\/wp-json\/wp\/v2\/comments?post=89608"}],"version-history":[{"count":6,"href":"https:\/\/www.czechdoor.cz\/cs\/wp-json\/wp\/v2\/pages\/89608\/revisions"}],"predecessor-version":[{"id":123370,"href":"https:\/\/www.czechdoor.cz\/cs\/wp-json\/wp\/v2\/pages\/89608\/revisions\/123370"}],"wp:attachment":[{"href":"https:\/\/www.czechdoor.cz\/cs\/wp-json\/wp\/v2\/media?parent=89608"}],"curies":[{"name":"wp","href":"https:\/\/api.w.org\/{rel}","templated":true}]}}