{"id":89578,"date":"2019-09-02T15:52:26","date_gmt":"2019-09-02T15:52:26","guid":{"rendered":"https:\/\/www.czechdoor.cz\/zaruka-a-certifikaty\/"},"modified":"2021-08-16T09:43:32","modified_gmt":"2021-08-16T09:43:32","slug":"zaruka-a-certifikaty","status":"publish","type":"page","link":"https:\/\/www.czechdoor.cz\/cs\/zaruka-a-certifikaty\/","title":{"rendered":"Z\u00c1RUKA A CERTIFIK\u00c1TY"},"content":{"rendered":"\t\t<div data-elementor-type=\"wp-post\" data-elementor-id=\"89578\" class=\"elementor elementor-89578\" data-elementor-post-type=\"page\">\n\t\t\t\t\t\t<section class=\"elementor-section elementor-top-section elementor-element elementor-element-292cb9a8 elementor-section-boxed elementor-section-height-default elementor-section-height-default\" data-id=\"292cb9a8\" data-element_type=\"section\">\n\t\t\t\t\t\t<div class=\"elementor-container elementor-column-gap-default\">\n\t\t\t\t\t<div class=\"elementor-column elementor-col-100 elementor-top-column elementor-element elementor-element-6fa091d4\" data-id=\"6fa091d4\" data-element_type=\"column\">\n\t\t\t<div class=\"elementor-widget-wrap elementor-element-populated\">\n\t\t\t\t\t\t<div class=\"elementor-element elementor-element-7015924b elementor-widget elementor-widget-woocommerce-breadcrumb\" data-id=\"7015924b\" data-element_type=\"widget\" data-widget_type=\"woocommerce-breadcrumb.default\">\n\t\t\t\t<div class=\"elementor-widget-container\">\n\t\t\t<nav class=\"woocommerce-breadcrumb\" aria-label=\"Breadcrumb\">Dom\u016f<\/nav>\t\t<\/div>\n\t\t\t\t<\/div>\n\t\t\t\t\t<\/div>\n\t\t<\/div>\n\t\t\t\t\t<\/div>\n\t\t<\/section>\n\t\t\t\t<section class=\"elementor-section elementor-top-section elementor-element elementor-element-d8c50a3 elementor-section-boxed elementor-section-height-default elementor-section-height-default\" data-id=\"d8c50a3\" data-element_type=\"section\">\n\t\t\t\t\t\t<div class=\"elementor-container elementor-column-gap-default\">\n\t\t\t\t\t<div class=\"elementor-column elementor-col-100 elementor-top-column elementor-element elementor-element-31a19f32\" data-id=\"31a19f32\" data-element_type=\"column\">\n\t\t\t<div class=\"elementor-widget-wrap elementor-element-populated\">\n\t\t\t\t\t\t<div class=\"elementor-element elementor-element-59ae9b6 elementor-widget elementor-widget-heading\" data-id=\"59ae9b6\" data-element_type=\"widget\" data-widget_type=\"heading.default\">\n\t\t\t\t<div class=\"elementor-widget-container\">\n\t\t\t<h2 class=\"elementor-heading-title elementor-size-default\">Z\u00c1RUKA A CERTIFIK\u00c1TY<\/h2>\t\t<\/div>\n\t\t\t\t<\/div>\n\t\t\t\t\t<\/div>\n\t\t<\/div>\n\t\t\t\t\t<\/div>\n\t\t<\/section>\n\t\t\t\t<section class=\"elementor-section elementor-top-section elementor-element elementor-element-75c3619f elementor-section-boxed elementor-section-height-default elementor-section-height-default\" data-id=\"75c3619f\" data-element_type=\"section\">\n\t\t\t\t\t\t<div class=\"elementor-container elementor-column-gap-default\">\n\t\t\t\t\t<div class=\"elementor-column elementor-col-100 elementor-top-column elementor-element elementor-element-476ae54f\" data-id=\"476ae54f\" data-element_type=\"column\">\n\t\t\t<div class=\"elementor-widget-wrap elementor-element-populated\">\n\t\t\t\t\t\t<div class=\"elementor-element elementor-element-c0ee526 elementor-widget elementor-widget-text-editor\" data-id=\"c0ee526\" data-element_type=\"widget\" data-widget_type=\"text-editor.default\">\n\t\t\t\t<div class=\"elementor-widget-container\">\n\t\t\t\t\t\t\t<p>Z\u00e1ruka na na\u0161e v\u00fdrobky je 24 m\u011bs\u00edc\u016f.<\/p>\n\t\t\t\t\t\t<\/div>\n\t\t\t\t<\/div>\n\t\t\t\t<div class=\"elementor-element elementor-element-67b57c25 elementor-widget elementor-widget-text-editor\" data-id=\"67b57c25\" data-element_type=\"widget\" data-widget_type=\"text-editor.default\">\n\t\t\t\t<div class=\"elementor-widget-container\">\n\t\t\t\t\t\t\t<p>Pracujeme pouze s kvalitn\u00edmi materi\u00e1ly a dopl\u0148ky, kter\u00e9 maj\u00ed mezin\u00e1rodn\u00ed certifikaci.<\/p>\n\t\t\t\t\t\t<\/div>\n\t\t\t\t<\/div>\n\t\t\t\t\t<\/div>\n\t\t<\/div>\n\t\t\t\t\t<\/div>\n\t\t<\/section>\n\t\t\t\t<section class=\"elementor-section elementor-top-section elementor-element elementor-element-1ea068cf elementor-section-boxed elementor-section-height-default elementor-section-height-default\" data-id=\"1ea068cf\" data-element_type=\"section\">\n\t\t\t\t\t\t<div class=\"elementor-container elementor-column-gap-default\">\n\t\t\t\t\t<div class=\"elementor-column elementor-col-100 elementor-top-column elementor-element elementor-element-64a2442e\" data-id=\"64a2442e\" data-element_type=\"column\">\n\t\t\t<div class=\"elementor-widget-wrap elementor-element-populated\">\n\t\t\t\t\t\t<div class=\"elementor-element elementor-element-17042b8c gallery-spacing-custom elementor-widget elementor-widget-image-gallery\" data-id=\"17042b8c\" data-element_type=\"widget\" data-widget_type=\"image-gallery.default\">\n\t\t\t\t<div class=\"elementor-widget-container\">\n\t\t\t\t\t<div class=\"elementor-image-gallery\">\n\t\t\t<div id='gallery-1' class='gallery galleryid-89578 gallery-columns-4 gallery-size-full'><figure class='gallery-item'>\n\t\t\t<div class='gallery-icon portrait'>\n\t\t\t\t<a data-elementor-open-lightbox=\"yes\" data-elementor-lightbox-slideshow=\"17042b8c\" data-elementor-lightbox-title=\"AAVrch.kov\u00e1n\u00ed 1\" data-e-action-hash=\"#elementor-action%3Aaction%3Dlightbox%26settings%3DeyJpZCI6ODk1NzksInVybCI6Imh0dHBzOlwvXC93d3cuY3plY2hkb29yLmN6XC93cC1jb250ZW50XC91cGxvYWRzXC8yMDE5XC8wN1wvQUFWcmNoLmtvdlx1MDBlMW5cdTAwZWQtMS5qcGciLCJzbGlkZXNob3ciOiIxNzA0MmI4YyJ9\" href='https:\/\/www.czechdoor.cz\/wp-content\/uploads\/2019\/07\/AAVrch.kov\u00e1n\u00ed-1.jpg'><img fetchpriority=\"high\" decoding=\"async\" width=\"600\" height=\"825\" src=\"https:\/\/www.czechdoor.cz\/wp-content\/uploads\/2019\/07\/AAVrch.kov\u00e1n\u00ed-1.jpg\" class=\"attachment-full size-full\" alt=\"\" \/><\/a>\n\t\t\t<\/div><\/figure><figure class='gallery-item'>\n\t\t\t<div class='gallery-icon portrait'>\n\t\t\t\t<a data-elementor-open-lightbox=\"yes\" data-elementor-lightbox-slideshow=\"17042b8c\" data-elementor-lightbox-title=\"AAVrch.kov\u00e1n\u00ed 2\" data-e-action-hash=\"#elementor-action%3Aaction%3Dlightbox%26settings%3DeyJpZCI6ODk1ODIsInVybCI6Imh0dHBzOlwvXC93d3cuY3plY2hkb29yLmN6XC93cC1jb250ZW50XC91cGxvYWRzXC8yMDE5XC8wN1wvQUFWcmNoLmtvdlx1MDBlMW5cdTAwZWQtMi5qcGciLCJzbGlkZXNob3ciOiIxNzA0MmI4YyJ9\" href='https:\/\/www.czechdoor.cz\/wp-content\/uploads\/2019\/07\/AAVrch.kov\u00e1n\u00ed-2.jpg'><img decoding=\"async\" width=\"600\" height=\"831\" src=\"https:\/\/www.czechdoor.cz\/wp-content\/uploads\/2019\/07\/AAVrch.kov\u00e1n\u00ed-2.jpg\" class=\"attachment-full size-full\" alt=\"\" \/><\/a>\n\t\t\t<\/div><\/figure><figure class='gallery-item'>\n\t\t\t<div class='gallery-icon portrait'>\n\t\t\t\t<a data-elementor-open-lightbox=\"yes\" data-elementor-lightbox-slideshow=\"17042b8c\" data-elementor-lightbox-title=\"AAZ\u00e1mky HOBES 2\" data-e-action-hash=\"#elementor-action%3Aaction%3Dlightbox%26settings%3DeyJpZCI6ODk1ODUsInVybCI6Imh0dHBzOlwvXC93d3cuY3plY2hkb29yLmN6XC93cC1jb250ZW50XC91cGxvYWRzXC8yMDE5XC8wN1wvQUFaXHUwMGUxbWt5LUhPQkVTLTIuanBnIiwic2xpZGVzaG93IjoiMTcwNDJiOGMifQ%3D%3D\" href='https:\/\/www.czechdoor.cz\/wp-content\/uploads\/2019\/07\/AAZ\u00e1mky-HOBES-2.jpg'><img decoding=\"async\" width=\"600\" height=\"837\" src=\"https:\/\/www.czechdoor.cz\/wp-content\/uploads\/2019\/07\/AAZ\u00e1mky-HOBES-2.jpg\" class=\"attachment-full size-full\" alt=\"\" \/><\/a>\n\t\t\t<\/div><\/figure><figure class='gallery-item'>\n\t\t\t<div class='gallery-icon portrait'>\n\t\t\t\t<a data-elementor-open-lightbox=\"yes\" data-elementor-lightbox-slideshow=\"17042b8c\" data-elementor-lightbox-title=\"AAZ\u00e1mky HOBES 1\" data-e-action-hash=\"#elementor-action%3Aaction%3Dlightbox%26settings%3DeyJpZCI6ODk1ODgsInVybCI6Imh0dHBzOlwvXC93d3cuY3plY2hkb29yLmN6XC93cC1jb250ZW50XC91cGxvYWRzXC8yMDE5XC8wN1wvQUFaXHUwMGUxbWt5LUhPQkVTLTEuanBnIiwic2xpZGVzaG93IjoiMTcwNDJiOGMifQ%3D%3D\" href='https:\/\/www.czechdoor.cz\/wp-content\/uploads\/2019\/07\/AAZ\u00e1mky-HOBES-1.jpg'><img loading=\"lazy\" decoding=\"async\" width=\"600\" height=\"831\" src=\"https:\/\/www.czechdoor.cz\/wp-content\/uploads\/2019\/07\/AAZ\u00e1mky-HOBES-1.jpg\" class=\"attachment-full size-full\" alt=\"\" \/><\/a>\n\t\t\t<\/div><\/figure><figure class='gallery-item'>\n\t\t\t<div class='gallery-icon portrait'>\n\t\t\t\t<a data-elementor-open-lightbox=\"yes\" data-elementor-lightbox-slideshow=\"17042b8c\" data-elementor-lightbox-title=\"aa1\" data-e-action-hash=\"#elementor-action%3Aaction%3Dlightbox%26settings%3DeyJpZCI6ODk1OTEsInVybCI6Imh0dHBzOlwvXC93d3cuY3plY2hkb29yLmN6XC93cC1jb250ZW50XC91cGxvYWRzXC8yMDE5XC8wN1wvYWExLmpwZyIsInNsaWRlc2hvdyI6IjE3MDQyYjhjIn0%3D\" href='https:\/\/www.czechdoor.cz\/wp-content\/uploads\/2019\/07\/aa1.jpg'><img loading=\"lazy\" decoding=\"async\" width=\"600\" height=\"887\" src=\"https:\/\/www.czechdoor.cz\/wp-content\/uploads\/2019\/07\/aa1.jpg\" class=\"attachment-full size-full\" alt=\"\" \/><\/a>\n\t\t\t<\/div><\/figure><figure class='gallery-item'>\n\t\t\t<div class='gallery-icon portrait'>\n\t\t\t\t<a data-elementor-open-lightbox=\"yes\" data-elementor-lightbox-slideshow=\"17042b8c\" data-elementor-lightbox-title=\"aa2\" data-e-action-hash=\"#elementor-action%3Aaction%3Dlightbox%26settings%3DeyJpZCI6ODk1OTQsInVybCI6Imh0dHBzOlwvXC93d3cuY3plY2hkb29yLmN6XC93cC1jb250ZW50XC91cGxvYWRzXC8yMDE5XC8wN1wvYWEyLmpwZyIsInNsaWRlc2hvdyI6IjE3MDQyYjhjIn0%3D\" href='https:\/\/www.czechdoor.cz\/wp-content\/uploads\/2019\/07\/aa2.jpg'><img loading=\"lazy\" decoding=\"async\" width=\"600\" height=\"887\" src=\"https:\/\/www.czechdoor.cz\/wp-content\/uploads\/2019\/07\/aa2.jpg\" class=\"attachment-full size-full\" alt=\"\" \/><\/a>\n\t\t\t<\/div><\/figure><figure class='gallery-item'>\n\t\t\t<div class='gallery-icon portrait'>\n\t\t\t\t<a data-elementor-open-lightbox=\"yes\" data-elementor-lightbox-slideshow=\"17042b8c\" data-elementor-lightbox-title=\"aa3\" data-e-action-hash=\"#elementor-action%3Aaction%3Dlightbox%26settings%3DeyJpZCI6ODk1OTcsInVybCI6Imh0dHBzOlwvXC93d3cuY3plY2hkb29yLmN6XC93cC1jb250ZW50XC91cGxvYWRzXC8yMDE5XC8wN1wvYWEzLmpwZyIsInNsaWRlc2hvdyI6IjE3MDQyYjhjIn0%3D\" href='https:\/\/www.czechdoor.cz\/wp-content\/uploads\/2019\/07\/aa3.jpg'><img loading=\"lazy\" decoding=\"async\" width=\"600\" height=\"887\" src=\"https:\/\/www.czechdoor.cz\/wp-content\/uploads\/2019\/07\/aa3.jpg\" class=\"attachment-full size-full\" alt=\"\" \/><\/a>\n\t\t\t<\/div><\/figure><figure class='gallery-item'>\n\t\t\t<div class='gallery-icon portrait'>\n\t\t\t\t<a data-elementor-open-lightbox=\"yes\" data-elementor-lightbox-slideshow=\"17042b8c\" data-elementor-lightbox-title=\"Screenshot_37\" data-e-action-hash=\"#elementor-action%3Aaction%3Dlightbox%26settings%3DeyJpZCI6MTIyNzM5LCJ1cmwiOiJodHRwczpcL1wvd3d3LmN6ZWNoZG9vci5jelwvd3AtY29udGVudFwvdXBsb2Fkc1wvc2NyZWVuc2hvdF8zNy5qcGciLCJzbGlkZXNob3ciOiIxNzA0MmI4YyJ9\" href='https:\/\/www.czechdoor.cz\/wp-content\/uploads\/screenshot_37.jpg'><img loading=\"lazy\" decoding=\"async\" width=\"618\" height=\"871\" src=\"https:\/\/www.czechdoor.cz\/wp-content\/uploads\/screenshot_37.jpg\" class=\"attachment-full size-full\" alt=\"\" \/><\/a>\n\t\t\t<\/div><\/figure>\n\t\t<\/div>\n\t\t<\/div>\n\t\t\t\t<\/div>\n\t\t\t\t<\/div>\n\t\t\t\t\t<\/div>\n\t\t<\/div>\n\t\t\t\t\t<\/div>\n\t\t<\/section>\n\t\t\t\t<\/div>\n\t\t","protected":false},"excerpt":{"rendered":"<p>Z\u00c1RUKA A CERTIFIK\u00c1TY Z\u00e1ruka na na\u0161e v\u00fdrobky je 24 m\u011bs\u00edc\u016f. Pracujeme pouze s kvalitn\u00edmi materi\u00e1ly a dopl\u0148ky, kter\u00e9 maj\u00ed mezin\u00e1rodn\u00ed certifikaci.<\/p>\n","protected":false},"author":1,"featured_media":0,"parent":0,"menu_order":0,"comment_status":"closed","ping_status":"closed","template":"","meta":{"footnotes":""},"class_list":["post-89578","page","type-page","status-publish","hentry"],"yoast_head":"<!-- This site is optimized with the Yoast SEO plugin v23.4 - https:\/\/yoast.com\/wordpress\/plugins\/seo\/ -->\n<title>Z\u00c1RUKA A CERTIFIK\u00c1TY - Interi\u00e9rov\u00e9 dve\u0159e z masivu<\/title>\n<meta name=\"robots\" content=\"index, follow, max-snippet:-1, max-image-preview:large, max-video-preview:-1\" \/>\n<link rel=\"canonical\" href=\"http:\/\/www.czechdoor.cz\/cs\/zaruka-a-certifikaty\/\" \/>\n<meta property=\"og:locale\" content=\"cs_CZ\" \/>\n<meta property=\"og:type\" content=\"article\" \/>\n<meta property=\"og:title\" content=\"Z\u00c1RUKA A CERTIFIK\u00c1TY - Interi\u00e9rov\u00e9 dve\u0159e z masivu\" \/>\n<meta property=\"og:description\" content=\"Z\u00c1RUKA A CERTIFIK\u00c1TY Z\u00e1ruka na na\u0161e v\u00fdrobky je 24 m\u011bs\u00edc\u016f. Pracujeme pouze s kvalitn\u00edmi materi\u00e1ly a dopl\u0148ky, kter\u00e9 maj\u00ed mezin\u00e1rodn\u00ed certifikaci.\" \/>\n<meta property=\"og:url\" content=\"http:\/\/www.czechdoor.cz\/cs\/zaruka-a-certifikaty\/\" \/>\n<meta property=\"og:site_name\" content=\"Interi\u00e9rov\u00e9 dve\u0159e z masivu\" \/>\n<meta property=\"article:modified_time\" content=\"2021-08-16T09:43:32+00:00\" \/>\n<meta property=\"og:image\" content=\"https:\/\/www.czechdoor.cz\/wp-content\/uploads\/2019\/07\/aa1.jpg\" \/>\n<meta name=\"twitter:card\" content=\"summary_large_image\" \/>\n<script type=\"application\/ld+json\" class=\"yoast-schema-graph\">{\"@context\":\"https:\/\/schema.org\",\"@graph\":[{\"@type\":\"WebPage\",\"@id\":\"http:\/\/www.czechdoor.cz\/cs\/zaruka-a-certifikaty\/\",\"url\":\"http:\/\/www.czechdoor.cz\/cs\/zaruka-a-certifikaty\/\",\"name\":\"Z\u00c1RUKA A CERTIFIK\u00c1TY - Interi\u00e9rov\u00e9 dve\u0159e z masivu\",\"isPartOf\":{\"@id\":\"http:\/\/www.czechdoor.cz\/cs\/#website\"},\"primaryImageOfPage\":{\"@id\":\"http:\/\/www.czechdoor.cz\/cs\/zaruka-a-certifikaty\/#primaryimage\"},\"image\":{\"@id\":\"http:\/\/www.czechdoor.cz\/cs\/zaruka-a-certifikaty\/#primaryimage\"},\"thumbnailUrl\":\"https:\/\/www.czechdoor.cz\/wp-content\/uploads\/2019\/07\/aa1.jpg\",\"datePublished\":\"2019-09-02T15:52:26+00:00\",\"dateModified\":\"2021-08-16T09:43:32+00:00\",\"breadcrumb\":{\"@id\":\"http:\/\/www.czechdoor.cz\/cs\/zaruka-a-certifikaty\/#breadcrumb\"},\"inLanguage\":\"cs\",\"potentialAction\":[{\"@type\":\"ReadAction\",\"target\":[\"http:\/\/www.czechdoor.cz\/cs\/zaruka-a-certifikaty\/\"]}]},{\"@type\":\"ImageObject\",\"inLanguage\":\"cs\",\"@id\":\"http:\/\/www.czechdoor.cz\/cs\/zaruka-a-certifikaty\/#primaryimage\",\"url\":\"https:\/\/www.czechdoor.cz\/wp-content\/uploads\/2019\/07\/aa1.jpg\",\"contentUrl\":\"https:\/\/www.czechdoor.cz\/wp-content\/uploads\/2019\/07\/aa1.jpg\"},{\"@type\":\"BreadcrumbList\",\"@id\":\"http:\/\/www.czechdoor.cz\/cs\/zaruka-a-certifikaty\/#breadcrumb\",\"itemListElement\":[{\"@type\":\"ListItem\",\"position\":1,\"name\":\"\u0413\u043b\u0430\u0432\u043d\u0430\u044f \u0441\u0442\u0440\u0430\u043d\u0438\u0446\u0430\",\"item\":\"http:\/\/www.czechdoor.cz\/cs\/\"},{\"@type\":\"ListItem\",\"position\":2,\"name\":\"Z\u00c1RUKA A CERTIFIK\u00c1TY\"}]},{\"@type\":\"WebSite\",\"@id\":\"http:\/\/www.czechdoor.cz\/cs\/#website\",\"url\":\"http:\/\/www.czechdoor.cz\/cs\/\",\"name\":\"Interi\u00e9rov\u00e9 dve\u0159e z masivu\",\"description\":\"Kvalitn\u00ed dve\u0159e a z\u00e1rubn\u011b z masivu, interierov\u00e9 a vchodov\u00e9 dve\u0159e - Czech Door a.s.\",\"publisher\":{\"@id\":\"http:\/\/www.czechdoor.cz\/cs\/#organization\"},\"potentialAction\":[{\"@type\":\"SearchAction\",\"target\":{\"@type\":\"EntryPoint\",\"urlTemplate\":\"http:\/\/www.czechdoor.cz\/cs\/?s={search_term_string}\"},\"query-input\":{\"@type\":\"PropertyValueSpecification\",\"valueRequired\":true,\"valueName\":\"search_term_string\"}}],\"inLanguage\":\"cs\"},{\"@type\":\"Organization\",\"@id\":\"http:\/\/www.czechdoor.cz\/cs\/#organization\",\"name\":\"CzechDoor. Interi\u00e9rov\u00e9 dve\u0159e z masivu\",\"url\":\"http:\/\/www.czechdoor.cz\/cs\/\",\"logo\":{\"@type\":\"ImageObject\",\"inLanguage\":\"cs\",\"@id\":\"http:\/\/www.czechdoor.cz\/cs\/#\/schema\/logo\/image\/\",\"url\":\"https:\/\/www.czechdoor.cz\/wp-content\/uploads\/logo-czechdoor-ru.png\",\"contentUrl\":\"https:\/\/www.czechdoor.cz\/wp-content\/uploads\/logo-czechdoor-ru.png\",\"width\":550,\"height\":162,\"caption\":\"CzechDoor. Interi\u00e9rov\u00e9 dve\u0159e z masivu\"},\"image\":{\"@id\":\"http:\/\/www.czechdoor.cz\/cs\/#\/schema\/logo\/image\/\"}}]}<\/script>\n<!-- \/ Yoast SEO plugin. -->","yoast_head_json":{"title":"Z\u00c1RUKA A CERTIFIK\u00c1TY - Interi\u00e9rov\u00e9 dve\u0159e z masivu","robots":{"index":"index","follow":"follow","max-snippet":"max-snippet:-1","max-image-preview":"max-image-preview:large","max-video-preview":"max-video-preview:-1"},"canonical":"http:\/\/www.czechdoor.cz\/cs\/zaruka-a-certifikaty\/","og_locale":"cs_CZ","og_type":"article","og_title":"Z\u00c1RUKA A CERTIFIK\u00c1TY - Interi\u00e9rov\u00e9 dve\u0159e z masivu","og_description":"Z\u00c1RUKA A CERTIFIK\u00c1TY Z\u00e1ruka na na\u0161e v\u00fdrobky je 24 m\u011bs\u00edc\u016f. Pracujeme pouze s kvalitn\u00edmi materi\u00e1ly a dopl\u0148ky, kter\u00e9 maj\u00ed mezin\u00e1rodn\u00ed certifikaci.","og_url":"http:\/\/www.czechdoor.cz\/cs\/zaruka-a-certifikaty\/","og_site_name":"Interi\u00e9rov\u00e9 dve\u0159e z masivu","article_modified_time":"2021-08-16T09:43:32+00:00","og_image":[{"url":"https:\/\/www.czechdoor.cz\/wp-content\/uploads\/2019\/07\/aa1.jpg"}],"twitter_card":"summary_large_image","schema":{"@context":"https:\/\/schema.org","@graph":[{"@type":"WebPage","@id":"http:\/\/www.czechdoor.cz\/cs\/zaruka-a-certifikaty\/","url":"http:\/\/www.czechdoor.cz\/cs\/zaruka-a-certifikaty\/","name":"Z\u00c1RUKA A CERTIFIK\u00c1TY - Interi\u00e9rov\u00e9 dve\u0159e z masivu","isPartOf":{"@id":"http:\/\/www.czechdoor.cz\/cs\/#website"},"primaryImageOfPage":{"@id":"http:\/\/www.czechdoor.cz\/cs\/zaruka-a-certifikaty\/#primaryimage"},"image":{"@id":"http:\/\/www.czechdoor.cz\/cs\/zaruka-a-certifikaty\/#primaryimage"},"thumbnailUrl":"https:\/\/www.czechdoor.cz\/wp-content\/uploads\/2019\/07\/aa1.jpg","datePublished":"2019-09-02T15:52:26+00:00","dateModified":"2021-08-16T09:43:32+00:00","breadcrumb":{"@id":"http:\/\/www.czechdoor.cz\/cs\/zaruka-a-certifikaty\/#breadcrumb"},"inLanguage":"cs","potentialAction":[{"@type":"ReadAction","target":["http:\/\/www.czechdoor.cz\/cs\/zaruka-a-certifikaty\/"]}]},{"@type":"ImageObject","inLanguage":"cs","@id":"http:\/\/www.czechdoor.cz\/cs\/zaruka-a-certifikaty\/#primaryimage","url":"https:\/\/www.czechdoor.cz\/wp-content\/uploads\/2019\/07\/aa1.jpg","contentUrl":"https:\/\/www.czechdoor.cz\/wp-content\/uploads\/2019\/07\/aa1.jpg"},{"@type":"BreadcrumbList","@id":"http:\/\/www.czechdoor.cz\/cs\/zaruka-a-certifikaty\/#breadcrumb","itemListElement":[{"@type":"ListItem","position":1,"name":"\u0413\u043b\u0430\u0432\u043d\u0430\u044f \u0441\u0442\u0440\u0430\u043d\u0438\u0446\u0430","item":"http:\/\/www.czechdoor.cz\/cs\/"},{"@type":"ListItem","position":2,"name":"Z\u00c1RUKA A CERTIFIK\u00c1TY"}]},{"@type":"WebSite","@id":"http:\/\/www.czechdoor.cz\/cs\/#website","url":"http:\/\/www.czechdoor.cz\/cs\/","name":"Interi\u00e9rov\u00e9 dve\u0159e z masivu","description":"Kvalitn\u00ed dve\u0159e a z\u00e1rubn\u011b z masivu, interierov\u00e9 a vchodov\u00e9 dve\u0159e - Czech Door a.s.","publisher":{"@id":"http:\/\/www.czechdoor.cz\/cs\/#organization"},"potentialAction":[{"@type":"SearchAction","target":{"@type":"EntryPoint","urlTemplate":"http:\/\/www.czechdoor.cz\/cs\/?s={search_term_string}"},"query-input":{"@type":"PropertyValueSpecification","valueRequired":true,"valueName":"search_term_string"}}],"inLanguage":"cs"},{"@type":"Organization","@id":"http:\/\/www.czechdoor.cz\/cs\/#organization","name":"CzechDoor. Interi\u00e9rov\u00e9 dve\u0159e z masivu","url":"http:\/\/www.czechdoor.cz\/cs\/","logo":{"@type":"ImageObject","inLanguage":"cs","@id":"http:\/\/www.czechdoor.cz\/cs\/#\/schema\/logo\/image\/","url":"https:\/\/www.czechdoor.cz\/wp-content\/uploads\/logo-czechdoor-ru.png","contentUrl":"https:\/\/www.czechdoor.cz\/wp-content\/uploads\/logo-czechdoor-ru.png","width":550,"height":162,"caption":"CzechDoor. Interi\u00e9rov\u00e9 dve\u0159e z masivu"},"image":{"@id":"http:\/\/www.czechdoor.cz\/cs\/#\/schema\/logo\/image\/"}}]}},"_links":{"self":[{"href":"https:\/\/www.czechdoor.cz\/cs\/wp-json\/wp\/v2\/pages\/89578","targetHints":{"allow":["GET"]}}],"collection":[{"href":"https:\/\/www.czechdoor.cz\/cs\/wp-json\/wp\/v2\/pages"}],"about":[{"href":"https:\/\/www.czechdoor.cz\/cs\/wp-json\/wp\/v2\/types\/page"}],"author":[{"embeddable":true,"href":"https:\/\/www.czechdoor.cz\/cs\/wp-json\/wp\/v2\/users\/1"}],"replies":[{"embeddable":true,"href":"https:\/\/www.czechdoor.cz\/cs\/wp-json\/wp\/v2\/comments?post=89578"}],"version-history":[{"count":3,"href":"https:\/\/www.czechdoor.cz\/cs\/wp-json\/wp\/v2\/pages\/89578\/revisions"}],"predecessor-version":[{"id":122744,"href":"https:\/\/www.czechdoor.cz\/cs\/wp-json\/wp\/v2\/pages\/89578\/revisions\/122744"}],"wp:attachment":[{"href":"https:\/\/www.czechdoor.cz\/cs\/wp-json\/wp\/v2\/media?parent=89578"}],"curies":[{"name":"wp","href":"https:\/\/api.w.org\/{rel}","templated":true}]}}