{"id":89355,"date":"2019-08-30T10:45:31","date_gmt":"2019-08-30T10:45:31","guid":{"rendered":"https:\/\/www.czechdoor.cz\/89355-2\/"},"modified":"2019-09-05T15:17:05","modified_gmt":"2019-09-05T15:17:05","slug":"89355-2","status":"publish","type":"page","link":"https:\/\/www.czechdoor.cz\/cs\/89355-2\/","title":{"rendered":"Doporu\u010den\u00ed pro pou\u017e\u00edv\u00e1n\u00ed a \u00fadr\u017ebu"},"content":{"rendered":"\t\t<div data-elementor-type=\"wp-post\" data-elementor-id=\"89355\" class=\"elementor elementor-89355 elementor-258\" data-elementor-post-type=\"page\">\n\t\t\t\t\t\t<section class=\"elementor-section elementor-top-section elementor-element elementor-element-d40562b elementor-section-boxed elementor-section-height-default elementor-section-height-default\" data-id=\"d40562b\" data-element_type=\"section\">\n\t\t\t\t\t\t<div class=\"elementor-container elementor-column-gap-default\">\n\t\t\t\t\t<div class=\"elementor-column elementor-col-100 elementor-top-column elementor-element elementor-element-b6dea3a\" data-id=\"b6dea3a\" data-element_type=\"column\">\n\t\t\t<div class=\"elementor-widget-wrap elementor-element-populated\">\n\t\t\t\t\t\t<div class=\"elementor-element elementor-element-1908745a elementor-widget elementor-widget-woocommerce-breadcrumb\" data-id=\"1908745a\" data-element_type=\"widget\" data-widget_type=\"woocommerce-breadcrumb.default\">\n\t\t\t\t<div class=\"elementor-widget-container\">\n\t\t\t<nav class=\"woocommerce-breadcrumb\" aria-label=\"Breadcrumb\">Dom\u016f<\/nav>\t\t<\/div>\n\t\t\t\t<\/div>\n\t\t\t\t\t<\/div>\n\t\t<\/div>\n\t\t\t\t\t<\/div>\n\t\t<\/section>\n\t\t\t\t<section class=\"elementor-section elementor-top-section elementor-element elementor-element-6b1b3cca elementor-section-boxed elementor-section-height-default elementor-section-height-default\" data-id=\"6b1b3cca\" data-element_type=\"section\" data-settings=\"{&quot;background_background&quot;:&quot;classic&quot;}\">\n\t\t\t\t\t\t<div class=\"elementor-container elementor-column-gap-default\">\n\t\t\t\t\t<div class=\"elementor-column elementor-col-100 elementor-top-column elementor-element elementor-element-b8c58be\" data-id=\"b8c58be\" data-element_type=\"column\">\n\t\t\t<div class=\"elementor-widget-wrap elementor-element-populated\">\n\t\t\t\t\t\t<div class=\"elementor-element elementor-element-692a849f elementor-widget elementor-widget-heading\" data-id=\"692a849f\" data-element_type=\"widget\" data-widget_type=\"heading.default\">\n\t\t\t\t<div class=\"elementor-widget-container\">\n\t\t\t<h2 class=\"elementor-heading-title elementor-size-default\">Doporu\u010den\u00ed pro pou\u017e\u00edv\u00e1n\u00ed a \u00fadr\u017ebu<\/h2>\t\t<\/div>\n\t\t\t\t<\/div>\n\t\t\t\t\t<\/div>\n\t\t<\/div>\n\t\t\t\t\t<\/div>\n\t\t<\/section>\n\t\t\t\t<section class=\"elementor-section elementor-top-section elementor-element elementor-element-69a6b629 elementor-section-boxed elementor-section-height-default elementor-section-height-default\" data-id=\"69a6b629\" data-element_type=\"section\">\n\t\t\t\t\t\t<div class=\"elementor-container elementor-column-gap-default\">\n\t\t\t\t\t<div class=\"elementor-column elementor-col-100 elementor-top-column elementor-element elementor-element-7c9fccc8\" data-id=\"7c9fccc8\" data-element_type=\"column\">\n\t\t\t<div class=\"elementor-widget-wrap elementor-element-populated\">\n\t\t\t\t\t\t<div class=\"elementor-element elementor-element-2d965c16 elementor-widget elementor-widget-heading\" data-id=\"2d965c16\" data-element_type=\"widget\" data-widget_type=\"heading.default\">\n\t\t\t\t<div class=\"elementor-widget-container\">\n\t\t\t<h2 class=\"elementor-heading-title elementor-size-default\">POKYNY PRO SKLADOV\u00c1N\u00cd, U\u017d\u00cdV\u00c1N\u00cd A \u00daDR\u017dBU DVE\u0158\u00cd A Z\u00c1RUBN\u00cd Z MASIVU OD FIRMY CZECHDOOR a.s.<\/h2>\t\t<\/div>\n\t\t\t\t<\/div>\n\t\t\t\t<div class=\"elementor-element elementor-element-15d020a5 elementor-widget elementor-widget-text-editor\" data-id=\"15d020a5\" data-element_type=\"widget\" data-widget_type=\"text-editor.default\">\n\t\t\t\t<div class=\"elementor-widget-container\">\n\t\t\t\t\t\t\t<p>V\u00e1\u017een\u00fd z\u00e1kazn\u00edku,<\/p>\n<p>d\u011bkujeme, \u017ee jste si vybral na\u0161e dve\u0159e a z\u00e1rubn\u011b a v\u011b\u0159\u00edme, \u017ee v\u00e1m budou dlouhou dobu slou\u017eit k va\u0161\u00ed spokojenosti. Podm\u00ednkou dlouholet\u00e9ho u\u017e\u00edv\u00e1n\u00ed je p\u0159im\u011b\u0159en\u00e9 a \u0161etrn\u00e9 zach\u00e1zen\u00ed a vhodn\u00e1 \u00fadr\u017eba na\u0161ich v\u00fdrobk\u016f. P\u0159e\u010dt\u011bte si pros\u00edm pozorn\u011b tento n\u00e1vod ke skladov\u00e1n\u00ed, bezpe\u010dn\u00e9mu u\u017e\u00edv\u00e1n\u00ed a \u00fadr\u017eb\u011b dve\u0159\u00ed a z\u00e1rubn\u00ed. Po p\u0159e\u010dten\u00ed si n\u00e1vod uschovejte pro p\u0159\u00edpadn\u00e9 dal\u0161\u00ed pou\u017eit\u00ed.<\/p>\n<p>Skladov\u00e1n\u00ed dve\u0159\u00ed<\/p>\n<p>Nejv\u011bt\u0161\u00edm nep\u0159\u00edtelem v\u00fdrobk\u016f ze d\u0159eva je vlhkost, proto je nezbytn\u011b nutn\u00e9 dve\u0159e skladovat i n\u00e1sledn\u011b montovat do prost\u0159ed\u00ed se vzdu\u0161nou vlhkost\u00ed od 40 do 60%. Pokud bude vlhkost vy\u0161\u0161\u00ed, hroz\u00ed nebezpe\u010d\u00ed proh\u00fdb\u00e1n\u00ed nebo deformace dve\u0159\u00ed i z\u00e1rubn\u00ed. Pokud bude vlhkost ni\u017e\u0161\u00ed, m\u016f\u017ee d\u0159evo sesychat i praskat. Voda m\u016f\u017ee zp\u016fsobit trval\u00e9 po\u0161kozen\u00ed v\u00fdrobku. Dve\u0159e i z\u00e1rubn\u011b skladujte pouze v origin\u00e1ln\u00edch neporu\u0161en\u00fdch obalech. Prosklen\u00e9 i r\u00e1me\u010dkov\u00e9 dve\u0159e je nutn\u00e9 skladovat tak, aby nedo\u0161lo k po\u0161kozen\u00ed li\u0161t a r\u00e1me\u010dk\u016f. Skladujte dve\u0159e na rovn\u00e9m podklad\u011b, v opa\u010dn\u00e9m p\u0159\u00edpad\u011b m\u016f\u017ee doj\u00edt k jejich prohnut\u00ed. Nejvhodn\u011bj\u0161\u00ed skladov\u00e1n\u00ed je naplocho, nebo postaven\u00e9 na pod\u00e9ln\u00e9 z\u00e1v\u011bsov\u00e9 stran\u011b.<\/p>\n<p>Bezpe\u010dn\u00e9 u\u017e\u00edv\u00e1n\u00ed dve\u0159\u00ed a z\u00e1rubn\u00ed<\/p>\n<p>Dve\u0159e v otev\u0159en\u00e9 poloze nadm\u011brn\u011b nezat\u011b\u017eujte zav\u011b\u0161ov\u00e1n\u00edm se nebo houp\u00e1n\u00edm. Pou\u017e\u00edvejte dve\u0159e i z\u00e1rubn\u011b jen k ur\u010den\u00e9mu \u00fa\u010delu. P\u0159i otev\u00edr\u00e1n\u00ed a zav\u00edr\u00e1n\u00ed dve\u0159\u00ed pou\u017e\u00edvejte kliku, aby nedo\u0161lo k po\u0161kozen\u00ed protiplechu nebo z\u00e1mku. Nepou\u017e\u00edvejte n\u00e1sil\u00ed, manipulujte s dve\u0159mi zlehka. P\u0159i otev\u0159en\u00fdch dve\u0159\u00edch je t\u0159eba d\u00e1t pozor na p\u016fsoben\u00ed v\u011btru nebo pr\u016fvanu p\u0159i v\u011btr\u00e1n\u00ed &#8211; prudk\u00e9 zav\u0159en\u00ed dve\u0159\u00ed m\u016f\u017ee v\u00fdrobek po\u0161kodit, nebo zp\u016fsobit \u00faraz. Stejn\u011b tak m\u016f\u017ee doj\u00edt k nevratn\u00e9mu po\u0161kozen\u00ed v\u00fdrobku p\u0159i n\u00e1siln\u00e9m otev\u00edr\u00e1n\u00ed nebo zav\u00edr\u00e1n\u00ed. Pozor na nebezpe\u010d\u00ed zran\u011bn\u00ed ve \u0161t\u011brbin\u011b mezi dve\u0159n\u00edm k\u0159\u00eddlem a z\u00e1rubn\u00ed \u2013 zejm\u00e9na d\u011bti. Neinstalujte v\u00fdrobky do prost\u0159ed\u00ed, kde je v\u00fdskyt chemick\u00fdch nebo jinak agresivn\u00edch l\u00e1tek, toto m\u016f\u017ee zp\u016fsobit podstatn\u00e9 zkr\u00e1cen\u00ed \u017eivotnosti nebo znehodnocen\u00ed v\u00fdrobku.<\/p>\n<p>\u00dadr\u017eba a o\u0161et\u0159ov\u00e1n\u00ed<\/p>\n<p>Aby bylo zaji\u0161t\u011bno plynul\u00e9 otv\u00edr\u00e1n\u00ed a zav\u00edr\u00e1n\u00ed dve\u0159\u00ed a dal\u0161\u00ed funkce pohybliv\u00fdch \u010d\u00e1st\u00ed kov\u00e1n\u00ed, je t\u0159eba jednou za rok, v p\u0159\u00edpad\u011b zv\u00fd\u0161en\u00e9ho provozu jednou za p\u016fl roku, zkontrolovat, p\u0159\u00edpadn\u011b dot\u00e1hnout povolen\u00e9 \u010d\u00e1sti kov\u00e1n\u00ed, upravit nastaven\u00ed z\u00e1v\u011bs\u016f dve\u0159\u00ed i z\u00e1rubn\u00ed pokud je to pot\u0159eba a mazivem nebo olejem namazat pohybliv\u00e9 \u010d\u00e1sti kov\u00e1n\u00ed. Mazivo nesm\u00ed obsahovat prysky\u0159ice a kyseliny. V p\u0159\u00edpad\u011b po\u0161kozen\u00ed n\u011bkter\u00e9 \u010d\u00e1sti kov\u00e1n\u00ed, je t\u0159eba ji vym\u011bnit za novou. V\u0161echny z\u00e1rubn\u011b jsou opat\u0159eny gumov\u00fdm t\u011bsn\u011bn\u00edm. V p\u0159\u00edpad\u011b jeho po\u0161kozen\u00ed, je nutn\u00e1 v\u00fdm\u011bna za nov\u00e9.<\/p>\n<p>&nbsp;<\/p>\n<p>V\u0161echny povrchy jsou nen\u00e1ro\u010dn\u00e9 na \u010di\u0161t\u011bn\u00ed a snadno se udr\u017euj\u00ed such\u00fdm nebo jen m\u00edrn\u011b navlh\u010den\u00fdm hadrem vodou s p\u0159\u00eddavkem jemn\u00e9ho sapon\u00e1tu bez obsahu \u010dpavku nebo jin\u00e9 desinfek\u010dn\u00ed slo\u017eky. K odstran\u011bn\u00ed prachu a ne\u010distot je t\u0159eba pou\u017e\u00edt hadr z materi\u00e1lu kter\u00fd nepou\u0161t\u00ed vl\u00e1kna (bavln\u011bn\u00fd, ln\u011bn\u00fd nebo jelenice). Okam\u017eit\u011b pot\u00e9 je t\u0159eba vyt\u0159\u00edt dve\u0159e i z\u00e1rubn\u011b dosucha.<\/p>\n<p>Pro \u00fadr\u017ebu dve\u0159\u00ed i z\u00e1rubn\u00ed nesm\u00ed b\u00fdt pou\u017eito organick\u00fdch rozpou\u0161t\u011bdel, l\u00e1tek na b\u00e1zi chl\u00f3ru, louhu \u010di jin\u00fdch \u017e\u00edravin, p\u0159\u00edpravk\u016f s obsahem vosk\u016f, olej\u016f a emulz\u00ed, abrazivn\u00edch \u010dist\u00edc\u00edch prost\u0159edk\u016f nebo jin\u00fdch l\u00e1tek schopn\u00fdch po\u0161kr\u00e1bat plochy dve\u0159\u00ed, kart\u00e1\u010d\u016f a dr\u00e1t\u011bnek.<\/p>\n<p>&nbsp;<\/p>\n<p>V\u011b\u0159\u00edme, \u017ee s na\u0161imi v\u00fdrobky budete spokojeni a p\u0159i dodr\u017eov\u00e1n\u00ed v\u00fd\u0161e uveden\u00fdch pokyn\u016f v\u00e1m budou dlouho a bez probl\u00e9mu slou\u017eit.<\/p>\n<p style=\"text-align: right;\">\u00a0 \u00a0 \u00a0 \u00a0 \u00a0 \u00a0 \u00a0 \u00a0 \u00a0 \u00a0 \u00a0 \u00a0 \u00a0 \u00a0 \u00a0 \u00a0 \u00a0 \u00a0 \u00a0 \u00a0 \u00a0 \u00a0 \u00a0 \u00a0 \u00a0 \u00a0 \u00a0 \u00a0 \u00a0 \u00a0 \u00a0 \u00a0 \u00a0 \u00a0 \u00a0 \u00a0 \u00a0 \u00a0 \u00a0 \u00a0 \u00a0 \u00a0 \u00a0 \u00a0 \u00a0 \u00a0 T\u00fdm CZECHDOOR a.s.<\/p>\n\t\t\t\t\t\t<\/div>\n\t\t\t\t<\/div>\n\t\t\t\t\t<\/div>\n\t\t<\/div>\n\t\t\t\t\t<\/div>\n\t\t<\/section>\n\t\t\t\t<\/div>\n\t\t","protected":false},"excerpt":{"rendered":"<p>Doporu\u010den\u00ed pro pou\u017e\u00edv\u00e1n\u00ed a \u00fadr\u017ebu POKYNY PRO SKLADOV\u00c1N\u00cd, U\u017d\u00cdV\u00c1N\u00cd A \u00daDR\u017dBU DVE\u0158\u00cd A Z\u00c1RUBN\u00cd Z MASIVU OD FIRMY CZECHDOOR a.s. V\u00e1\u017een\u00fd z\u00e1kazn\u00edku, d\u011bkujeme, \u017ee jste si vybral na\u0161e dve\u0159e a z\u00e1rubn\u011b a v\u011b\u0159\u00edme, \u017ee v\u00e1m budou dlouhou dobu slou\u017eit k va\u0161\u00ed spokojenosti. Podm\u00ednkou dlouholet\u00e9ho u\u017e\u00edv\u00e1n\u00ed je p\u0159im\u011b\u0159en\u00e9 a \u0161etrn\u00e9 zach\u00e1zen\u00ed a vhodn\u00e1 \u00fadr\u017eba na\u0161ich v\u00fdrobk\u016f. [&hellip;]<\/p>\n","protected":false},"author":1,"featured_media":0,"parent":0,"menu_order":0,"comment_status":"closed","ping_status":"closed","template":"","meta":{"footnotes":""},"class_list":["post-89355","page","type-page","status-publish","hentry"],"yoast_head":"<!-- This site is optimized with the Yoast SEO plugin v23.4 - https:\/\/yoast.com\/wordpress\/plugins\/seo\/ -->\n<title>Doporu\u010den\u00ed pro pou\u017e\u00edv\u00e1n\u00ed a \u00fadr\u017ebu - Interi\u00e9rov\u00e9 dve\u0159e z masivu<\/title>\n<meta name=\"robots\" content=\"index, follow, max-snippet:-1, max-image-preview:large, max-video-preview:-1\" \/>\n<link rel=\"canonical\" href=\"https:\/\/www.czechdoor.cz\/cs\/89355-2\/\" \/>\n<meta property=\"og:locale\" content=\"cs_CZ\" \/>\n<meta property=\"og:type\" content=\"article\" \/>\n<meta property=\"og:title\" content=\"Doporu\u010den\u00ed pro pou\u017e\u00edv\u00e1n\u00ed a \u00fadr\u017ebu - Interi\u00e9rov\u00e9 dve\u0159e z masivu\" \/>\n<meta property=\"og:description\" content=\"Doporu\u010den\u00ed pro pou\u017e\u00edv\u00e1n\u00ed a \u00fadr\u017ebu POKYNY PRO SKLADOV\u00c1N\u00cd, U\u017d\u00cdV\u00c1N\u00cd A \u00daDR\u017dBU DVE\u0158\u00cd A Z\u00c1RUBN\u00cd Z MASIVU OD FIRMY CZECHDOOR a.s. V\u00e1\u017een\u00fd z\u00e1kazn\u00edku, d\u011bkujeme, \u017ee jste si vybral na\u0161e dve\u0159e a z\u00e1rubn\u011b a v\u011b\u0159\u00edme, \u017ee v\u00e1m budou dlouhou dobu slou\u017eit k va\u0161\u00ed spokojenosti. Podm\u00ednkou dlouholet\u00e9ho u\u017e\u00edv\u00e1n\u00ed je p\u0159im\u011b\u0159en\u00e9 a \u0161etrn\u00e9 zach\u00e1zen\u00ed a vhodn\u00e1 \u00fadr\u017eba na\u0161ich v\u00fdrobk\u016f. [&hellip;]\" \/>\n<meta property=\"og:url\" content=\"https:\/\/www.czechdoor.cz\/cs\/89355-2\/\" \/>\n<meta property=\"og:site_name\" content=\"Interi\u00e9rov\u00e9 dve\u0159e z masivu\" \/>\n<meta property=\"article:modified_time\" content=\"2019-09-05T15:17:05+00:00\" \/>\n<meta name=\"twitter:card\" content=\"summary_large_image\" \/>\n<meta name=\"twitter:label1\" content=\"Odhadovan\u00e1 doba \u010dten\u00ed\" \/>\n\t<meta name=\"twitter:data1\" content=\"4 minuty\" \/>\n<script type=\"application\/ld+json\" class=\"yoast-schema-graph\">{\"@context\":\"https:\/\/schema.org\",\"@graph\":[{\"@type\":\"WebPage\",\"@id\":\"https:\/\/www.czechdoor.cz\/cs\/89355-2\/\",\"url\":\"https:\/\/www.czechdoor.cz\/cs\/89355-2\/\",\"name\":\"Doporu\u010den\u00ed pro pou\u017e\u00edv\u00e1n\u00ed a \u00fadr\u017ebu - Interi\u00e9rov\u00e9 dve\u0159e z masivu\",\"isPartOf\":{\"@id\":\"http:\/\/www.czechdoor.cz\/cs\/#website\"},\"datePublished\":\"2019-08-30T10:45:31+00:00\",\"dateModified\":\"2019-09-05T15:17:05+00:00\",\"breadcrumb\":{\"@id\":\"https:\/\/www.czechdoor.cz\/cs\/89355-2\/#breadcrumb\"},\"inLanguage\":\"cs\",\"potentialAction\":[{\"@type\":\"ReadAction\",\"target\":[\"https:\/\/www.czechdoor.cz\/cs\/89355-2\/\"]}]},{\"@type\":\"BreadcrumbList\",\"@id\":\"https:\/\/www.czechdoor.cz\/cs\/89355-2\/#breadcrumb\",\"itemListElement\":[{\"@type\":\"ListItem\",\"position\":1,\"name\":\"\u0413\u043b\u0430\u0432\u043d\u0430\u044f \u0441\u0442\u0440\u0430\u043d\u0438\u0446\u0430\",\"item\":\"http:\/\/www.czechdoor.cz\/cs\/\"},{\"@type\":\"ListItem\",\"position\":2,\"name\":\"Doporu\u010den\u00ed pro pou\u017e\u00edv\u00e1n\u00ed a \u00fadr\u017ebu\"}]},{\"@type\":\"WebSite\",\"@id\":\"http:\/\/www.czechdoor.cz\/cs\/#website\",\"url\":\"http:\/\/www.czechdoor.cz\/cs\/\",\"name\":\"Interi\u00e9rov\u00e9 dve\u0159e z masivu\",\"description\":\"Kvalitn\u00ed dve\u0159e a z\u00e1rubn\u011b z masivu, interierov\u00e9 a vchodov\u00e9 dve\u0159e - Czech Door a.s.\",\"publisher\":{\"@id\":\"http:\/\/www.czechdoor.cz\/cs\/#organization\"},\"potentialAction\":[{\"@type\":\"SearchAction\",\"target\":{\"@type\":\"EntryPoint\",\"urlTemplate\":\"http:\/\/www.czechdoor.cz\/cs\/?s={search_term_string}\"},\"query-input\":{\"@type\":\"PropertyValueSpecification\",\"valueRequired\":true,\"valueName\":\"search_term_string\"}}],\"inLanguage\":\"cs\"},{\"@type\":\"Organization\",\"@id\":\"http:\/\/www.czechdoor.cz\/cs\/#organization\",\"name\":\"CzechDoor. Interi\u00e9rov\u00e9 dve\u0159e z masivu\",\"url\":\"http:\/\/www.czechdoor.cz\/cs\/\",\"logo\":{\"@type\":\"ImageObject\",\"inLanguage\":\"cs\",\"@id\":\"http:\/\/www.czechdoor.cz\/cs\/#\/schema\/logo\/image\/\",\"url\":\"https:\/\/www.czechdoor.cz\/wp-content\/uploads\/logo-czechdoor-ru.png\",\"contentUrl\":\"https:\/\/www.czechdoor.cz\/wp-content\/uploads\/logo-czechdoor-ru.png\",\"width\":550,\"height\":162,\"caption\":\"CzechDoor. Interi\u00e9rov\u00e9 dve\u0159e z masivu\"},\"image\":{\"@id\":\"http:\/\/www.czechdoor.cz\/cs\/#\/schema\/logo\/image\/\"}}]}<\/script>\n<!-- \/ Yoast SEO plugin. -->","yoast_head_json":{"title":"Doporu\u010den\u00ed pro pou\u017e\u00edv\u00e1n\u00ed a \u00fadr\u017ebu - Interi\u00e9rov\u00e9 dve\u0159e z masivu","robots":{"index":"index","follow":"follow","max-snippet":"max-snippet:-1","max-image-preview":"max-image-preview:large","max-video-preview":"max-video-preview:-1"},"canonical":"https:\/\/www.czechdoor.cz\/cs\/89355-2\/","og_locale":"cs_CZ","og_type":"article","og_title":"Doporu\u010den\u00ed pro pou\u017e\u00edv\u00e1n\u00ed a \u00fadr\u017ebu - Interi\u00e9rov\u00e9 dve\u0159e z masivu","og_description":"Doporu\u010den\u00ed pro pou\u017e\u00edv\u00e1n\u00ed a \u00fadr\u017ebu POKYNY PRO SKLADOV\u00c1N\u00cd, U\u017d\u00cdV\u00c1N\u00cd A \u00daDR\u017dBU DVE\u0158\u00cd A Z\u00c1RUBN\u00cd Z MASIVU OD FIRMY CZECHDOOR a.s. V\u00e1\u017een\u00fd z\u00e1kazn\u00edku, d\u011bkujeme, \u017ee jste si vybral na\u0161e dve\u0159e a z\u00e1rubn\u011b a v\u011b\u0159\u00edme, \u017ee v\u00e1m budou dlouhou dobu slou\u017eit k va\u0161\u00ed spokojenosti. Podm\u00ednkou dlouholet\u00e9ho u\u017e\u00edv\u00e1n\u00ed je p\u0159im\u011b\u0159en\u00e9 a \u0161etrn\u00e9 zach\u00e1zen\u00ed a vhodn\u00e1 \u00fadr\u017eba na\u0161ich v\u00fdrobk\u016f. [&hellip;]","og_url":"https:\/\/www.czechdoor.cz\/cs\/89355-2\/","og_site_name":"Interi\u00e9rov\u00e9 dve\u0159e z masivu","article_modified_time":"2019-09-05T15:17:05+00:00","twitter_card":"summary_large_image","twitter_misc":{"Odhadovan\u00e1 doba \u010dten\u00ed":"4 minuty"},"schema":{"@context":"https:\/\/schema.org","@graph":[{"@type":"WebPage","@id":"https:\/\/www.czechdoor.cz\/cs\/89355-2\/","url":"https:\/\/www.czechdoor.cz\/cs\/89355-2\/","name":"Doporu\u010den\u00ed pro pou\u017e\u00edv\u00e1n\u00ed a \u00fadr\u017ebu - Interi\u00e9rov\u00e9 dve\u0159e z masivu","isPartOf":{"@id":"http:\/\/www.czechdoor.cz\/cs\/#website"},"datePublished":"2019-08-30T10:45:31+00:00","dateModified":"2019-09-05T15:17:05+00:00","breadcrumb":{"@id":"https:\/\/www.czechdoor.cz\/cs\/89355-2\/#breadcrumb"},"inLanguage":"cs","potentialAction":[{"@type":"ReadAction","target":["https:\/\/www.czechdoor.cz\/cs\/89355-2\/"]}]},{"@type":"BreadcrumbList","@id":"https:\/\/www.czechdoor.cz\/cs\/89355-2\/#breadcrumb","itemListElement":[{"@type":"ListItem","position":1,"name":"\u0413\u043b\u0430\u0432\u043d\u0430\u044f \u0441\u0442\u0440\u0430\u043d\u0438\u0446\u0430","item":"http:\/\/www.czechdoor.cz\/cs\/"},{"@type":"ListItem","position":2,"name":"Doporu\u010den\u00ed pro pou\u017e\u00edv\u00e1n\u00ed a \u00fadr\u017ebu"}]},{"@type":"WebSite","@id":"http:\/\/www.czechdoor.cz\/cs\/#website","url":"http:\/\/www.czechdoor.cz\/cs\/","name":"Interi\u00e9rov\u00e9 dve\u0159e z masivu","description":"Kvalitn\u00ed dve\u0159e a z\u00e1rubn\u011b z masivu, interierov\u00e9 a vchodov\u00e9 dve\u0159e - Czech Door a.s.","publisher":{"@id":"http:\/\/www.czechdoor.cz\/cs\/#organization"},"potentialAction":[{"@type":"SearchAction","target":{"@type":"EntryPoint","urlTemplate":"http:\/\/www.czechdoor.cz\/cs\/?s={search_term_string}"},"query-input":{"@type":"PropertyValueSpecification","valueRequired":true,"valueName":"search_term_string"}}],"inLanguage":"cs"},{"@type":"Organization","@id":"http:\/\/www.czechdoor.cz\/cs\/#organization","name":"CzechDoor. Interi\u00e9rov\u00e9 dve\u0159e z masivu","url":"http:\/\/www.czechdoor.cz\/cs\/","logo":{"@type":"ImageObject","inLanguage":"cs","@id":"http:\/\/www.czechdoor.cz\/cs\/#\/schema\/logo\/image\/","url":"https:\/\/www.czechdoor.cz\/wp-content\/uploads\/logo-czechdoor-ru.png","contentUrl":"https:\/\/www.czechdoor.cz\/wp-content\/uploads\/logo-czechdoor-ru.png","width":550,"height":162,"caption":"CzechDoor. Interi\u00e9rov\u00e9 dve\u0159e z masivu"},"image":{"@id":"http:\/\/www.czechdoor.cz\/cs\/#\/schema\/logo\/image\/"}}]}},"_links":{"self":[{"href":"https:\/\/www.czechdoor.cz\/cs\/wp-json\/wp\/v2\/pages\/89355","targetHints":{"allow":["GET"]}}],"collection":[{"href":"https:\/\/www.czechdoor.cz\/cs\/wp-json\/wp\/v2\/pages"}],"about":[{"href":"https:\/\/www.czechdoor.cz\/cs\/wp-json\/wp\/v2\/types\/page"}],"author":[{"embeddable":true,"href":"https:\/\/www.czechdoor.cz\/cs\/wp-json\/wp\/v2\/users\/1"}],"replies":[{"embeddable":true,"href":"https:\/\/www.czechdoor.cz\/cs\/wp-json\/wp\/v2\/comments?post=89355"}],"version-history":[{"count":0,"href":"https:\/\/www.czechdoor.cz\/cs\/wp-json\/wp\/v2\/pages\/89355\/revisions"}],"wp:attachment":[{"href":"https:\/\/www.czechdoor.cz\/cs\/wp-json\/wp\/v2\/media?parent=89355"}],"curies":[{"name":"wp","href":"https:\/\/api.w.org\/{rel}","templated":true}]}}