{"id":90516,"date":"2019-09-05T15:32:49","date_gmt":"2019-09-05T15:32:49","guid":{"rendered":"https:\/\/www.czechdoor.cz\/nutzungshinweise\/"},"modified":"2019-09-05T15:33:20","modified_gmt":"2019-09-05T15:33:20","slug":"nutzungshinweise","status":"publish","type":"page","link":"http:\/\/www.czechdoor.cz\/de\/nutzungshinweise\/","title":{"rendered":"Nutzungshinweise"},"content":{"rendered":"\t\t<div data-elementor-type=\"wp-post\" data-elementor-id=\"90516\" class=\"elementor elementor-90516 elementor-258\" data-elementor-post-type=\"page\">\n\t\t\t\t\t\t<section class=\"elementor-section elementor-top-section elementor-element elementor-element-d40562b elementor-section-boxed elementor-section-height-default elementor-section-height-default\" data-id=\"d40562b\" data-element_type=\"section\">\n\t\t\t\t\t\t<div class=\"elementor-container elementor-column-gap-default\">\n\t\t\t\t\t<div class=\"elementor-column elementor-col-100 elementor-top-column elementor-element elementor-element-b6dea3a\" data-id=\"b6dea3a\" data-element_type=\"column\">\n\t\t\t<div class=\"elementor-widget-wrap elementor-element-populated\">\n\t\t\t\t\t\t<div class=\"elementor-element elementor-element-1908745a elementor-widget elementor-widget-woocommerce-breadcrumb\" data-id=\"1908745a\" data-element_type=\"widget\" data-widget_type=\"woocommerce-breadcrumb.default\">\n\t\t\t\t<div class=\"elementor-widget-container\">\n\t\t\t<nav class=\"woocommerce-breadcrumb\" aria-label=\"Breadcrumb\">Startseite<\/nav>\t\t<\/div>\n\t\t\t\t<\/div>\n\t\t\t\t\t<\/div>\n\t\t<\/div>\n\t\t\t\t\t<\/div>\n\t\t<\/section>\n\t\t\t\t<section class=\"elementor-section elementor-top-section elementor-element elementor-element-6b1b3cca elementor-section-boxed elementor-section-height-default elementor-section-height-default\" data-id=\"6b1b3cca\" data-element_type=\"section\" data-settings=\"{&quot;background_background&quot;:&quot;classic&quot;}\">\n\t\t\t\t\t\t<div class=\"elementor-container elementor-column-gap-default\">\n\t\t\t\t\t<div class=\"elementor-column elementor-col-100 elementor-top-column elementor-element elementor-element-b8c58be\" data-id=\"b8c58be\" data-element_type=\"column\">\n\t\t\t<div class=\"elementor-widget-wrap elementor-element-populated\">\n\t\t\t\t\t\t<div class=\"elementor-element elementor-element-692a849f elementor-widget elementor-widget-heading\" data-id=\"692a849f\" data-element_type=\"widget\" data-widget_type=\"heading.default\">\n\t\t\t\t<div class=\"elementor-widget-container\">\n\t\t\t<h2 class=\"elementor-heading-title elementor-size-default\">Nutzungshinweise<\/h2>\t\t<\/div>\n\t\t\t\t<\/div>\n\t\t\t\t\t<\/div>\n\t\t<\/div>\n\t\t\t\t\t<\/div>\n\t\t<\/section>\n\t\t\t\t<section class=\"elementor-section elementor-top-section elementor-element elementor-element-69a6b629 elementor-section-boxed elementor-section-height-default elementor-section-height-default\" data-id=\"69a6b629\" data-element_type=\"section\">\n\t\t\t\t\t\t<div class=\"elementor-container elementor-column-gap-default\">\n\t\t\t\t\t<div class=\"elementor-column elementor-col-100 elementor-top-column elementor-element elementor-element-7c9fccc8\" data-id=\"7c9fccc8\" data-element_type=\"column\">\n\t\t\t<div class=\"elementor-widget-wrap elementor-element-populated\">\n\t\t\t\t\t\t<div class=\"elementor-element elementor-element-2d965c16 elementor-widget elementor-widget-heading\" data-id=\"2d965c16\" data-element_type=\"widget\" data-widget_type=\"heading.default\">\n\t\t\t\t<div class=\"elementor-widget-container\">\n\t\t\t<h2 class=\"elementor-heading-title elementor-size-default\">AUFBEWAHREN, NUTZEN UND WARTEN VON T\u00dcREN UND ZARGEN AUS MASSIVHOLZ DER FIRMA CZECHDOOR A.S.<\/h2>\t\t<\/div>\n\t\t\t\t<\/div>\n\t\t\t\t<div class=\"elementor-element elementor-element-15d020a5 elementor-widget elementor-widget-text-editor\" data-id=\"15d020a5\" data-element_type=\"widget\" data-widget_type=\"text-editor.default\">\n\t\t\t\t<div class=\"elementor-widget-container\">\n\t\t\t\t\t\t\t<p>Lieber Kunde,<\/p>\n<p>danke, dass Sie sich f\u00fcr unsere T\u00fcren und Zargen entschieden haben. Wir sind \u00fcberzeugt, dass Sie lange daran Freude haben werden. F\u00fcr m\u00f6glichst lange Nutzungsdauer bed\u00fcrfen unsere Produkte eines behutsamen und bedachsamen Umgangs sowie der richtigen Pflege. Bitte lesen Sie diese Abweisung\u00a0 zum Aufbewahren, sicheren Nutzen und zur Pflege von T\u00fcren und Zargen aufmerksam durch. Heben Sie die Gebrauchsanweisung danach f\u00fcr den Fall auf, dass Sie sie sp\u00e4ter gebrauchen k\u00f6nnten.<\/p>\n<p>Lagerung von T\u00fcren<\/p>\n<p>Die gr\u00f6\u00dfte Gehahr f\u00fcr Echtholz ist Feuchtigkeit, daher m\u00fcssen die T\u00fcren in R\u00e4umlichkeiten mit Luftfeuchtigkeit zwischen 40 und 60% aufbewahrt und installiert werden. Sollte diese Marke \u00fcberschritten werden, k\u00f6nnen die T\u00fcren und Zargen sich verbiegen und verformen. Bei einer niedrigeren Luftfeuchtigkeit kann das Holz austrocknen und borstig werden. Wasser kann unwiderrufbare Sch\u00e4den am Produkt verursachen. Bewahren Sie T\u00fcr und Zarge in ihrer unversehrten Originalverpackung auf. T\u00fcren mit Glas- oder Paneeleins\u00e4tzen m\u00fcssen so gelagert werden, dass die Rahmen und Latten nicht besch\u00e4digt werden. Lagern Sie die T\u00fcren auf einer ebenm\u00e4\u00dfigen Oberfl\u00e4che, damit sie sich nicht verbiegen. Am besten sind die T\u00fcren flach auf eine glatte Oberfl\u00e4che oder waagerecht auf die Befestigungsseite zu legen.<\/p>\n<p>Sichere Nutzung von T\u00fcren und Rahmen<\/p>\n<p>\u00dcberladen Sie die T\u00fcren nicht im offenen Zustand, indem Sie etwas auf sie draufh\u00e4ngen oder aufwiegeln. Nutzen Sie die T\u00fcren und Zargen nur entsprechend ihrem Zweck. Nutzen Sie bitte den Dr\u00fccker beim \u00d6ffnen und Schlie\u00dfen der T\u00fcr, um Besch\u00e4digungen am Schlie\u00dfblech oder am Schloss zu vermeiden. Verzichten Sie auf aggressive Handlungen, gehen Sie mit den T\u00fcren behutsam um. Ber\u00fccksichtigen Sie Wind und Zugluft, wenn Sie l\u00fcften \u2013 bei einer knallartigen Schlie\u00dfung kann die T\u00fcr besch\u00e4digt werden bzw. Verletzungen entstehen. Unwiderrufbare Sch\u00e4den k\u00f6nnen auch beim gewaltsamen Schlie\u00dfen und \u00d6ffnen der T\u00fcr entstehen. Achten Sie auf die Verletzungsgefahr im Spalt zwischen T\u00fcrblatt und Zarge \u2013 insbesondere bei Kindern. Installieren Sie die Produkte nicht in R\u00e4umen, in denen chemische und andere aggressive Wirkstoffe aufbewahrt werden, dies kann die Nutzungsdauer des Produkts erheblich verk\u00fcrzen oder zu seiner Besch\u00e4digung f\u00fchren.<\/p>\n<p>Wartung und Pflege<\/p>\n<p>Um das \u00d6ffnen und Schlie\u00dfen der T\u00fcren sowie andere Funktionen der beweglichen Furniturelement intakt zu halten, m\u00fcssen die belasteten Bauteile j\u00e4hrlich und bei erh\u00f6hter Belastung halbj\u00e4hrlich gepr\u00fcft und bei Bedarf nachgebessert, die T\u00fcrenlage an den Angeln und der Zarge korrigiert, die beweglichen Furniturteile mit Schmierstoff und \u00d6l behandelt werden. Der Schmierstoff darf keine Harze und S\u00e4uren beinhalten. Sollte ein Furniturteil besch\u00e4digt sein, sollte er durch ein neues ersetzt werden. Alle Zargen sind mit Gummidichtungen versehen. Im Falle ihrer Besch\u00e4digung sind sie durch neue zu ersetzen. Alle Oberfl\u00e4chen bed\u00fcrfen einer Spezialreinigung und lassen sich leicht mit einem trockenen oder etwas angefeuchteten Lappen mit Wasser und einem sanften Reinigungsmittel ohne Ammiak oder anderen desinfizierenden Komponenten reinigen. Zur Entfernung von Staub und Schmutz muss Material verwendet werden, das keine Fasern zur\u00fcckl\u00e4sst (Baumwolle, Leinen oder Wildleder). Danach m\u00fcssen T\u00fcr und Zarge sofort trocken gewischt werden.<\/p>\n<p>Zur Reinigung von T\u00fcren und Zargen d\u00fcrfen keine organischen L\u00f6sungsmittel und Wirkstoffe auf der Basis von Chlor, Spiritus oder anderen \u00e4tzenden Stoffen eingesetzt werden, keine Mittel mit Wachs, \u00d6l und Emulsionen, reinigenden Schleifpartikeln oder anderen Stoffen, die die Oberfl\u00e4che der T\u00fcr zerkratzen k\u00f6nnten. Das Gleiche gilt auch f\u00fcr B\u00fcrsten und Metallschw\u00e4mme.<\/p>\n<p>Wir sind uns sicher, dass unsere Produkte f\u00fcr Ihre Zufriedenheit sorgen und Sie unter der Einhaltung der obengenannten Bedingungen lange und unkompliziert erfreuen werden.<\/p>\n<p style=\"text-align: right;\">Ihr Team von CZECHDOOR a.s.<\/p>\n\t\t\t\t\t\t<\/div>\n\t\t\t\t<\/div>\n\t\t\t\t\t<\/div>\n\t\t<\/div>\n\t\t\t\t\t<\/div>\n\t\t<\/section>\n\t\t\t\t<\/div>\n\t\t","protected":false},"excerpt":{"rendered":"<p>Nutzungshinweise AUFBEWAHREN, NUTZEN UND WARTEN VON T\u00dcREN UND ZARGEN AUS MASSIVHOLZ DER FIRMA CZECHDOOR A.S. Lieber Kunde, danke, dass Sie sich f\u00fcr unsere T\u00fcren und Zargen entschieden haben. Wir sind \u00fcberzeugt, dass Sie lange daran Freude haben werden. F\u00fcr m\u00f6glichst lange Nutzungsdauer bed\u00fcrfen unsere Produkte eines behutsamen und bedachsamen Umgangs sowie der richtigen Pflege. Bitte [&hellip;]<\/p>\n","protected":false},"author":1,"featured_media":0,"parent":0,"menu_order":0,"comment_status":"closed","ping_status":"closed","template":"","meta":{"footnotes":""},"class_list":["post-90516","page","type-page","status-publish","hentry"],"yoast_head":"<!-- This site is optimized with the Yoast SEO plugin v23.4 - https:\/\/yoast.com\/wordpress\/plugins\/seo\/ -->\n<title>Nutzungshinweise - Innent\u00fcren aus Massivholz<\/title>\n<meta name=\"robots\" content=\"index, follow, max-snippet:-1, max-image-preview:large, max-video-preview:-1\" \/>\n<link rel=\"canonical\" href=\"https:\/\/www.czechdoor.cz\/de\/nutzungshinweise\/\" \/>\n<meta property=\"og:locale\" content=\"de_DE\" \/>\n<meta property=\"og:type\" content=\"article\" \/>\n<meta property=\"og:title\" content=\"Nutzungshinweise - Innent\u00fcren aus Massivholz\" \/>\n<meta property=\"og:description\" content=\"Nutzungshinweise AUFBEWAHREN, NUTZEN UND WARTEN VON T\u00dcREN UND ZARGEN AUS MASSIVHOLZ DER FIRMA CZECHDOOR A.S. Lieber Kunde, danke, dass Sie sich f\u00fcr unsere T\u00fcren und Zargen entschieden haben. Wir sind \u00fcberzeugt, dass Sie lange daran Freude haben werden. F\u00fcr m\u00f6glichst lange Nutzungsdauer bed\u00fcrfen unsere Produkte eines behutsamen und bedachsamen Umgangs sowie der richtigen Pflege. Bitte [&hellip;]\" \/>\n<meta property=\"og:url\" content=\"https:\/\/www.czechdoor.cz\/de\/nutzungshinweise\/\" \/>\n<meta property=\"og:site_name\" content=\"Innent\u00fcren aus Massivholz\" \/>\n<meta property=\"article:modified_time\" content=\"2019-09-05T15:33:20+00:00\" \/>\n<meta name=\"twitter:card\" content=\"summary_large_image\" \/>\n<meta name=\"twitter:label1\" content=\"Gesch\u00e4tzte Lesezeit\" \/>\n\t<meta name=\"twitter:data1\" content=\"3\u00a0Minuten\" \/>\n<script type=\"application\/ld+json\" class=\"yoast-schema-graph\">{\"@context\":\"https:\/\/schema.org\",\"@graph\":[{\"@type\":\"WebPage\",\"@id\":\"https:\/\/www.czechdoor.cz\/de\/nutzungshinweise\/\",\"url\":\"https:\/\/www.czechdoor.cz\/de\/nutzungshinweise\/\",\"name\":\"Nutzungshinweise - Innent\u00fcren aus Massivholz\",\"isPartOf\":{\"@id\":\"https:\/\/www.czechdoor.cz\/cs\/#website\"},\"datePublished\":\"2019-09-05T15:32:49+00:00\",\"dateModified\":\"2019-09-05T15:33:20+00:00\",\"breadcrumb\":{\"@id\":\"https:\/\/www.czechdoor.cz\/de\/nutzungshinweise\/#breadcrumb\"},\"inLanguage\":\"de\",\"potentialAction\":[{\"@type\":\"ReadAction\",\"target\":[\"https:\/\/www.czechdoor.cz\/de\/nutzungshinweise\/\"]}]},{\"@type\":\"BreadcrumbList\",\"@id\":\"https:\/\/www.czechdoor.cz\/de\/nutzungshinweise\/#breadcrumb\",\"itemListElement\":[{\"@type\":\"ListItem\",\"position\":1,\"name\":\"\u0413\u043b\u0430\u0432\u043d\u0430\u044f \u0441\u0442\u0440\u0430\u043d\u0438\u0446\u0430\",\"item\":\"https:\/\/www.czechdoor.cz\/de\/\"},{\"@type\":\"ListItem\",\"position\":2,\"name\":\"Nutzungshinweise\"}]},{\"@type\":\"WebSite\",\"@id\":\"https:\/\/www.czechdoor.cz\/cs\/#website\",\"url\":\"https:\/\/www.czechdoor.cz\/cs\/\",\"name\":\"Innent\u00fcren aus Massivholz\",\"description\":\"Seit 28 Jahren stellt unser Betrieb T\u00fcren und Zargen aus Massivholz her.\",\"publisher\":{\"@id\":\"https:\/\/www.czechdoor.cz\/cs\/#organization\"},\"potentialAction\":[{\"@type\":\"SearchAction\",\"target\":{\"@type\":\"EntryPoint\",\"urlTemplate\":\"https:\/\/www.czechdoor.cz\/cs\/?s={search_term_string}\"},\"query-input\":{\"@type\":\"PropertyValueSpecification\",\"valueRequired\":true,\"valueName\":\"search_term_string\"}}],\"inLanguage\":\"de\"},{\"@type\":\"Organization\",\"@id\":\"https:\/\/www.czechdoor.cz\/cs\/#organization\",\"name\":\"CzechDoor. Interi\u00e9rov\u00e9 dve\u0159e z masivu\",\"url\":\"https:\/\/www.czechdoor.cz\/cs\/\",\"logo\":{\"@type\":\"ImageObject\",\"inLanguage\":\"de\",\"@id\":\"https:\/\/www.czechdoor.cz\/cs\/#\/schema\/logo\/image\/\",\"url\":\"http:\/\/www.czechdoor.cz\/wp-content\/uploads\/logo-czechdoor-ru.png\",\"contentUrl\":\"http:\/\/www.czechdoor.cz\/wp-content\/uploads\/logo-czechdoor-ru.png\",\"width\":550,\"height\":162,\"caption\":\"CzechDoor. Interi\u00e9rov\u00e9 dve\u0159e z masivu\"},\"image\":{\"@id\":\"https:\/\/www.czechdoor.cz\/cs\/#\/schema\/logo\/image\/\"}}]}<\/script>\n<!-- \/ Yoast SEO plugin. -->","yoast_head_json":{"title":"Nutzungshinweise - Innent\u00fcren aus Massivholz","robots":{"index":"index","follow":"follow","max-snippet":"max-snippet:-1","max-image-preview":"max-image-preview:large","max-video-preview":"max-video-preview:-1"},"canonical":"https:\/\/www.czechdoor.cz\/de\/nutzungshinweise\/","og_locale":"de_DE","og_type":"article","og_title":"Nutzungshinweise - Innent\u00fcren aus Massivholz","og_description":"Nutzungshinweise AUFBEWAHREN, NUTZEN UND WARTEN VON T\u00dcREN UND ZARGEN AUS MASSIVHOLZ DER FIRMA CZECHDOOR A.S. Lieber Kunde, danke, dass Sie sich f\u00fcr unsere T\u00fcren und Zargen entschieden haben. Wir sind \u00fcberzeugt, dass Sie lange daran Freude haben werden. F\u00fcr m\u00f6glichst lange Nutzungsdauer bed\u00fcrfen unsere Produkte eines behutsamen und bedachsamen Umgangs sowie der richtigen Pflege. Bitte [&hellip;]","og_url":"https:\/\/www.czechdoor.cz\/de\/nutzungshinweise\/","og_site_name":"Innent\u00fcren aus Massivholz","article_modified_time":"2019-09-05T15:33:20+00:00","twitter_card":"summary_large_image","twitter_misc":{"Gesch\u00e4tzte Lesezeit":"3\u00a0Minuten"},"schema":{"@context":"https:\/\/schema.org","@graph":[{"@type":"WebPage","@id":"https:\/\/www.czechdoor.cz\/de\/nutzungshinweise\/","url":"https:\/\/www.czechdoor.cz\/de\/nutzungshinweise\/","name":"Nutzungshinweise - Innent\u00fcren aus Massivholz","isPartOf":{"@id":"https:\/\/www.czechdoor.cz\/cs\/#website"},"datePublished":"2019-09-05T15:32:49+00:00","dateModified":"2019-09-05T15:33:20+00:00","breadcrumb":{"@id":"https:\/\/www.czechdoor.cz\/de\/nutzungshinweise\/#breadcrumb"},"inLanguage":"de","potentialAction":[{"@type":"ReadAction","target":["https:\/\/www.czechdoor.cz\/de\/nutzungshinweise\/"]}]},{"@type":"BreadcrumbList","@id":"https:\/\/www.czechdoor.cz\/de\/nutzungshinweise\/#breadcrumb","itemListElement":[{"@type":"ListItem","position":1,"name":"\u0413\u043b\u0430\u0432\u043d\u0430\u044f \u0441\u0442\u0440\u0430\u043d\u0438\u0446\u0430","item":"https:\/\/www.czechdoor.cz\/de\/"},{"@type":"ListItem","position":2,"name":"Nutzungshinweise"}]},{"@type":"WebSite","@id":"https:\/\/www.czechdoor.cz\/cs\/#website","url":"https:\/\/www.czechdoor.cz\/cs\/","name":"Innent\u00fcren aus Massivholz","description":"Seit 28 Jahren stellt unser Betrieb T\u00fcren und Zargen aus Massivholz her.","publisher":{"@id":"https:\/\/www.czechdoor.cz\/cs\/#organization"},"potentialAction":[{"@type":"SearchAction","target":{"@type":"EntryPoint","urlTemplate":"https:\/\/www.czechdoor.cz\/cs\/?s={search_term_string}"},"query-input":{"@type":"PropertyValueSpecification","valueRequired":true,"valueName":"search_term_string"}}],"inLanguage":"de"},{"@type":"Organization","@id":"https:\/\/www.czechdoor.cz\/cs\/#organization","name":"CzechDoor. Interi\u00e9rov\u00e9 dve\u0159e z masivu","url":"https:\/\/www.czechdoor.cz\/cs\/","logo":{"@type":"ImageObject","inLanguage":"de","@id":"https:\/\/www.czechdoor.cz\/cs\/#\/schema\/logo\/image\/","url":"http:\/\/www.czechdoor.cz\/wp-content\/uploads\/logo-czechdoor-ru.png","contentUrl":"http:\/\/www.czechdoor.cz\/wp-content\/uploads\/logo-czechdoor-ru.png","width":550,"height":162,"caption":"CzechDoor. Interi\u00e9rov\u00e9 dve\u0159e z masivu"},"image":{"@id":"https:\/\/www.czechdoor.cz\/cs\/#\/schema\/logo\/image\/"}}]}},"_links":{"self":[{"href":"http:\/\/www.czechdoor.cz\/de\/wp-json\/wp\/v2\/pages\/90516","targetHints":{"allow":["GET"]}}],"collection":[{"href":"http:\/\/www.czechdoor.cz\/de\/wp-json\/wp\/v2\/pages"}],"about":[{"href":"http:\/\/www.czechdoor.cz\/de\/wp-json\/wp\/v2\/types\/page"}],"author":[{"embeddable":true,"href":"http:\/\/www.czechdoor.cz\/de\/wp-json\/wp\/v2\/users\/1"}],"replies":[{"embeddable":true,"href":"http:\/\/www.czechdoor.cz\/de\/wp-json\/wp\/v2\/comments?post=90516"}],"version-history":[{"count":0,"href":"http:\/\/www.czechdoor.cz\/de\/wp-json\/wp\/v2\/pages\/90516\/revisions"}],"wp:attachment":[{"href":"http:\/\/www.czechdoor.cz\/de\/wp-json\/wp\/v2\/media?parent=90516"}],"curies":[{"name":"wp","href":"https:\/\/api.w.org\/{rel}","templated":true}]}}