{"id":131994,"date":"2022-11-07T14:46:00","date_gmt":"2022-11-07T14:46:00","guid":{"rendered":"https:\/\/www.czechdoor.cz\/?page_id=131994"},"modified":"2026-01-07T07:15:29","modified_gmt":"2026-01-07T07:15:29","slug":"preise","status":"publish","type":"page","link":"http:\/\/www.czechdoor.cz\/de\/preise\/","title":{"rendered":"Preise"},"content":{"rendered":"\t\t<div data-elementor-type=\"wp-page\" data-elementor-id=\"131994\" class=\"elementor elementor-131994\" data-elementor-post-type=\"page\">\n\t\t\t\t\t\t<section class=\"elementor-section elementor-top-section elementor-element elementor-element-75b7b140 elementor-section-boxed elementor-section-height-default elementor-section-height-default\" data-id=\"75b7b140\" data-element_type=\"section\">\n\t\t\t\t\t\t<div class=\"elementor-container elementor-column-gap-default\">\n\t\t\t\t\t<div class=\"elementor-column elementor-col-100 elementor-top-column elementor-element elementor-element-308d2069\" data-id=\"308d2069\" data-element_type=\"column\">\n\t\t\t<div class=\"elementor-widget-wrap elementor-element-populated\">\n\t\t\t\t\t\t<div class=\"elementor-element elementor-element-4725f1a0 elementor-widget elementor-widget-woocommerce-breadcrumb\" data-id=\"4725f1a0\" data-element_type=\"widget\" data-widget_type=\"woocommerce-breadcrumb.default\">\n\t\t\t\t<div class=\"elementor-widget-container\">\n\t\t\t<nav class=\"woocommerce-breadcrumb\" aria-label=\"Breadcrumb\">Startseite<\/nav>\t\t<\/div>\n\t\t\t\t<\/div>\n\t\t\t\t\t<\/div>\n\t\t<\/div>\n\t\t\t\t\t<\/div>\n\t\t<\/section>\n\t\t\t\t<section class=\"elementor-section elementor-top-section elementor-element elementor-element-4a18195c elementor-section-boxed elementor-section-height-default elementor-section-height-default\" data-id=\"4a18195c\" data-element_type=\"section\">\n\t\t\t\t\t\t<div class=\"elementor-container elementor-column-gap-default\">\n\t\t\t\t\t<div class=\"elementor-column elementor-col-100 elementor-top-column elementor-element elementor-element-74a0b43a\" data-id=\"74a0b43a\" data-element_type=\"column\">\n\t\t\t<div class=\"elementor-widget-wrap elementor-element-populated\">\n\t\t\t\t\t\t<div class=\"elementor-element elementor-element-13a365c8 elementor-widget elementor-widget-heading\" data-id=\"13a365c8\" data-element_type=\"widget\" data-widget_type=\"heading.default\">\n\t\t\t\t<div class=\"elementor-widget-container\">\n\t\t\t<h2 class=\"elementor-heading-title elementor-size-default\">Preise<\/h2>\t\t<\/div>\n\t\t\t\t<\/div>\n\t\t\t\t\t<\/div>\n\t\t<\/div>\n\t\t\t\t\t<\/div>\n\t\t<\/section>\n\t\t\t\t<section class=\"elementor-section elementor-top-section elementor-element elementor-element-a5f4b81 elementor-hidden-desktop elementor-hidden-tablet elementor-hidden-mobile elementor-section-boxed elementor-section-height-default elementor-section-height-default\" data-id=\"a5f4b81\" data-element_type=\"section\">\n\t\t\t\t\t\t<div class=\"elementor-container elementor-column-gap-default\">\n\t\t\t\t\t<div class=\"elementor-column elementor-col-100 elementor-top-column elementor-element elementor-element-a4a3cbf\" data-id=\"a4a3cbf\" data-element_type=\"column\">\n\t\t\t<div class=\"elementor-widget-wrap elementor-element-populated\">\n\t\t\t\t\t\t<div class=\"elementor-element elementor-element-e4fe3cd elementor-widget elementor-widget-html\" data-id=\"e4fe3cd\" data-element_type=\"widget\" data-widget_type=\"html.default\">\n\t\t\t\t<div class=\"elementor-widget-container\">\n\t\t\t<a href=\"https:\/\/www.czechdoor.cz\/wp-content\/uploads\/preisliste-czech-doors-01.11.2022-web.pdf\" download=\"\"><h6>Preisliste herunterladen <\/h6><\/a>\t\t<\/div>\n\t\t\t\t<\/div>\n\t\t\t\t\t<\/div>\n\t\t<\/div>\n\t\t\t\t\t<\/div>\n\t\t<\/section>\n\t\t\t\t<section class=\"elementor-section elementor-top-section elementor-element elementor-element-61f2f5f4 elementor-section-boxed elementor-section-height-default elementor-section-height-default\" data-id=\"61f2f5f4\" data-element_type=\"section\">\n\t\t\t\t\t\t<div class=\"elementor-container elementor-column-gap-default\">\n\t\t\t\t\t<div class=\"elementor-column elementor-col-25 elementor-top-column elementor-element elementor-element-2ac1ebed\" data-id=\"2ac1ebed\" data-element_type=\"column\">\n\t\t\t<div class=\"elementor-widget-wrap elementor-element-populated\">\n\t\t\t\t\t\t<div class=\"elementor-element elementor-element-5b33b793 elementor-widget elementor-widget-html\" data-id=\"5b33b793\" data-element_type=\"widget\" data-widget_type=\"html.default\">\n\t\t\t\t<div class=\"elementor-widget-container\">\n\t\t\t<a href=\"https:\/\/www.czechdoor.cz\/wp-content\/uploads\/2026\/01\/preisliste-modern-f-fr-herunterladen.pdf\" ><h6>Preisliste Modern F, FR \u00f6ffnen<\/h6><\/a>\t\t<\/div>\n\t\t\t\t<\/div>\n\t\t\t\t\t<\/div>\n\t\t<\/div>\n\t\t\t\t<div class=\"elementor-column elementor-col-25 elementor-top-column elementor-element elementor-element-2f04a7c3\" data-id=\"2f04a7c3\" data-element_type=\"column\">\n\t\t\t<div class=\"elementor-widget-wrap elementor-element-populated\">\n\t\t\t\t\t\t<div class=\"elementor-element elementor-element-5f35bc0 elementor-widget elementor-widget-html\" data-id=\"5f35bc0\" data-element_type=\"widget\" data-widget_type=\"html.default\">\n\t\t\t\t<div class=\"elementor-widget-container\">\n\t\t\t<a href=\"https:\/\/www.czechdoor.cz\/wp-content\/uploads\/2026\/01\/preisliste-provence-fg-herunterladen.pdf\"><h6>Preisliste Provence FG,  \u00f6ffnen<\/h6><\/a>\t\t<\/div>\n\t\t\t\t<\/div>\n\t\t\t\t\t<\/div>\n\t\t<\/div>\n\t\t\t\t<div class=\"elementor-column elementor-col-25 elementor-top-column elementor-element elementor-element-248c5d4\" data-id=\"248c5d4\" data-element_type=\"column\">\n\t\t\t<div class=\"elementor-widget-wrap elementor-element-populated\">\n\t\t\t\t\t\t<div class=\"elementor-element elementor-element-90563cd elementor-widget__width-initial elementor-widget elementor-widget-html\" data-id=\"90563cd\" data-element_type=\"widget\" data-widget_type=\"html.default\">\n\t\t\t\t<div class=\"elementor-widget-container\">\n\t\t\t<a href=\"https:\/\/www.czechdoor.cz\/wp-content\/uploads\/2026\/01\/preisliste-eleganz-herunterladen.pdf\" ><h6>Preisliste Eleganz \u00f6ffnen<\/h6><\/a>\t\t<\/div>\n\t\t\t\t<\/div>\n\t\t\t\t\t<\/div>\n\t\t<\/div>\n\t\t\t\t<div class=\"elementor-column elementor-col-25 elementor-top-column elementor-element elementor-element-70be0f15\" data-id=\"70be0f15\" data-element_type=\"column\">\n\t\t\t<div class=\"elementor-widget-wrap elementor-element-populated\">\n\t\t\t\t\t\t<div class=\"elementor-element elementor-element-418d7a0 elementor-widget elementor-widget-html\" data-id=\"418d7a0\" data-element_type=\"widget\" data-widget_type=\"html.default\">\n\t\t\t\t<div class=\"elementor-widget-container\">\n\t\t\t<a href=\"https:\/\/www.czechdoor.cz\/wp-content\/uploads\/2026\/01\/preisliste-luxus-g-masiv-herunterladen.pdf\" ><h6>Preisliste Luxus G-masiv \u00f6ffnen <\/h6><\/a>\t\t<\/div>\n\t\t\t\t<\/div>\n\t\t\t\t\t<\/div>\n\t\t<\/div>\n\t\t\t\t\t<\/div>\n\t\t<\/section>\n\t\t\t\t<section class=\"elementor-section elementor-top-section elementor-element elementor-element-c867864 elementor-section-boxed elementor-section-height-default elementor-section-height-default\" data-id=\"c867864\" data-element_type=\"section\">\n\t\t\t\t\t\t<div class=\"elementor-container elementor-column-gap-default\">\n\t\t\t\t\t<div class=\"elementor-column elementor-col-25 elementor-top-column elementor-element elementor-element-5a1ac33\" data-id=\"5a1ac33\" data-element_type=\"column\">\n\t\t\t<div class=\"elementor-widget-wrap elementor-element-populated\">\n\t\t\t\t\t\t<div class=\"elementor-element elementor-element-b4052ea elementor-widget elementor-widget-html\" data-id=\"b4052ea\" data-element_type=\"widget\" data-widget_type=\"html.default\">\n\t\t\t\t<div class=\"elementor-widget-container\">\n\t\t\t<a href=\"https:\/\/www.czechdoor.cz\/wp-content\/uploads\/2026\/01\/preisliste-klassischer-stil-fs-herunterladen.pdf\"><h6>Preisliste Klassischer Stil FS \u00f6ffnen<\/h6><\/a>\t\t<\/div>\n\t\t\t\t<\/div>\n\t\t\t\t\t<\/div>\n\t\t<\/div>\n\t\t\t\t<div class=\"elementor-column elementor-col-25 elementor-top-column elementor-element elementor-element-b720532\" data-id=\"b720532\" data-element_type=\"column\">\n\t\t\t<div class=\"elementor-widget-wrap elementor-element-populated\">\n\t\t\t\t\t\t<div class=\"elementor-element elementor-element-0bcbe06 elementor-widget elementor-widget-html\" data-id=\"0bcbe06\" data-element_type=\"widget\" data-widget_type=\"html.default\">\n\t\t\t\t<div class=\"elementor-widget-container\">\n\t\t\t<a href=\"https:\/\/www.czechdoor.cz\/wp-content\/uploads\/2026\/01\/preisliste-zargezuschlage-herunterladen.pdf\" ><h6>Preisliste Zarge+Zuschlage \u00f6ffnen <\/h6><\/a>\t\t<\/div>\n\t\t\t\t<\/div>\n\t\t\t\t\t<\/div>\n\t\t<\/div>\n\t\t\t\t<div class=\"elementor-column elementor-col-25 elementor-top-column elementor-element elementor-element-f13733f\" data-id=\"f13733f\" data-element_type=\"column\">\n\t\t\t<div class=\"elementor-widget-wrap elementor-element-populated\">\n\t\t\t\t\t\t<div class=\"elementor-element elementor-element-2f2b256 elementor-widget elementor-widget-html\" data-id=\"2f2b256\" data-element_type=\"widget\" data-widget_type=\"html.default\">\n\t\t\t\t<div class=\"elementor-widget-container\">\n\t\t\t<a href=\"https:\/\/www.czechdoor.cz\/wp-content\/uploads\/2026\/01\/preisliste-laura-g-dtd-herunterladen.pdf\" ><h6>Preisliste Laura G-DTD-AIRMAXX \u00f6ffnen<\/h6><\/a>\t\t<\/div>\n\t\t\t\t<\/div>\n\t\t\t\t\t<\/div>\n\t\t<\/div>\n\t\t\t\t<div class=\"elementor-column elementor-col-25 elementor-top-column elementor-element elementor-element-a4401f3\" data-id=\"a4401f3\" data-element_type=\"column\">\n\t\t\t<div class=\"elementor-widget-wrap\">\n\t\t\t\t\t\t\t<\/div>\n\t\t<\/div>\n\t\t\t\t\t<\/div>\n\t\t<\/section>\n\t\t\t\t<section class=\"elementor-section elementor-top-section elementor-element elementor-element-824b93f elementor-section-boxed elementor-section-height-default elementor-section-height-default\" data-id=\"824b93f\" data-element_type=\"section\">\n\t\t\t\t\t\t<div class=\"elementor-container elementor-column-gap-default\">\n\t\t\t\t\t<div class=\"elementor-column elementor-col-25 elementor-top-column elementor-element elementor-element-befa68b\" data-id=\"befa68b\" data-element_type=\"column\">\n\t\t\t<div class=\"elementor-widget-wrap\">\n\t\t\t\t\t\t\t<\/div>\n\t\t<\/div>\n\t\t\t\t<div class=\"elementor-column elementor-col-25 elementor-top-column elementor-element elementor-element-e73578a\" data-id=\"e73578a\" data-element_type=\"column\">\n\t\t\t<div class=\"elementor-widget-wrap\">\n\t\t\t\t\t\t\t<\/div>\n\t\t<\/div>\n\t\t\t\t<div class=\"elementor-column elementor-col-25 elementor-top-column elementor-element elementor-element-84523e2\" data-id=\"84523e2\" data-element_type=\"column\">\n\t\t\t<div class=\"elementor-widget-wrap\">\n\t\t\t\t\t\t\t<\/div>\n\t\t<\/div>\n\t\t\t\t<div class=\"elementor-column elementor-col-25 elementor-top-column elementor-element elementor-element-57eb14f\" data-id=\"57eb14f\" data-element_type=\"column\">\n\t\t\t<div class=\"elementor-widget-wrap\">\n\t\t\t\t\t\t\t<\/div>\n\t\t<\/div>\n\t\t\t\t\t<\/div>\n\t\t<\/section>\n\t\t\t\t<\/div>\n\t\t","protected":false},"excerpt":{"rendered":"<p>Preise Preisliste herunterladen Preisliste Modern F, FR \u00f6ffnen Preisliste Provence FG, \u00f6ffnen Preisliste Eleganz \u00f6ffnen Preisliste Luxus G-masiv \u00f6ffnen Preisliste Klassischer Stil FS \u00f6ffnen Preisliste Zarge+Zuschlage \u00f6ffnen Preisliste Laura G-DTD-AIRMAXX \u00f6ffnen<\/p>\n","protected":false},"author":1,"featured_media":0,"parent":0,"menu_order":0,"comment_status":"closed","ping_status":"closed","template":"","meta":{"footnotes":""},"class_list":["post-131994","page","type-page","status-publish","hentry"],"yoast_head":"<!-- This site is optimized with the Yoast SEO plugin v23.4 - https:\/\/yoast.com\/wordpress\/plugins\/seo\/ -->\n<title>Preise - Innent\u00fcren aus Massivholz<\/title>\n<meta name=\"robots\" content=\"index, follow, max-snippet:-1, max-image-preview:large, max-video-preview:-1\" \/>\n<link rel=\"canonical\" href=\"https:\/\/www.czechdoor.cz\/de\/preise\/\" \/>\n<meta property=\"og:locale\" content=\"de_DE\" \/>\n<meta property=\"og:type\" content=\"article\" \/>\n<meta property=\"og:title\" content=\"Preise - Innent\u00fcren aus Massivholz\" \/>\n<meta property=\"og:description\" content=\"Preise Preisliste herunterladen Preisliste Modern F, FR \u00f6ffnen Preisliste Provence FG, \u00f6ffnen Preisliste Eleganz \u00f6ffnen Preisliste Luxus G-masiv \u00f6ffnen Preisliste Klassischer Stil FS \u00f6ffnen Preisliste Zarge+Zuschlage \u00f6ffnen Preisliste Laura G-DTD-AIRMAXX \u00f6ffnen\" \/>\n<meta property=\"og:url\" content=\"https:\/\/www.czechdoor.cz\/de\/preise\/\" \/>\n<meta property=\"og:site_name\" content=\"Innent\u00fcren aus Massivholz\" \/>\n<meta property=\"article:modified_time\" content=\"2026-01-07T07:15:29+00:00\" \/>\n<meta name=\"twitter:card\" content=\"summary_large_image\" \/>\n<meta name=\"twitter:label1\" content=\"Gesch\u00e4tzte Lesezeit\" \/>\n\t<meta name=\"twitter:data1\" content=\"1\u00a0Minute\" \/>\n<script type=\"application\/ld+json\" class=\"yoast-schema-graph\">{\"@context\":\"https:\/\/schema.org\",\"@graph\":[{\"@type\":\"WebPage\",\"@id\":\"https:\/\/www.czechdoor.cz\/de\/preise\/\",\"url\":\"https:\/\/www.czechdoor.cz\/de\/preise\/\",\"name\":\"Preise - Innent\u00fcren aus Massivholz\",\"isPartOf\":{\"@id\":\"https:\/\/www.czechdoor.cz\/cs\/#website\"},\"datePublished\":\"2022-11-07T14:46:00+00:00\",\"dateModified\":\"2026-01-07T07:15:29+00:00\",\"breadcrumb\":{\"@id\":\"https:\/\/www.czechdoor.cz\/de\/preise\/#breadcrumb\"},\"inLanguage\":\"de\",\"potentialAction\":[{\"@type\":\"ReadAction\",\"target\":[\"https:\/\/www.czechdoor.cz\/de\/preise\/\"]}]},{\"@type\":\"BreadcrumbList\",\"@id\":\"https:\/\/www.czechdoor.cz\/de\/preise\/#breadcrumb\",\"itemListElement\":[{\"@type\":\"ListItem\",\"position\":1,\"name\":\"\u0413\u043b\u0430\u0432\u043d\u0430\u044f \u0441\u0442\u0440\u0430\u043d\u0438\u0446\u0430\",\"item\":\"https:\/\/www.czechdoor.cz\/de\/\"},{\"@type\":\"ListItem\",\"position\":2,\"name\":\"Preise\"}]},{\"@type\":\"WebSite\",\"@id\":\"https:\/\/www.czechdoor.cz\/cs\/#website\",\"url\":\"https:\/\/www.czechdoor.cz\/cs\/\",\"name\":\"Innent\u00fcren aus Massivholz\",\"description\":\"Seit 28 Jahren stellt unser Betrieb T\u00fcren und Zargen aus Massivholz her.\",\"publisher\":{\"@id\":\"https:\/\/www.czechdoor.cz\/cs\/#organization\"},\"potentialAction\":[{\"@type\":\"SearchAction\",\"target\":{\"@type\":\"EntryPoint\",\"urlTemplate\":\"https:\/\/www.czechdoor.cz\/cs\/?s={search_term_string}\"},\"query-input\":{\"@type\":\"PropertyValueSpecification\",\"valueRequired\":true,\"valueName\":\"search_term_string\"}}],\"inLanguage\":\"de\"},{\"@type\":\"Organization\",\"@id\":\"https:\/\/www.czechdoor.cz\/cs\/#organization\",\"name\":\"CzechDoor. Interi\u00e9rov\u00e9 dve\u0159e z masivu\",\"url\":\"https:\/\/www.czechdoor.cz\/cs\/\",\"logo\":{\"@type\":\"ImageObject\",\"inLanguage\":\"de\",\"@id\":\"https:\/\/www.czechdoor.cz\/cs\/#\/schema\/logo\/image\/\",\"url\":\"http:\/\/www.czechdoor.cz\/wp-content\/uploads\/logo-czechdoor-ru.png\",\"contentUrl\":\"http:\/\/www.czechdoor.cz\/wp-content\/uploads\/logo-czechdoor-ru.png\",\"width\":550,\"height\":162,\"caption\":\"CzechDoor. Interi\u00e9rov\u00e9 dve\u0159e z masivu\"},\"image\":{\"@id\":\"https:\/\/www.czechdoor.cz\/cs\/#\/schema\/logo\/image\/\"}}]}<\/script>\n<!-- \/ Yoast SEO plugin. -->","yoast_head_json":{"title":"Preise - Innent\u00fcren aus Massivholz","robots":{"index":"index","follow":"follow","max-snippet":"max-snippet:-1","max-image-preview":"max-image-preview:large","max-video-preview":"max-video-preview:-1"},"canonical":"https:\/\/www.czechdoor.cz\/de\/preise\/","og_locale":"de_DE","og_type":"article","og_title":"Preise - Innent\u00fcren aus Massivholz","og_description":"Preise Preisliste herunterladen Preisliste Modern F, FR \u00f6ffnen Preisliste Provence FG, \u00f6ffnen Preisliste Eleganz \u00f6ffnen Preisliste Luxus G-masiv \u00f6ffnen Preisliste Klassischer Stil FS \u00f6ffnen Preisliste Zarge+Zuschlage \u00f6ffnen Preisliste Laura G-DTD-AIRMAXX \u00f6ffnen","og_url":"https:\/\/www.czechdoor.cz\/de\/preise\/","og_site_name":"Innent\u00fcren aus Massivholz","article_modified_time":"2026-01-07T07:15:29+00:00","twitter_card":"summary_large_image","twitter_misc":{"Gesch\u00e4tzte Lesezeit":"1\u00a0Minute"},"schema":{"@context":"https:\/\/schema.org","@graph":[{"@type":"WebPage","@id":"https:\/\/www.czechdoor.cz\/de\/preise\/","url":"https:\/\/www.czechdoor.cz\/de\/preise\/","name":"Preise - Innent\u00fcren aus Massivholz","isPartOf":{"@id":"https:\/\/www.czechdoor.cz\/cs\/#website"},"datePublished":"2022-11-07T14:46:00+00:00","dateModified":"2026-01-07T07:15:29+00:00","breadcrumb":{"@id":"https:\/\/www.czechdoor.cz\/de\/preise\/#breadcrumb"},"inLanguage":"de","potentialAction":[{"@type":"ReadAction","target":["https:\/\/www.czechdoor.cz\/de\/preise\/"]}]},{"@type":"BreadcrumbList","@id":"https:\/\/www.czechdoor.cz\/de\/preise\/#breadcrumb","itemListElement":[{"@type":"ListItem","position":1,"name":"\u0413\u043b\u0430\u0432\u043d\u0430\u044f \u0441\u0442\u0440\u0430\u043d\u0438\u0446\u0430","item":"https:\/\/www.czechdoor.cz\/de\/"},{"@type":"ListItem","position":2,"name":"Preise"}]},{"@type":"WebSite","@id":"https:\/\/www.czechdoor.cz\/cs\/#website","url":"https:\/\/www.czechdoor.cz\/cs\/","name":"Innent\u00fcren aus Massivholz","description":"Seit 28 Jahren stellt unser Betrieb T\u00fcren und Zargen aus Massivholz her.","publisher":{"@id":"https:\/\/www.czechdoor.cz\/cs\/#organization"},"potentialAction":[{"@type":"SearchAction","target":{"@type":"EntryPoint","urlTemplate":"https:\/\/www.czechdoor.cz\/cs\/?s={search_term_string}"},"query-input":{"@type":"PropertyValueSpecification","valueRequired":true,"valueName":"search_term_string"}}],"inLanguage":"de"},{"@type":"Organization","@id":"https:\/\/www.czechdoor.cz\/cs\/#organization","name":"CzechDoor. Interi\u00e9rov\u00e9 dve\u0159e z masivu","url":"https:\/\/www.czechdoor.cz\/cs\/","logo":{"@type":"ImageObject","inLanguage":"de","@id":"https:\/\/www.czechdoor.cz\/cs\/#\/schema\/logo\/image\/","url":"http:\/\/www.czechdoor.cz\/wp-content\/uploads\/logo-czechdoor-ru.png","contentUrl":"http:\/\/www.czechdoor.cz\/wp-content\/uploads\/logo-czechdoor-ru.png","width":550,"height":162,"caption":"CzechDoor. Interi\u00e9rov\u00e9 dve\u0159e z masivu"},"image":{"@id":"https:\/\/www.czechdoor.cz\/cs\/#\/schema\/logo\/image\/"}}]}},"_links":{"self":[{"href":"http:\/\/www.czechdoor.cz\/de\/wp-json\/wp\/v2\/pages\/131994","targetHints":{"allow":["GET"]}}],"collection":[{"href":"http:\/\/www.czechdoor.cz\/de\/wp-json\/wp\/v2\/pages"}],"about":[{"href":"http:\/\/www.czechdoor.cz\/de\/wp-json\/wp\/v2\/types\/page"}],"author":[{"embeddable":true,"href":"http:\/\/www.czechdoor.cz\/de\/wp-json\/wp\/v2\/users\/1"}],"replies":[{"embeddable":true,"href":"http:\/\/www.czechdoor.cz\/de\/wp-json\/wp\/v2\/comments?post=131994"}],"version-history":[{"count":112,"href":"http:\/\/www.czechdoor.cz\/de\/wp-json\/wp\/v2\/pages\/131994\/revisions"}],"predecessor-version":[{"id":133542,"href":"http:\/\/www.czechdoor.cz\/de\/wp-json\/wp\/v2\/pages\/131994\/revisions\/133542"}],"wp:attachment":[{"href":"http:\/\/www.czechdoor.cz\/de\/wp-json\/wp\/v2\/media?parent=131994"}],"curies":[{"name":"wp","href":"https:\/\/api.w.org\/{rel}","templated":true}]}}