{"id":117242,"date":"2019-09-11T08:37:08","date_gmt":"2019-09-11T08:37:08","guid":{"rendered":"https:\/\/www.czechdoor.cz\/product\/f4-70-la4\/"},"modified":"2019-09-11T08:37:08","modified_gmt":"2019-09-11T08:37:08","slug":"f4-70-la4","status":"publish","type":"product","link":"http:\/\/www.czechdoor.cz\/cs\/product\/f4-70-la4\/","title":{"rendered":"F4-70-LA4"},"content":{"rendered":"<p>F4-70-LA4<\/p>\n","protected":false},"excerpt":{"rendered":"<p>F4-70-LA4<\/p>\n","protected":false},"featured_media":117243,"comment_status":"open","ping_status":"closed","template":"","meta":[],"product_cat":[76],"product_tag":[],"class_list":{"0":"post-117242","1":"product","2":"type-product","3":"status-publish","4":"has-post-thumbnail","6":"product_cat-f-and-fr-glass-big","8":"first","9":"instock","10":"shipping-taxable","11":"product-type-variable"},"yoast_head":"<!-- This site is optimized with the Yoast SEO plugin v23.4 - https:\/\/yoast.com\/wordpress\/plugins\/seo\/ -->\n<title>F4-70-LA4 - Interi\u00e9rov\u00e9 dve\u0159e z masivu<\/title>\n<meta name=\"robots\" content=\"index, follow, max-snippet:-1, max-image-preview:large, max-video-preview:-1\" \/>\n<link rel=\"canonical\" href=\"https:\/\/www.czechdoor.cz\/ru\/product\/f4-70-la4\/\" \/>\n<meta property=\"og:locale\" content=\"cs_CZ\" \/>\n<meta property=\"og:type\" content=\"article\" \/>\n<meta property=\"og:title\" content=\"F4-70-LA4 - Interi\u00e9rov\u00e9 dve\u0159e z masivu\" \/>\n<meta property=\"og:description\" content=\"F4-70-LA4\" \/>\n<meta property=\"og:url\" content=\"https:\/\/www.czechdoor.cz\/ru\/product\/f4-70-la4\/\" \/>\n<meta property=\"og:site_name\" content=\"Interi\u00e9rov\u00e9 dve\u0159e z masivu\" \/>\n<meta property=\"og:image\" content=\"https:\/\/www.czechdoor.cz\/wp-content\/uploads\/F4-70-LA4_BS_1.jpg\" \/>\n\t<meta property=\"og:image:width\" content=\"400\" \/>\n\t<meta property=\"og:image:height\" content=\"800\" \/>\n\t<meta property=\"og:image:type\" content=\"image\/jpeg\" \/>\n<meta name=\"twitter:card\" content=\"summary_large_image\" \/>\n<script type=\"application\/ld+json\" class=\"yoast-schema-graph\">{\"@context\":\"https:\/\/schema.org\",\"@graph\":[{\"@type\":\"WebPage\",\"@id\":\"https:\/\/www.czechdoor.cz\/ru\/product\/f4-70-la4\/\",\"url\":\"https:\/\/www.czechdoor.cz\/ru\/product\/f4-70-la4\/\",\"name\":\"F4-70-LA4 - Interi\u00e9rov\u00e9 dve\u0159e z masivu\",\"isPartOf\":{\"@id\":\"http:\/\/www.czechdoor.cz\/cs\/#website\"},\"primaryImageOfPage\":{\"@id\":\"https:\/\/www.czechdoor.cz\/ru\/product\/f4-70-la4\/#primaryimage\"},\"image\":{\"@id\":\"https:\/\/www.czechdoor.cz\/ru\/product\/f4-70-la4\/#primaryimage\"},\"thumbnailUrl\":\"http:\/\/www.czechdoor.cz\/wp-content\/uploads\/F4-70-LA4_BS_1.jpg\",\"datePublished\":\"2019-09-11T08:37:08+00:00\",\"dateModified\":\"2019-09-11T08:37:08+00:00\",\"breadcrumb\":{\"@id\":\"https:\/\/www.czechdoor.cz\/ru\/product\/f4-70-la4\/#breadcrumb\"},\"inLanguage\":\"cs\",\"potentialAction\":[{\"@type\":\"ReadAction\",\"target\":[\"https:\/\/www.czechdoor.cz\/ru\/product\/f4-70-la4\/\"]}]},{\"@type\":\"ImageObject\",\"inLanguage\":\"cs\",\"@id\":\"https:\/\/www.czechdoor.cz\/ru\/product\/f4-70-la4\/#primaryimage\",\"url\":\"http:\/\/www.czechdoor.cz\/wp-content\/uploads\/F4-70-LA4_BS_1.jpg\",\"contentUrl\":\"http:\/\/www.czechdoor.cz\/wp-content\/uploads\/F4-70-LA4_BS_1.jpg\",\"width\":400,\"height\":800},{\"@type\":\"BreadcrumbList\",\"@id\":\"https:\/\/www.czechdoor.cz\/ru\/product\/f4-70-la4\/#breadcrumb\",\"itemListElement\":[{\"@type\":\"ListItem\",\"position\":1,\"name\":\"\u0413\u043b\u0430\u0432\u043d\u0430\u044f \u0441\u0442\u0440\u0430\u043d\u0438\u0446\u0430\",\"item\":\"http:\/\/www.czechdoor.cz\/cs\/\"},{\"@type\":\"ListItem\",\"position\":2,\"name\":\"\u0422\u043e\u0432\u0430\u0440\u044b\",\"item\":\"https:\/\/www.czechdoor.cz\/ru\/shop\/\"},{\"@type\":\"ListItem\",\"position\":3,\"name\":\"F4-70-LA4\"}]},{\"@type\":\"WebSite\",\"@id\":\"http:\/\/www.czechdoor.cz\/cs\/#website\",\"url\":\"http:\/\/www.czechdoor.cz\/cs\/\",\"name\":\"Interi\u00e9rov\u00e9 dve\u0159e z masivu\",\"description\":\"Kvalitn\u00ed dve\u0159e a z\u00e1rubn\u011b z masivu, interierov\u00e9 a vchodov\u00e9 dve\u0159e - Czech Door a.s.\",\"publisher\":{\"@id\":\"http:\/\/www.czechdoor.cz\/cs\/#organization\"},\"potentialAction\":[{\"@type\":\"SearchAction\",\"target\":{\"@type\":\"EntryPoint\",\"urlTemplate\":\"http:\/\/www.czechdoor.cz\/cs\/?s={search_term_string}\"},\"query-input\":{\"@type\":\"PropertyValueSpecification\",\"valueRequired\":true,\"valueName\":\"search_term_string\"}}],\"inLanguage\":\"cs\"},{\"@type\":\"Organization\",\"@id\":\"http:\/\/www.czechdoor.cz\/cs\/#organization\",\"name\":\"CzechDoor. Interi\u00e9rov\u00e9 dve\u0159e z masivu\",\"url\":\"http:\/\/www.czechdoor.cz\/cs\/\",\"logo\":{\"@type\":\"ImageObject\",\"inLanguage\":\"cs\",\"@id\":\"http:\/\/www.czechdoor.cz\/cs\/#\/schema\/logo\/image\/\",\"url\":\"http:\/\/www.czechdoor.cz\/wp-content\/uploads\/logo-czechdoor-ru.png\",\"contentUrl\":\"http:\/\/www.czechdoor.cz\/wp-content\/uploads\/logo-czechdoor-ru.png\",\"width\":550,\"height\":162,\"caption\":\"CzechDoor. Interi\u00e9rov\u00e9 dve\u0159e z masivu\"},\"image\":{\"@id\":\"http:\/\/www.czechdoor.cz\/cs\/#\/schema\/logo\/image\/\"}}]}<\/script>\n<!-- \/ Yoast SEO plugin. -->","yoast_head_json":{"title":"F4-70-LA4 - Interi\u00e9rov\u00e9 dve\u0159e z masivu","robots":{"index":"index","follow":"follow","max-snippet":"max-snippet:-1","max-image-preview":"max-image-preview:large","max-video-preview":"max-video-preview:-1"},"canonical":"https:\/\/www.czechdoor.cz\/ru\/product\/f4-70-la4\/","og_locale":"cs_CZ","og_type":"article","og_title":"F4-70-LA4 - Interi\u00e9rov\u00e9 dve\u0159e z masivu","og_description":"F4-70-LA4","og_url":"https:\/\/www.czechdoor.cz\/ru\/product\/f4-70-la4\/","og_site_name":"Interi\u00e9rov\u00e9 dve\u0159e z masivu","og_image":[{"width":400,"height":800,"url":"https:\/\/www.czechdoor.cz\/wp-content\/uploads\/F4-70-LA4_BS_1.jpg","type":"image\/jpeg"}],"twitter_card":"summary_large_image","schema":{"@context":"https:\/\/schema.org","@graph":[{"@type":"WebPage","@id":"https:\/\/www.czechdoor.cz\/ru\/product\/f4-70-la4\/","url":"https:\/\/www.czechdoor.cz\/ru\/product\/f4-70-la4\/","name":"F4-70-LA4 - Interi\u00e9rov\u00e9 dve\u0159e z masivu","isPartOf":{"@id":"http:\/\/www.czechdoor.cz\/cs\/#website"},"primaryImageOfPage":{"@id":"https:\/\/www.czechdoor.cz\/ru\/product\/f4-70-la4\/#primaryimage"},"image":{"@id":"https:\/\/www.czechdoor.cz\/ru\/product\/f4-70-la4\/#primaryimage"},"thumbnailUrl":"http:\/\/www.czechdoor.cz\/wp-content\/uploads\/F4-70-LA4_BS_1.jpg","datePublished":"2019-09-11T08:37:08+00:00","dateModified":"2019-09-11T08:37:08+00:00","breadcrumb":{"@id":"https:\/\/www.czechdoor.cz\/ru\/product\/f4-70-la4\/#breadcrumb"},"inLanguage":"cs","potentialAction":[{"@type":"ReadAction","target":["https:\/\/www.czechdoor.cz\/ru\/product\/f4-70-la4\/"]}]},{"@type":"ImageObject","inLanguage":"cs","@id":"https:\/\/www.czechdoor.cz\/ru\/product\/f4-70-la4\/#primaryimage","url":"http:\/\/www.czechdoor.cz\/wp-content\/uploads\/F4-70-LA4_BS_1.jpg","contentUrl":"http:\/\/www.czechdoor.cz\/wp-content\/uploads\/F4-70-LA4_BS_1.jpg","width":400,"height":800},{"@type":"BreadcrumbList","@id":"https:\/\/www.czechdoor.cz\/ru\/product\/f4-70-la4\/#breadcrumb","itemListElement":[{"@type":"ListItem","position":1,"name":"\u0413\u043b\u0430\u0432\u043d\u0430\u044f \u0441\u0442\u0440\u0430\u043d\u0438\u0446\u0430","item":"http:\/\/www.czechdoor.cz\/cs\/"},{"@type":"ListItem","position":2,"name":"\u0422\u043e\u0432\u0430\u0440\u044b","item":"https:\/\/www.czechdoor.cz\/ru\/shop\/"},{"@type":"ListItem","position":3,"name":"F4-70-LA4"}]},{"@type":"WebSite","@id":"http:\/\/www.czechdoor.cz\/cs\/#website","url":"http:\/\/www.czechdoor.cz\/cs\/","name":"Interi\u00e9rov\u00e9 dve\u0159e z masivu","description":"Kvalitn\u00ed dve\u0159e a z\u00e1rubn\u011b z masivu, interierov\u00e9 a vchodov\u00e9 dve\u0159e - Czech Door a.s.","publisher":{"@id":"http:\/\/www.czechdoor.cz\/cs\/#organization"},"potentialAction":[{"@type":"SearchAction","target":{"@type":"EntryPoint","urlTemplate":"http:\/\/www.czechdoor.cz\/cs\/?s={search_term_string}"},"query-input":{"@type":"PropertyValueSpecification","valueRequired":true,"valueName":"search_term_string"}}],"inLanguage":"cs"},{"@type":"Organization","@id":"http:\/\/www.czechdoor.cz\/cs\/#organization","name":"CzechDoor. Interi\u00e9rov\u00e9 dve\u0159e z masivu","url":"http:\/\/www.czechdoor.cz\/cs\/","logo":{"@type":"ImageObject","inLanguage":"cs","@id":"http:\/\/www.czechdoor.cz\/cs\/#\/schema\/logo\/image\/","url":"http:\/\/www.czechdoor.cz\/wp-content\/uploads\/logo-czechdoor-ru.png","contentUrl":"http:\/\/www.czechdoor.cz\/wp-content\/uploads\/logo-czechdoor-ru.png","width":550,"height":162,"caption":"CzechDoor. Interi\u00e9rov\u00e9 dve\u0159e z masivu"},"image":{"@id":"http:\/\/www.czechdoor.cz\/cs\/#\/schema\/logo\/image\/"}}]}},"_links":{"self":[{"href":"http:\/\/www.czechdoor.cz\/cs\/wp-json\/wp\/v2\/product\/117242","targetHints":{"allow":["GET"]}}],"collection":[{"href":"http:\/\/www.czechdoor.cz\/cs\/wp-json\/wp\/v2\/product"}],"about":[{"href":"http:\/\/www.czechdoor.cz\/cs\/wp-json\/wp\/v2\/types\/product"}],"replies":[{"embeddable":true,"href":"http:\/\/www.czechdoor.cz\/cs\/wp-json\/wp\/v2\/comments?post=117242"}],"wp:featuredmedia":[{"embeddable":true,"href":"http:\/\/www.czechdoor.cz\/cs\/wp-json\/wp\/v2\/media\/117243"}],"wp:attachment":[{"href":"http:\/\/www.czechdoor.cz\/cs\/wp-json\/wp\/v2\/media?parent=117242"}],"wp:term":[{"taxonomy":"product_cat","embeddable":true,"href":"http:\/\/www.czechdoor.cz\/cs\/wp-json\/wp\/v2\/product_cat?post=117242"},{"taxonomy":"product_tag","embeddable":true,"href":"http:\/\/www.czechdoor.cz\/cs\/wp-json\/wp\/v2\/product_tag?post=117242"}],"curies":[{"name":"wp","href":"https:\/\/api.w.org\/{rel}","templated":true}]}}